{"id":127059,"date":"2020-03-16T13:01:58","date_gmt":"2020-03-16T12:01:58","guid":{"rendered":"https:\/\/lediamant.ch\/produit\/uhren-de\/aerowatch-de\/a1942-de\/aerowatch-1942-lady-midsize-in-leder-weiss\/"},"modified":"2020-03-16T13:01:58","modified_gmt":"2020-03-16T12:01:58","slug":"aerowatch-1942-lady-midsize-in-leder-weiss","status":"publish","type":"product","link":"https:\/\/lediamant.ch\/de\/uhren\/127059-aerowatch-1942-lady-midsize-in-leder-weiss\/","title":{"rendered":"Aerowatch 1942 Lady Midsize in Leder weiss"},"content":{"rendered":"<p class=\"h5 text-uppercase\">Geh\u00e4use Edelstahl Geh\u00e4use, Saphirglas. Zifferblatt Versilbert, in der Mitte guillochiert, 12 schwarze r\u00f6mische Ziffern. Uhrwerk Swiss Quarz, Stunden, Minuten, Sekunden und Datum bei 6 Uhr. Armband Wei\u00dfes Leder, 17.00 mm, Dornschlie\u00dfe.<\/p>\n","protected":false},"excerpt":{"rendered":"<p>Geh\u00e4use Edelstahl Geh\u00e4use, Saphirglas. Zifferblatt Versilbert, in der Mitte guillochiert, 12 schwarze r\u00f6mische Ziffern. Uhrwerk Swiss Quarz, Stunden, Minuten, Sekunden und Datum bei 6 Uhr. Armband Wei\u00dfes Leder, 17.00 mm, Dornschlie\u00dfe.<\/p>\n","protected":false},"featured_media":127054,"template":"","meta":{"_acf_changed":false,"_seopress_robots_primary_cat":"","_seopress_titles_title":"","_seopress_titles_desc":"","_seopress_robots_index":""},"brand":[27081],"product_brand":[],"product_cat":[27241,27167,27123],"product_tag":[],"class_list":{"0":"post-127059","1":"product","2":"type-product","3":"status-publish","4":"has-post-thumbnail","6":"brand-aerowatch-de","7":"product_cat-1942-de","8":"product_cat-aerowatch-de","9":"product_cat-uhren","10":"pa_couleurduboitier-grau-de","11":"pa_couleurdubracelet-weiss-de","12":"pa_couleurducadran-silber","13":"pa_etancheite-50m-de","14":"pa_forme-runden","15":"pa_garantie-24monate","16":"pa_genre-frau","17":"pa_matiere-stahl","18":"pa_matierebraceletmontre-leder","19":"pa_mouvement-quarzbatterie-de","20":"pa_swissmade-ja-de","21":"pa_verre-saphir-de","22":"sales-flash-overlay","23":"woocommerce-text-align-center","24":"woocommerce-image-align-center","25":"do-quantity-buttons","27":"first","28":"instock","29":"taxable","30":"shipping-taxable","31":"purchasable","32":"product-type-simple"},"acf":[],"_links":{"self":[{"href":"https:\/\/lediamant.ch\/de\/wp-json\/wp\/v2\/product\/127059","targetHints":{"allow":["GET"]}}],"collection":[{"href":"https:\/\/lediamant.ch\/de\/wp-json\/wp\/v2\/product"}],"about":[{"href":"https:\/\/lediamant.ch\/de\/wp-json\/wp\/v2\/types\/product"}],"wp:featuredmedia":[{"embeddable":true,"href":"https:\/\/lediamant.ch\/de\/wp-json\/wp\/v2\/media\/127054"}],"wp:attachment":[{"href":"https:\/\/lediamant.ch\/de\/wp-json\/wp\/v2\/media?parent=127059"}],"wp:term":[{"taxonomy":"brand","embeddable":true,"href":"https:\/\/lediamant.ch\/de\/wp-json\/wp\/v2\/brand?post=127059"},{"taxonomy":"product_brand","embeddable":true,"href":"https:\/\/lediamant.ch\/de\/wp-json\/wp\/v2\/product_brand?post=127059"},{"taxonomy":"product_cat","embeddable":true,"href":"https:\/\/lediamant.ch\/de\/wp-json\/wp\/v2\/product_cat?post=127059"},{"taxonomy":"product_tag","embeddable":true,"href":"https:\/\/lediamant.ch\/de\/wp-json\/wp\/v2\/product_tag?post=127059"}],"curies":[{"name":"wp","href":"https:\/\/api.w.org\/{rel}","templated":true}]}}