{"id":127091,"date":"2020-03-16T13:02:22","date_gmt":"2020-03-16T12:02:22","guid":{"rendered":"https:\/\/lediamant.ch\/produit\/uhren-de\/aerowatch-de\/a1942-de\/aerowatch-1942-lady-butterfly-leder-weiss\/"},"modified":"2020-03-16T13:02:22","modified_gmt":"2020-03-16T12:02:22","slug":"aerowatch-1942-lady-butterfly-leder-weiss","status":"publish","type":"product","link":"https:\/\/lediamant.ch\/de\/uhren\/127091-aerowatch-1942-lady-butterfly-leder-weiss\/","title":{"rendered":"Aerowatch 1942 Lady Butterfly Leder wei\u00df"},"content":{"rendered":"<p class=\"h5 text-uppercase\">Geh\u00e4use Edelstahl Geh\u00e4use, Saphirglas. Zifferblatt Wei\u00df mit 5 Schmetterlingen und arabischen Ziffern. Uhrwerk Swiss Quarz, alle Stunden wechseln die Schmetterlinge ihre Farbe, Stunden, Minuten und das Datum um 6 Uhr. Armband Wei\u00dfes Leder, 17.00 mm, Dornschlie\u00dfe.<\/p>\n","protected":false},"excerpt":{"rendered":"<p>Geh\u00e4use Edelstahl Geh\u00e4use, Saphirglas. Zifferblatt Wei\u00df mit 5 Schmetterlingen und arabischen Ziffern. Uhrwerk Swiss Quarz, alle Stunden wechseln die Schmetterlinge ihre Farbe, Stunden, Minuten und das Datum um 6 Uhr. Armband Wei\u00dfes Leder, 17.00 mm, Dornschlie\u00dfe.<\/p>\n","protected":false},"featured_media":127084,"template":"","meta":{"_acf_changed":false,"_seopress_robots_primary_cat":"","_seopress_titles_title":"","_seopress_titles_desc":"","_seopress_robots_index":""},"brand":[27081],"product_brand":[],"product_cat":[27241,27167,27251,27125,27123,27153],"product_tag":[],"class_list":{"0":"post-127091","1":"product","2":"type-product","3":"status-publish","4":"has-post-thumbnail","6":"brand-aerowatch-de","7":"product_cat-1942-de","8":"product_cat-aerowatch-de","9":"product_cat-auswahl-fuer-sie-de","10":"product_cat-geschenkideen","11":"product_cat-uhren","12":"product_cat-valentinstag-de","13":"pa_couleurduboitier-grau-de","14":"pa_couleurdubracelet-weiss-de","15":"pa_couleurducadran-weiss","16":"pa_etancheite-50m-de","17":"pa_forme-runden","18":"pa_garantie-24monate","19":"pa_genre-frau","20":"pa_matiere-stahl","21":"pa_matierebraceletmontre-leder","22":"pa_mouvement-quarzbatterie-de","23":"pa_swissmade-ja-de","24":"sales-flash-overlay","25":"woocommerce-text-align-center","26":"woocommerce-image-align-center","27":"do-quantity-buttons","29":"first","30":"instock","31":"taxable","32":"shipping-taxable","33":"purchasable","34":"product-type-simple"},"acf":[],"_links":{"self":[{"href":"https:\/\/lediamant.ch\/de\/wp-json\/wp\/v2\/product\/127091","targetHints":{"allow":["GET"]}}],"collection":[{"href":"https:\/\/lediamant.ch\/de\/wp-json\/wp\/v2\/product"}],"about":[{"href":"https:\/\/lediamant.ch\/de\/wp-json\/wp\/v2\/types\/product"}],"wp:featuredmedia":[{"embeddable":true,"href":"https:\/\/lediamant.ch\/de\/wp-json\/wp\/v2\/media\/127084"}],"wp:attachment":[{"href":"https:\/\/lediamant.ch\/de\/wp-json\/wp\/v2\/media?parent=127091"}],"wp:term":[{"taxonomy":"brand","embeddable":true,"href":"https:\/\/lediamant.ch\/de\/wp-json\/wp\/v2\/brand?post=127091"},{"taxonomy":"product_brand","embeddable":true,"href":"https:\/\/lediamant.ch\/de\/wp-json\/wp\/v2\/product_brand?post=127091"},{"taxonomy":"product_cat","embeddable":true,"href":"https:\/\/lediamant.ch\/de\/wp-json\/wp\/v2\/product_cat?post=127091"},{"taxonomy":"product_tag","embeddable":true,"href":"https:\/\/lediamant.ch\/de\/wp-json\/wp\/v2\/product_tag?post=127091"}],"curies":[{"name":"wp","href":"https:\/\/api.w.org\/{rel}","templated":true}]}}