{"id":127115,"date":"2020-03-16T13:02:34","date_gmt":"2020-03-16T12:02:34","guid":{"rendered":"https:\/\/lediamant.ch\/produit\/uhren-de\/aerowatch-de\/a1942-de\/aerowatch-1942-lady-butterfly-limited-edition-stahlband\/"},"modified":"2020-03-16T13:02:34","modified_gmt":"2020-03-16T12:02:34","slug":"aerowatch-1942-lady-butterfly-limited-edition-stahlband","status":"publish","type":"product","link":"https:\/\/lediamant.ch\/de\/uhren\/127115-aerowatch-1942-lady-butterfly-limited-edition-stahlband\/","title":{"rendered":"Aerowatch 1942 Lady Butterfly Limited Edition Stahlband"},"content":{"rendered":"<p class=\"h5 text-uppercase\">Geh\u00e4use Edelstahlgeh\u00e4use, Saphirglas, Krone mit malvenfarbenem Stein. Zifferblatt Wei\u00dfes Perlmutt, 1 Diamant 0,009 ct bei 12 Uhr, 1 rhodinierter Schmetterling bei 8 Uhr, 9 Indexe. Uhrwerk Swiss Quarz, alle Stunden wechseln die Schmetterlinge ihre Farbe, Stunden, Minuten und das Datum um 6 Uhr. Armband. Edelstahlband mit Faltschlie\u00dfe.<\/p>\n","protected":false},"excerpt":{"rendered":"<p>Geh\u00e4use Edelstahlgeh\u00e4use, Saphirglas, Krone mit malvenfarbenem Stein. Zifferblatt Wei\u00dfes Perlmutt, 1 Diamant 0,009 ct bei 12 Uhr, 1 rhodinierter Schmetterling bei 8 Uhr, 9 Indexe. Uhrwerk Swiss Quarz, alle Stunden wechseln die Schmetterlinge ihre Farbe, Stunden, Minuten und das Datum um 6 Uhr. Armband. Edelstahlband mit Faltschlie\u00dfe.<\/p>\n","protected":false},"featured_media":127111,"template":"","meta":{"_acf_changed":false,"_seopress_robots_primary_cat":"","_seopress_titles_title":"","_seopress_titles_desc":"","_seopress_robots_index":""},"brand":[27081],"product_brand":[],"product_cat":[27241,27167,27137,27123],"product_tag":[],"class_list":{"0":"post-127115","1":"product","2":"type-product","3":"status-publish","4":"has-post-thumbnail","6":"brand-aerowatch-de","7":"product_cat-1942-de","8":"product_cat-aerowatch-de","9":"product_cat-bracelet-ajustable-de","10":"product_cat-uhren","11":"pa_couleurduboitier-grau-de","12":"pa_couleurducadran-weiss","13":"pa_etancheite-50m-de","14":"pa_forme-runden","15":"pa_garantie-24monate","16":"pa_genre-frau","17":"pa_matiere-stahl","18":"pa_matierebraceletmontre-edelstahl","19":"pa_mouvement-quarzbatterie-de","20":"pa_swissmade-ja-de","21":"sales-flash-overlay","22":"woocommerce-text-align-center","23":"woocommerce-image-align-center","24":"do-quantity-buttons","26":"first","27":"instock","28":"taxable","29":"shipping-taxable","30":"purchasable","31":"product-type-simple"},"acf":[],"_links":{"self":[{"href":"https:\/\/lediamant.ch\/de\/wp-json\/wp\/v2\/product\/127115","targetHints":{"allow":["GET"]}}],"collection":[{"href":"https:\/\/lediamant.ch\/de\/wp-json\/wp\/v2\/product"}],"about":[{"href":"https:\/\/lediamant.ch\/de\/wp-json\/wp\/v2\/types\/product"}],"wp:featuredmedia":[{"embeddable":true,"href":"https:\/\/lediamant.ch\/de\/wp-json\/wp\/v2\/media\/127111"}],"wp:attachment":[{"href":"https:\/\/lediamant.ch\/de\/wp-json\/wp\/v2\/media?parent=127115"}],"wp:term":[{"taxonomy":"brand","embeddable":true,"href":"https:\/\/lediamant.ch\/de\/wp-json\/wp\/v2\/brand?post=127115"},{"taxonomy":"product_brand","embeddable":true,"href":"https:\/\/lediamant.ch\/de\/wp-json\/wp\/v2\/product_brand?post=127115"},{"taxonomy":"product_cat","embeddable":true,"href":"https:\/\/lediamant.ch\/de\/wp-json\/wp\/v2\/product_cat?post=127115"},{"taxonomy":"product_tag","embeddable":true,"href":"https:\/\/lediamant.ch\/de\/wp-json\/wp\/v2\/product_tag?post=127115"}],"curies":[{"name":"wp","href":"https:\/\/api.w.org\/{rel}","templated":true}]}}