{"id":127139,"date":"2020-03-16T13:02:51","date_gmt":"2020-03-16T12:02:51","guid":{"rendered":"https:\/\/lediamant.ch\/produit\/uhren-de\/aerowatch-de\/renaissance-de\/aerowatch-renaissance-lady-skeleton-leder-weiss\/"},"modified":"2025-04-25T15:27:03","modified_gmt":"2025-04-25T13:27:03","slug":"aerowatch-renaissance-lady-skeleton-cuir-blanc","status":"publish","type":"product","link":"https:\/\/lediamant.ch\/de\/uhren\/127139-aerowatch-renaissance-lady-skeleton-weisses-leder-a-57981-aa13\/","title":{"rendered":"Aerowatch Renaissance Lady Skeleton wei\u00dfe"},"content":{"rendered":"<p>Nach dem Erfolg seiner Skelett-Kreationen f\u00fcr Herren bringt Aerowatch nun die Renaissance Skelett-Dame auf den Markt, eine Uhr, die ausschlie\u00dflich den Frauen gewidmet ist, die sich f\u00fcr sch\u00f6ne Mechanik begeistern. Diese Uhr ist das Ergebnis der einzigartigen Erfahrung, die Aerowatch seit 1910 gesammelt hat, und vereint moderne Linien mit einer zeitlosen \u00c4sthetik. Die Renaissance Skelett Dame ist stolz auf ihre Ma\u00dfe und besitzt ein Stahlgeh\u00e4use mit einem Durchmesser von 43 mm, das an den Kanten satiniert ist. Das skelettierte Uhrwerk wurde sanft graviert und ausgeh\u00f6hlt, wobei die Zuverl\u00e4ssigkeit und Steifigkeit der Komponenten erhalten blieb. Wie ein subtiles und raffiniertes Dekollet\u00e9 gibt der diskrete Ring den Blick auf das schlagende Herz des Uhrwerks frei. So kann der Besitzer nicht nur die Funktionsweise des Kalibers bewundern, sondern auch seine komplexe Architektur entdecken. Die blauen Stunden- und Minutenzeiger beleben das Ganze und verleihen dieser Uhr ein entschieden zeitgen\u00f6ssisches Aussehen. Die Renaissance Squelette Dame ist mit einem Lederarmband ausgestattet und besonders sorgf\u00e4ltig verarbeitet.<\/p>\n","protected":false},"excerpt":{"rendered":"<p>Nach dem Erfolg seiner Skelett-Kreationen f\u00fcr Herren bringt Aerowatch nun die Renaissance Skelett-Dame auf den Markt, eine Uhr, die ausschlie\u00dflich den Frauen gewidmet ist, die sich f\u00fcr sch\u00f6ne Mechanik begeistern. Diese Uhr ist das Ergebnis der einzigartigen Erfahrung, die Aerowatch seit 1910 gesammelt hat, und vereint moderne Linien mit einer zeitlosen \u00c4sthetik. Die Renaissance Skelett &#8230; <a title=\"Aerowatch Renaissance Lady Skeleton wei\u00dfe\" class=\"read-more\" href=\"https:\/\/lediamant.ch\/de\/uhren\/127139-aerowatch-renaissance-lady-skeleton-weisses-leder-a-57981-aa13\/\" aria-label=\"Mehr Informationen \u00fcber Aerowatch Renaissance Lady Skeleton wei\u00dfe\">Weiterlesen &#8230;<\/a><\/p>\n","protected":false},"featured_media":217415,"template":"","meta":{"_acf_changed":false,"_seopress_robots_primary_cat":"27167","_seopress_titles_title":"%%post_title%% %%sep%% %%sitetitle%%.ch","_seopress_titles_desc":"Aerowatch stellt die Renaissance Squelette Dame vor, eine raffinierte Kreation f\u00fcr Frauen, die hohe Uhrmacherkunst lieben.","_seopress_robots_index":""},"brand":[27081],"product_brand":[],"product_cat":[27167,27321,27123],"product_tag":[],"class_list":{"0":"post-127139","1":"product","2":"type-product","3":"status-publish","4":"has-post-thumbnail","6":"brand-aerowatch-de","7":"product_cat-aerowatch-de","8":"product_cat-renaissance-de","9":"product_cat-uhren","10":"pa_couleurduboitier-grau-de","11":"pa_couleurdubracelet-weiss-de","12":"pa_couleurducadran-weiss","13":"pa_etancheite-50m-de","14":"pa_forme-runden","15":"pa_garantie-24monate","16":"pa_genre-frau","17":"pa_matiere-stahl","18":"pa_matierebraceletmontre-leder","19":"pa_mouvement-mechanik","20":"pa_swissmade-ja-de","21":"pa_typedemontre-skelettuhren","22":"pa_typedemontre-uhrenmithandaufzug","23":"sales-flash-overlay","24":"woocommerce-text-align-center","25":"woocommerce-image-align-center","26":"do-quantity-buttons","28":"first","29":"instock","30":"taxable","31":"shipping-taxable","32":"purchasable","33":"product-type-simple"},"acf":[],"_links":{"self":[{"href":"https:\/\/lediamant.ch\/de\/wp-json\/wp\/v2\/product\/127139","targetHints":{"allow":["GET"]}}],"collection":[{"href":"https:\/\/lediamant.ch\/de\/wp-json\/wp\/v2\/product"}],"about":[{"href":"https:\/\/lediamant.ch\/de\/wp-json\/wp\/v2\/types\/product"}],"wp:featuredmedia":[{"embeddable":true,"href":"https:\/\/lediamant.ch\/de\/wp-json\/wp\/v2\/media\/217415"}],"wp:attachment":[{"href":"https:\/\/lediamant.ch\/de\/wp-json\/wp\/v2\/media?parent=127139"}],"wp:term":[{"taxonomy":"brand","embeddable":true,"href":"https:\/\/lediamant.ch\/de\/wp-json\/wp\/v2\/brand?post=127139"},{"taxonomy":"product_brand","embeddable":true,"href":"https:\/\/lediamant.ch\/de\/wp-json\/wp\/v2\/product_brand?post=127139"},{"taxonomy":"product_cat","embeddable":true,"href":"https:\/\/lediamant.ch\/de\/wp-json\/wp\/v2\/product_cat?post=127139"},{"taxonomy":"product_tag","embeddable":true,"href":"https:\/\/lediamant.ch\/de\/wp-json\/wp\/v2\/product_tag?post=127139"}],"curies":[{"name":"wp","href":"https:\/\/api.w.org\/{rel}","templated":true}]}}