{"id":127231,"date":"2020-03-16T13:03:09","date_gmt":"2020-03-16T12:03:09","guid":{"rendered":"https:\/\/lediamant.ch\/produit\/uhren-de\/aerowatch-de\/a1942-de\/aerowatch-1942-lady-elegance-automatic-open-heart\/"},"modified":"2020-03-16T13:03:09","modified_gmt":"2020-03-16T12:03:09","slug":"aerowatch-1942-lady-elegance-automatic-open-heart","status":"publish","type":"product","link":"https:\/\/lediamant.ch\/de\/uhren\/127231-aerowatch-1942-lady-elegance-automatic-open-heart\/","title":{"rendered":"Aerowatch 1942 Lady Elegance Automatic Open Heart"},"content":{"rendered":"<p class=\"h5 text-uppercase\">Geh\u00e4use Edelstahlgeh\u00e4use, Saphirglas, Sichtboden. Zifferblatt. Wei\u00dfes Perlmutt, arabische Ziffern, 4 Diamanten. Uhrwerk Automatik 11 1\/2&#8220;&#8216; Sellita SW200, dekoriertes Uhrwerk mit &#8222;C\u00f4tes de Gen\u00e8ve&#8220; und gebl\u00e4uten Schrauben, 26 Rubine. Armband Edelstahlband mit Faltschlie\u00dfe.<\/p>\n","protected":false},"excerpt":{"rendered":"<p>Geh\u00e4use Edelstahlgeh\u00e4use, Saphirglas, Sichtboden. Zifferblatt. Wei\u00dfes Perlmutt, arabische Ziffern, 4 Diamanten. Uhrwerk Automatik 11 1\/2&#8220;&#8216; Sellita SW200, dekoriertes Uhrwerk mit &#8222;C\u00f4tes de Gen\u00e8ve&#8220; und gebl\u00e4uten Schrauben, 26 Rubine. Armband Edelstahlband mit Faltschlie\u00dfe.<\/p>\n","protected":false},"featured_media":127226,"template":"","meta":{"_acf_changed":false,"_seopress_robots_primary_cat":"","_seopress_titles_title":"","_seopress_titles_desc":"","_seopress_robots_index":""},"brand":[27081],"product_brand":[],"product_cat":[27241,27167,27123],"product_tag":[],"class_list":{"0":"post-127231","1":"product","2":"type-product","3":"status-publish","4":"has-post-thumbnail","6":"brand-aerowatch-de","7":"product_cat-1942-de","8":"product_cat-aerowatch-de","9":"product_cat-uhren","10":"pa_couleurduboitier-grau-de","11":"pa_couleurducadran-weiss","12":"pa_etancheite-50m-de","13":"pa_forme-runden","14":"pa_garantie-24monate","15":"pa_genre-frau","16":"pa_matiere-stahl","17":"pa_matierebraceletmontre-edelstahl","18":"pa_mouvement-automatik-de","19":"pa_swissmade-ja-de","20":"pa_verre-saphir-de","21":"sales-flash-overlay","22":"woocommerce-text-align-center","23":"woocommerce-image-align-center","24":"do-quantity-buttons","26":"first","27":"instock","28":"taxable","29":"shipping-taxable","30":"purchasable","31":"product-type-simple"},"acf":[],"_links":{"self":[{"href":"https:\/\/lediamant.ch\/de\/wp-json\/wp\/v2\/product\/127231","targetHints":{"allow":["GET"]}}],"collection":[{"href":"https:\/\/lediamant.ch\/de\/wp-json\/wp\/v2\/product"}],"about":[{"href":"https:\/\/lediamant.ch\/de\/wp-json\/wp\/v2\/types\/product"}],"wp:featuredmedia":[{"embeddable":true,"href":"https:\/\/lediamant.ch\/de\/wp-json\/wp\/v2\/media\/127226"}],"wp:attachment":[{"href":"https:\/\/lediamant.ch\/de\/wp-json\/wp\/v2\/media?parent=127231"}],"wp:term":[{"taxonomy":"brand","embeddable":true,"href":"https:\/\/lediamant.ch\/de\/wp-json\/wp\/v2\/brand?post=127231"},{"taxonomy":"product_brand","embeddable":true,"href":"https:\/\/lediamant.ch\/de\/wp-json\/wp\/v2\/product_brand?post=127231"},{"taxonomy":"product_cat","embeddable":true,"href":"https:\/\/lediamant.ch\/de\/wp-json\/wp\/v2\/product_cat?post=127231"},{"taxonomy":"product_tag","embeddable":true,"href":"https:\/\/lediamant.ch\/de\/wp-json\/wp\/v2\/product_tag?post=127231"}],"curies":[{"name":"wp","href":"https:\/\/api.w.org\/{rel}","templated":true}]}}