{"id":127237,"date":"2020-03-16T13:03:44","date_gmt":"2020-03-16T12:03:44","guid":{"rendered":"https:\/\/lediamant.ch\/produit\/uhren-de\/aerowatch-de\/streamline-de\/aerowatch-streamline-quarz-leder-schwarz\/"},"modified":"2020-03-16T13:03:44","modified_gmt":"2020-03-16T12:03:44","slug":"aerowatch-streamline-quarz-leder-schwarz","status":"publish","type":"product","link":"https:\/\/lediamant.ch\/de\/uhren\/127237-aerowatch-streamline-quarz-leder-schwarz\/","title":{"rendered":"A\u00e9rowatch Streamline, Quarz, Leder Schwarz"},"content":{"rendered":"<p>Stahlgeh\u00e4use, gew\u00f6lbtes Saphirglas. Silberfarbenes, guillochiertes Zifferblatt mit schwarzen r\u00f6mischen Ziffern. Schweizer Quarzwerk. Stunden, Minuten, Sekunden und Datum bei 6 Uhr. Schwarzes Lederarmband 22,00 mm, Dornschlie\u00dfe.<\/p>\n","protected":false},"excerpt":{"rendered":"<p>Stahlgeh\u00e4use, gew\u00f6lbtes Saphirglas. Silberfarbenes, guillochiertes Zifferblatt mit schwarzen r\u00f6mischen Ziffern. Schweizer Quarzwerk. Stunden, Minuten, Sekunden und Datum bei 6 Uhr. Schwarzes Lederarmband 22,00 mm, Dornschlie\u00dfe.<\/p>\n","protected":false},"featured_media":127232,"template":"","meta":{"_acf_changed":false,"_seopress_robots_primary_cat":"","_seopress_titles_title":"","_seopress_titles_desc":"","_seopress_robots_index":""},"brand":[27081],"product_brand":[],"product_cat":[27167,27303,27123],"product_tag":[],"class_list":{"0":"post-127237","1":"product","2":"type-product","3":"status-publish","4":"has-post-thumbnail","6":"brand-aerowatch-de","7":"product_cat-aerowatch-de","8":"product_cat-streamline-de","9":"product_cat-uhren","10":"pa_couleurduboitier-grau-de","11":"pa_couleurdubracelet-schwarz-de","12":"pa_couleurducadran-silber","13":"pa_etancheite-50m-de","14":"pa_forme-fass-de","15":"pa_garantie-24monate","16":"pa_genre-frau","17":"pa_genre-mann","18":"pa_matiere-stahl","19":"pa_matierebraceletmontre-leder","20":"pa_mouvement-quarzbatterie-de","21":"pa_swissmade-ja-de","22":"pa_verre-saphir-de","23":"sales-flash-overlay","24":"woocommerce-text-align-center","25":"woocommerce-image-align-center","26":"do-quantity-buttons","28":"first","29":"instock","30":"taxable","31":"shipping-taxable","32":"purchasable","33":"product-type-simple"},"acf":[],"_links":{"self":[{"href":"https:\/\/lediamant.ch\/de\/wp-json\/wp\/v2\/product\/127237","targetHints":{"allow":["GET"]}}],"collection":[{"href":"https:\/\/lediamant.ch\/de\/wp-json\/wp\/v2\/product"}],"about":[{"href":"https:\/\/lediamant.ch\/de\/wp-json\/wp\/v2\/types\/product"}],"wp:featuredmedia":[{"embeddable":true,"href":"https:\/\/lediamant.ch\/de\/wp-json\/wp\/v2\/media\/127232"}],"wp:attachment":[{"href":"https:\/\/lediamant.ch\/de\/wp-json\/wp\/v2\/media?parent=127237"}],"wp:term":[{"taxonomy":"brand","embeddable":true,"href":"https:\/\/lediamant.ch\/de\/wp-json\/wp\/v2\/brand?post=127237"},{"taxonomy":"product_brand","embeddable":true,"href":"https:\/\/lediamant.ch\/de\/wp-json\/wp\/v2\/product_brand?post=127237"},{"taxonomy":"product_cat","embeddable":true,"href":"https:\/\/lediamant.ch\/de\/wp-json\/wp\/v2\/product_cat?post=127237"},{"taxonomy":"product_tag","embeddable":true,"href":"https:\/\/lediamant.ch\/de\/wp-json\/wp\/v2\/product_tag?post=127237"}],"curies":[{"name":"wp","href":"https:\/\/api.w.org\/{rel}","templated":true}]}}