{"id":127299,"date":"2020-03-16T13:04:13","date_gmt":"2020-03-16T12:04:13","guid":{"rendered":"https:\/\/lediamant.ch\/produit\/uhren-de\/aerowatch-de\/renaissance-de\/aerowatch-renaissance-7-time-zones-leder-schwarz\/"},"modified":"2020-03-16T13:04:13","modified_gmt":"2020-03-16T12:04:13","slug":"aerowatch-renaissance-7-time-zones-leder-schwarz","status":"publish","type":"product","link":"https:\/\/lediamant.ch\/de\/uhren\/127299-aerowatch-renaissance-7-time-zones-leder-schwarz\/","title":{"rendered":"Aerowatch Renaissance 7 Time Zones Leder Schwarz"},"content":{"rendered":"<p class=\"h5 text-uppercase\">Geh\u00e4use<\/p>\n<p>Edelstahl, satiniert, geb\u00fcrstet mit schwarzem PVD, Dr\u00fccker bei 10 Uhr, gew\u00f6lbtes Saphirglas, Sichtboden<\/p>\n<p class=\"h5 text-uppercase\">Zifferblatt<\/p>\n<p>Versilberter mit Sonnenschliff, schwarzer Index, 6 schwarze satinierte Z\u00e4hler (24h), London, Moskau, Dubai, Tokio, Sanghai, New York<\/p>\n<p class=\"h5 text-uppercase\">Uhrwerk<\/p>\n<p>Handaufzug 16 \u00bd (Linien) 6497-1 ETA, 17 Rubine, von Aerowatch entwickeltes Modul mit 7 Zeitzonen. Rhodiniertes kreisf\u00f6rmiges &#8220; C\u00f4tes de Gen\u00e8ve &#8222;, &#8222;Perlage&#8220;, gebl\u00e4ute Schrauben, ros\u00e9vergoldetes Sperr- und Kronrad.<\/p>\n<p class=\"h5 text-uppercase\">Armband<\/p>\n<p>Schwarzes Leder 22.00 mm, Dornschlie\u00dfe<\/p>\n","protected":false},"excerpt":{"rendered":"<p>Geh\u00e4use Edelstahl, satiniert, geb\u00fcrstet mit schwarzem PVD, Dr\u00fccker bei 10 Uhr, gew\u00f6lbtes Saphirglas, Sichtboden Zifferblatt Versilberter mit Sonnenschliff, schwarzer Index, 6 schwarze satinierte Z\u00e4hler (24h), London, Moskau, Dubai, Tokio, Sanghai, New York Uhrwerk Handaufzug 16 \u00bd (Linien) 6497-1 ETA, 17 Rubine, von Aerowatch entwickeltes Modul mit 7 Zeitzonen. Rhodiniertes kreisf\u00f6rmiges &#8220; C\u00f4tes de Gen\u00e8ve &#8222;, &#8230; <a title=\"Aerowatch Renaissance 7 Time Zones Leder Schwarz\" class=\"read-more\" href=\"https:\/\/lediamant.ch\/de\/uhren\/127299-aerowatch-renaissance-7-time-zones-leder-schwarz\/\" aria-label=\"Mehr Informationen \u00fcber Aerowatch Renaissance 7 Time Zones Leder Schwarz\">Weiterlesen &#8230;<\/a><\/p>\n","protected":false},"featured_media":127288,"template":"","meta":{"_acf_changed":false,"_seopress_robots_primary_cat":"","_seopress_titles_title":"","_seopress_titles_desc":"","_seopress_robots_index":""},"brand":[27081],"product_brand":[],"product_cat":[27167,27321,27123],"product_tag":[],"class_list":{"0":"post-127299","1":"product","2":"type-product","3":"status-publish","4":"has-post-thumbnail","6":"brand-aerowatch-de","7":"product_cat-aerowatch-de","8":"product_cat-renaissance-de","9":"product_cat-uhren","10":"pa_couleurduboitier-grau-de","11":"pa_couleurdubracelet-schwarz-de","12":"pa_couleurducadran-silber","13":"pa_etancheite-50m-de","14":"pa_forme-runden","15":"pa_garantie-24monate","16":"pa_genre-mann","17":"pa_matiere-stahl","18":"pa_matierebraceletmontre-leder","19":"pa_swissmade-ja-de","20":"sales-flash-overlay","21":"woocommerce-text-align-center","22":"woocommerce-image-align-center","23":"do-quantity-buttons","25":"first","26":"instock","27":"taxable","28":"shipping-taxable","29":"purchasable","30":"product-type-simple"},"acf":[],"_links":{"self":[{"href":"https:\/\/lediamant.ch\/de\/wp-json\/wp\/v2\/product\/127299","targetHints":{"allow":["GET"]}}],"collection":[{"href":"https:\/\/lediamant.ch\/de\/wp-json\/wp\/v2\/product"}],"about":[{"href":"https:\/\/lediamant.ch\/de\/wp-json\/wp\/v2\/types\/product"}],"wp:featuredmedia":[{"embeddable":true,"href":"https:\/\/lediamant.ch\/de\/wp-json\/wp\/v2\/media\/127288"}],"wp:attachment":[{"href":"https:\/\/lediamant.ch\/de\/wp-json\/wp\/v2\/media?parent=127299"}],"wp:term":[{"taxonomy":"brand","embeddable":true,"href":"https:\/\/lediamant.ch\/de\/wp-json\/wp\/v2\/brand?post=127299"},{"taxonomy":"product_brand","embeddable":true,"href":"https:\/\/lediamant.ch\/de\/wp-json\/wp\/v2\/product_brand?post=127299"},{"taxonomy":"product_cat","embeddable":true,"href":"https:\/\/lediamant.ch\/de\/wp-json\/wp\/v2\/product_cat?post=127299"},{"taxonomy":"product_tag","embeddable":true,"href":"https:\/\/lediamant.ch\/de\/wp-json\/wp\/v2\/product_tag?post=127299"}],"curies":[{"name":"wp","href":"https:\/\/api.w.org\/{rel}","templated":true}]}}