{"id":127359,"date":"2020-03-16T13:04:38","date_gmt":"2020-03-16T12:04:38","guid":{"rendered":"https:\/\/lediamant.ch\/produit\/uhren-de\/aerowatch-de\/a1942-de\/aerowatch-1942-chrono-automatic-leder-schwarz-42-mm\/"},"modified":"2020-03-16T13:04:38","modified_gmt":"2020-03-16T12:04:38","slug":"aerowatch-1942-chrono-automatic-leder-schwarz-42-mm","status":"publish","type":"product","link":"https:\/\/lediamant.ch\/de\/uhren\/127359-aerowatch-1942-chrono-automatic-leder-schwarz-42-mm\/","title":{"rendered":"Aerowatch 1942 Chrono Automatic Leder Schwarz 42 mm"},"content":{"rendered":"<p class=\"h5 text-uppercase\">Geh\u00e4use<\/p>\n<p>Edelstahlgeh\u00e4use, gew\u00f6lbtes Saphirglas, Sichtboden<\/p>\n<p class=\"h5 text-uppercase\">Zifferblatt<\/p>\n<p>Anthrazitfarbenes Zifferblatt, 3 silberne Z\u00e4hler, lumineszierende Indexe<\/p>\n<p class=\"h5 text-uppercase\">Uhrwerk<\/p>\n<p>Automatik-Chronograph, 13 1\/4 Valjoux 7750. Rhodiniert und kreisf\u00f6rmig gek\u00f6rnt mit Dekor &#8222;C\u00f4tes de Gen\u00e8ve&#8220; mit gebl\u00e4uten Stahlschrauben, 25 Rubine Stunden, minuten, Sekunden und Datum bei 4 Uhr.<\/p>\n<p class=\"h5 text-uppercase\">Armband<\/p>\n<p>Schwarzes Leder, 24.00 mm, Faltschlie\u00dfe<\/p>\n","protected":false},"excerpt":{"rendered":"<p>Geh\u00e4use Edelstahlgeh\u00e4use, gew\u00f6lbtes Saphirglas, Sichtboden Zifferblatt Anthrazitfarbenes Zifferblatt, 3 silberne Z\u00e4hler, lumineszierende Indexe Uhrwerk Automatik-Chronograph, 13 1\/4 Valjoux 7750. Rhodiniert und kreisf\u00f6rmig gek\u00f6rnt mit Dekor &#8222;C\u00f4tes de Gen\u00e8ve&#8220; mit gebl\u00e4uten Stahlschrauben, 25 Rubine Stunden, minuten, Sekunden und Datum bei 4 Uhr. Armband Schwarzes Leder, 24.00 mm, Faltschlie\u00dfe<\/p>\n","protected":false},"featured_media":127354,"template":"","meta":{"_acf_changed":false,"_seopress_robots_primary_cat":"","_seopress_titles_title":"","_seopress_titles_desc":"","_seopress_robots_index":""},"brand":[27081],"product_brand":[],"product_cat":[27241,27167,27123],"product_tag":[],"class_list":{"0":"post-127359","1":"product","2":"type-product","3":"status-publish","4":"has-post-thumbnail","6":"brand-aerowatch-de","7":"product_cat-1942-de","8":"product_cat-aerowatch-de","9":"product_cat-uhren","10":"pa_couleurduboitier-grau-de","11":"pa_couleurdubracelet-schwarz-de","12":"pa_couleurducadran-schwarz","13":"pa_etancheite-50m-de","14":"pa_forme-runden","15":"pa_garantie-24monate","16":"pa_genre-mann","17":"pa_matiere-stahl","18":"pa_matierebraceletmontre-leder","19":"pa_mouvement-automatik-de","20":"pa_swissmade-ja-de","21":"pa_typedemontre-chronograph-de","22":"pa_verre-saphir-de","23":"sales-flash-overlay","24":"woocommerce-text-align-center","25":"woocommerce-image-align-center","26":"do-quantity-buttons","28":"first","29":"instock","30":"taxable","31":"shipping-taxable","32":"purchasable","33":"product-type-simple"},"acf":[],"_links":{"self":[{"href":"https:\/\/lediamant.ch\/de\/wp-json\/wp\/v2\/product\/127359","targetHints":{"allow":["GET"]}}],"collection":[{"href":"https:\/\/lediamant.ch\/de\/wp-json\/wp\/v2\/product"}],"about":[{"href":"https:\/\/lediamant.ch\/de\/wp-json\/wp\/v2\/types\/product"}],"wp:featuredmedia":[{"embeddable":true,"href":"https:\/\/lediamant.ch\/de\/wp-json\/wp\/v2\/media\/127354"}],"wp:attachment":[{"href":"https:\/\/lediamant.ch\/de\/wp-json\/wp\/v2\/media?parent=127359"}],"wp:term":[{"taxonomy":"brand","embeddable":true,"href":"https:\/\/lediamant.ch\/de\/wp-json\/wp\/v2\/brand?post=127359"},{"taxonomy":"product_brand","embeddable":true,"href":"https:\/\/lediamant.ch\/de\/wp-json\/wp\/v2\/product_brand?post=127359"},{"taxonomy":"product_cat","embeddable":true,"href":"https:\/\/lediamant.ch\/de\/wp-json\/wp\/v2\/product_cat?post=127359"},{"taxonomy":"product_tag","embeddable":true,"href":"https:\/\/lediamant.ch\/de\/wp-json\/wp\/v2\/product_tag?post=127359"}],"curies":[{"name":"wp","href":"https:\/\/api.w.org\/{rel}","templated":true}]}}