{"id":127383,"date":"2020-03-16T13:05:06","date_gmt":"2020-03-16T12:05:06","guid":{"rendered":"https:\/\/lediamant.ch\/produit\/uhren-de\/aerowatch-de\/a1942-de\/aerowatch-1942-automatic-moon-phase-rose\/"},"modified":"2020-03-16T13:05:06","modified_gmt":"2020-03-16T12:05:06","slug":"aerowatch-1942-automatic-moon-phase-rose","status":"publish","type":"product","link":"https:\/\/lediamant.ch\/de\/uhren\/127383-aerowatch-1942-automatic-moon-phase-rose\/","title":{"rendered":"Aerowatch 1942 Automatic Moon Phase Ros\u00e9"},"content":{"rendered":"<p class=\"h5 text-uppercase\">Geh\u00e4use<\/p>\n<p>Edelstahlgeh\u00e4use, Ros\u00e9gold PVD, gew\u00f6lbtes Saphirglas, verschraubter Sichtboden<\/p>\n<p class=\"h5 text-uppercase\">Zifferblatt<\/p>\n<p>Wei\u00df emailliert, 12 schwarze gemalte r\u00f6mische Ziffern<\/p>\n<p class=\"h5 text-uppercase\">Uhrwerk<\/p>\n<p>Automatik, 11 1\/2 Dubois-D\u00e9praz 9000, basis SW 200, 26 Rubine, Rhodinierte Schwungmasse mit &#8222;C\u00f4tes de Gen\u00e8ve&#8220; Muster. Stunden, Minuten, Sekunden, vollst\u00e4ndiger Kalender bei 12 Uhr und Mondphase bei 6 Uhr<\/p>\n<p class=\"h5 text-uppercase\">Armband<\/p>\n<p>Hellbraunes Leder, 20.00 mm, Dornschlie\u00dfe<\/p>\n","protected":false},"excerpt":{"rendered":"<p>Geh\u00e4use Edelstahlgeh\u00e4use, Ros\u00e9gold PVD, gew\u00f6lbtes Saphirglas, verschraubter Sichtboden Zifferblatt Wei\u00df emailliert, 12 schwarze gemalte r\u00f6mische Ziffern Uhrwerk Automatik, 11 1\/2 Dubois-D\u00e9praz 9000, basis SW 200, 26 Rubine, Rhodinierte Schwungmasse mit &#8222;C\u00f4tes de Gen\u00e8ve&#8220; Muster. Stunden, Minuten, Sekunden, vollst\u00e4ndiger Kalender bei 12 Uhr und Mondphase bei 6 Uhr Armband Hellbraunes Leder, 20.00 mm, Dornschlie\u00dfe<\/p>\n","protected":false},"featured_media":127378,"template":"","meta":{"_acf_changed":false,"_seopress_robots_primary_cat":"","_seopress_titles_title":"","_seopress_titles_desc":"","_seopress_robots_index":""},"brand":[27081],"product_brand":[],"product_cat":[27241,27167,27123],"product_tag":[],"class_list":{"0":"post-127383","1":"product","2":"type-product","3":"status-publish","4":"has-post-thumbnail","6":"brand-aerowatch-de","7":"product_cat-1942-de","8":"product_cat-aerowatch-de","9":"product_cat-uhren","10":"pa_couleurduboitier-pinkrosa-de","11":"pa_couleurdubracelet-braun-de","12":"pa_couleurducadran-weiss","13":"pa_etancheite-50m-de","14":"pa_forme-runden","15":"pa_garantie-24monate","16":"pa_genre-mann","17":"pa_matiere-rosegoldpvd","18":"pa_matierebraceletmontre-leder","19":"pa_mouvement-automatik-de","20":"pa_swissmade-ja-de","21":"pa_typedemontre-uhrenmitmondanzeige","22":"pa_verre-saphir-de","23":"sales-flash-overlay","24":"woocommerce-text-align-center","25":"woocommerce-image-align-center","26":"do-quantity-buttons","28":"first","29":"instock","30":"taxable","31":"shipping-taxable","32":"purchasable","33":"product-type-simple"},"acf":[],"_links":{"self":[{"href":"https:\/\/lediamant.ch\/de\/wp-json\/wp\/v2\/product\/127383","targetHints":{"allow":["GET"]}}],"collection":[{"href":"https:\/\/lediamant.ch\/de\/wp-json\/wp\/v2\/product"}],"about":[{"href":"https:\/\/lediamant.ch\/de\/wp-json\/wp\/v2\/types\/product"}],"wp:featuredmedia":[{"embeddable":true,"href":"https:\/\/lediamant.ch\/de\/wp-json\/wp\/v2\/media\/127378"}],"wp:attachment":[{"href":"https:\/\/lediamant.ch\/de\/wp-json\/wp\/v2\/media?parent=127383"}],"wp:term":[{"taxonomy":"brand","embeddable":true,"href":"https:\/\/lediamant.ch\/de\/wp-json\/wp\/v2\/brand?post=127383"},{"taxonomy":"product_brand","embeddable":true,"href":"https:\/\/lediamant.ch\/de\/wp-json\/wp\/v2\/product_brand?post=127383"},{"taxonomy":"product_cat","embeddable":true,"href":"https:\/\/lediamant.ch\/de\/wp-json\/wp\/v2\/product_cat?post=127383"},{"taxonomy":"product_tag","embeddable":true,"href":"https:\/\/lediamant.ch\/de\/wp-json\/wp\/v2\/product_tag?post=127383"}],"curies":[{"name":"wp","href":"https:\/\/api.w.org\/{rel}","templated":true}]}}