{"id":127673,"date":"2020-03-16T13:42:38","date_gmt":"2020-03-16T12:42:38","guid":{"rendered":"https:\/\/lediamant.ch\/produit\/uhren-de\/balmain-de\/downtown-de\/balmainia-de\/balmain-balmainia-bijou-4\/"},"modified":"2025-06-20T18:22:55","modified_gmt":"2025-06-20T16:22:55","slug":"balmain-balmainia-bijou-4","status":"publish","type":"product","link":"https:\/\/lediamant.ch\/de\/uhren\/127673-balmain-balmainia-bijou-b42583326\/","title":{"rendered":"Balmain Balmainia Bijou"},"content":{"rendered":"<p>Balmain Uhr, Kollektion Balmainia Quarz, zweifarbiges Geh\u00e4use aus Stahl und PVD Ros\u00e9gold, wei\u00dfes Zifferblatt, Saphirglas, zweifarbiges Armband aus Stahl und PVD Ros\u00e9gold.<\/p>\n","protected":false},"excerpt":{"rendered":"<p>Balmain Uhr, Kollektion Balmainia Quarz, zweifarbiges Geh\u00e4use aus Stahl und PVD Ros\u00e9gold, wei\u00dfes Zifferblatt, Saphirglas, zweifarbiges Armband aus Stahl und PVD Ros\u00e9gold.<\/p>\n","protected":false},"featured_media":218634,"template":"","meta":{"_acf_changed":false,"_seopress_robots_primary_cat":"27173","_seopress_titles_title":"","_seopress_titles_desc":"Entdecken Sie die Eleganz der Balmain Uhr aus der Balmainia Quarz Kollektion mit Ros\u00e9gold und Saphirglas. Jetzt erh\u00e4ltlich!","_seopress_robots_index":""},"brand":[27083],"product_brand":[],"product_cat":[27123,27173,27431,27137],"product_tag":[],"class_list":{"0":"post-127673","1":"product","2":"type-product","3":"status-publish","4":"has-post-thumbnail","6":"brand-balmain-de","7":"product_cat-uhren","8":"product_cat-balmain-de","9":"product_cat-balmainia-de","10":"product_cat-bracelet-ajustable-de","11":"pa_couleurduboitier-zweifarbig-de","12":"pa_couleurdubracelet-grau-de","13":"pa_couleurdubracelet-rosa-de","14":"pa_couleurducadran-weiss","15":"pa_dimensions-o-33-mm","16":"pa_etancheite-50m-de","17":"pa_forme-runden","18":"pa_garantie-24monate","19":"pa_genre-frau","20":"pa_matiere-zweifarbigstahlrosegoldpvd","21":"pa_matierebraceletmontre-edelstahl","22":"pa_mouvement-quarzbatterie-de","23":"pa_swissmade-ja-de","24":"pa_verre-saphir-de","25":"sales-flash-overlay","26":"woocommerce-text-align-center","27":"woocommerce-image-align-center","28":"do-quantity-buttons","30":"first","31":"instock","32":"taxable","33":"shipping-taxable","34":"purchasable","35":"product-type-simple"},"acf":[],"_links":{"self":[{"href":"https:\/\/lediamant.ch\/de\/wp-json\/wp\/v2\/product\/127673","targetHints":{"allow":["GET"]}}],"collection":[{"href":"https:\/\/lediamant.ch\/de\/wp-json\/wp\/v2\/product"}],"about":[{"href":"https:\/\/lediamant.ch\/de\/wp-json\/wp\/v2\/types\/product"}],"wp:featuredmedia":[{"embeddable":true,"href":"https:\/\/lediamant.ch\/de\/wp-json\/wp\/v2\/media\/218634"}],"wp:attachment":[{"href":"https:\/\/lediamant.ch\/de\/wp-json\/wp\/v2\/media?parent=127673"}],"wp:term":[{"taxonomy":"brand","embeddable":true,"href":"https:\/\/lediamant.ch\/de\/wp-json\/wp\/v2\/brand?post=127673"},{"taxonomy":"product_brand","embeddable":true,"href":"https:\/\/lediamant.ch\/de\/wp-json\/wp\/v2\/product_brand?post=127673"},{"taxonomy":"product_cat","embeddable":true,"href":"https:\/\/lediamant.ch\/de\/wp-json\/wp\/v2\/product_cat?post=127673"},{"taxonomy":"product_tag","embeddable":true,"href":"https:\/\/lediamant.ch\/de\/wp-json\/wp\/v2\/product_tag?post=127673"}],"curies":[{"name":"wp","href":"https:\/\/api.w.org\/{rel}","templated":true}]}}