{"id":127947,"date":"2020-03-16T13:47:27","date_gmt":"2020-03-16T12:47:27","guid":{"rendered":"https:\/\/lediamant.ch\/produit\/uhren-de\/balmain-de\/tradition-de\/haute-elegance-de\/balmain-haute-elegance\/"},"modified":"2025-11-07T18:30:20","modified_gmt":"2025-11-07T17:30:20","slug":"balmain-haute-elegance","status":"publish","type":"product","link":"https:\/\/lediamant.ch\/de\/uhren\/127947-balmain-haute-elegance\/","title":{"rendered":"Balmain Haute Elegance 24mm"},"content":{"rendered":"<p>Die Balmain Haute \u00c9l\u00e9gance ist eine kunstvolle Damenuhr mit modernem Design, das vom Pariser Lebensstil inspiriert ist. Die Gravur \u201eBalmain\u201c, das wei\u00dfe Zifferblatt mit Arabesken und die klaren Linien verleihen ihr eine dynamische Note, w\u00e4hrend das 24-mm-Edelstahlgeh\u00e4use mit seinem eleganten Profil von 4,95 mm und das passende Armband f\u00fcr Raffinesse im Alltag sorgen. Diese in der Schweiz hergestellte Uhr ist mit einem Saphirglas ausgestattet.<\/p>\n","protected":false},"excerpt":{"rendered":"<p>Die Balmain Haute \u00c9l\u00e9gance ist eine kunstvolle Damenuhr mit modernem Design, das vom Pariser Lebensstil inspiriert ist. Die Gravur \u201eBalmain\u201c, das wei\u00dfe Zifferblatt mit Arabesken und die klaren Linien verleihen ihr eine dynamische Note, w\u00e4hrend das 24-mm-Edelstahlgeh\u00e4use mit seinem eleganten Profil von 4,95 mm und das passende Armband f\u00fcr Raffinesse im Alltag sorgen. Diese in &#8230; <a title=\"Balmain Haute Elegance 24mm\" class=\"read-more\" href=\"https:\/\/lediamant.ch\/de\/uhren\/127947-balmain-haute-elegance\/\" aria-label=\"Mehr Informationen \u00fcber Balmain Haute Elegance 24mm\">Weiterlesen &#8230;<\/a><\/p>\n","protected":false},"featured_media":127943,"template":"","meta":{"_acf_changed":false,"_seopress_robots_primary_cat":"27173","_seopress_titles_title":"","_seopress_titles_desc":"","_seopress_robots_index":""},"brand":[27083],"product_brand":[],"product_cat":[27173,27137,27467,27123],"product_tag":[],"class_list":{"0":"post-127947","1":"product","2":"type-product","3":"status-publish","4":"has-post-thumbnail","6":"brand-balmain-de","7":"product_cat-balmain-de","8":"product_cat-bracelet-ajustable-de","9":"product_cat-haute-elegance-de","10":"product_cat-uhren","11":"pa_couleurduboitier-grau-de","12":"pa_couleurdubracelet-grau-de","13":"pa_couleurducadran-silber","14":"pa_dimensions-o-24-mm","15":"pa_etancheite-50m-de","16":"pa_forme-runden","17":"pa_garantie-24monate","18":"pa_genre-frau","19":"pa_matiere-stahl","20":"pa_matierebraceletmontre-edelstahl","21":"pa_mouvement-quarzbatterie-de","22":"pa_swissmade-ja-de","23":"pa_verre-saphir-de","24":"sales-flash-overlay","25":"woocommerce-text-align-center","26":"woocommerce-image-align-center","27":"do-quantity-buttons","29":"first","30":"instock","31":"taxable","32":"shipping-taxable","33":"purchasable","34":"product-type-simple"},"acf":[],"_links":{"self":[{"href":"https:\/\/lediamant.ch\/de\/wp-json\/wp\/v2\/product\/127947","targetHints":{"allow":["GET"]}}],"collection":[{"href":"https:\/\/lediamant.ch\/de\/wp-json\/wp\/v2\/product"}],"about":[{"href":"https:\/\/lediamant.ch\/de\/wp-json\/wp\/v2\/types\/product"}],"wp:featuredmedia":[{"embeddable":true,"href":"https:\/\/lediamant.ch\/de\/wp-json\/wp\/v2\/media\/127943"}],"wp:attachment":[{"href":"https:\/\/lediamant.ch\/de\/wp-json\/wp\/v2\/media?parent=127947"}],"wp:term":[{"taxonomy":"brand","embeddable":true,"href":"https:\/\/lediamant.ch\/de\/wp-json\/wp\/v2\/brand?post=127947"},{"taxonomy":"product_brand","embeddable":true,"href":"https:\/\/lediamant.ch\/de\/wp-json\/wp\/v2\/product_brand?post=127947"},{"taxonomy":"product_cat","embeddable":true,"href":"https:\/\/lediamant.ch\/de\/wp-json\/wp\/v2\/product_cat?post=127947"},{"taxonomy":"product_tag","embeddable":true,"href":"https:\/\/lediamant.ch\/de\/wp-json\/wp\/v2\/product_tag?post=127947"}],"curies":[{"name":"wp","href":"https:\/\/api.w.org\/{rel}","templated":true}]}}