{"id":128107,"date":"2020-03-16T15:19:54","date_gmt":"2020-03-16T14:19:54","guid":{"rendered":"https:\/\/lediamant.ch\/produit\/uhren-de\/hamilton-de\/american-classic-de\/hamilton-american-classic-ardmore-quarz-18mm-x-27mm-2\/"},"modified":"2020-03-16T15:19:54","modified_gmt":"2020-03-16T14:19:54","slug":"hamilton-american-classic-ardmore-quarz-18mm-x-27mm-2","status":"publish","type":"product","link":"https:\/\/lediamant.ch\/de\/uhren\/128107-hamilton-american-classic-ardmore-quarz-18mm-x-27mm-2\/","title":{"rendered":"Hamilton American Classic Ardmore Quarz | 18mm x 27mm"},"content":{"rendered":"<p>Die Ardmore-Kollektion geh\u00f6rt seit ihrer ersten Einf\u00fchrung im Jahr 1937 zum Erbe von Hamilton. 80 Jahre sp\u00e4ter ist sie keinen Tag gealtert. Die neuesten Modelle haben einen moderneren Stil mit verschiedenen Designs f\u00fcr Zifferbl\u00e4tter und Armb\u00e4nder. Die neue Ardmore-Kollektion zeichnet sich durch ihre Vielseitigkeit aus und wird Ihrem pers\u00f6nlichen Stil eine faszinierende Note verleihen.<\/p>\n","protected":false},"excerpt":{"rendered":"<p>Die Ardmore-Kollektion geh\u00f6rt seit ihrer ersten Einf\u00fchrung im Jahr 1937 zum Erbe von Hamilton. 80 Jahre sp\u00e4ter ist sie keinen Tag gealtert. Die neuesten Modelle haben einen moderneren Stil mit verschiedenen Designs f\u00fcr Zifferbl\u00e4tter und Armb\u00e4nder. Die neue Ardmore-Kollektion zeichnet sich durch ihre Vielseitigkeit aus und wird Ihrem pers\u00f6nlichen Stil eine faszinierende Note verleihen.<\/p>\n","protected":false},"featured_media":128100,"template":"","meta":{"_acf_changed":false,"_seopress_robots_primary_cat":"","_seopress_titles_title":"","_seopress_titles_desc":"","_seopress_robots_index":""},"brand":[27085],"product_brand":[],"product_cat":[27201,27181,27123],"product_tag":[],"class_list":{"0":"post-128107","1":"product","2":"type-product","3":"status-publish","4":"has-post-thumbnail","6":"brand-hamilton-de","7":"product_cat-american-classic","8":"product_cat-hamilton-de","9":"product_cat-uhren","10":"pa_couleurduboitier-grau-de","11":"pa_couleurdubracelet-beige-de","12":"pa_couleurducadran-silber","13":"pa_etancheite-30m-de","14":"pa_forme-rechteckig-de","15":"pa_garantie-24monate","16":"pa_genre-frau","17":"pa_matiere-stahl","18":"pa_matierebraceletmontre-leder","19":"pa_mouvement-quarzbatterie-de","20":"pa_swissmade-ja-de","21":"sales-flash-overlay","22":"woocommerce-text-align-center","23":"woocommerce-image-align-center","24":"do-quantity-buttons","26":"first","27":"instock","28":"taxable","29":"shipping-taxable","30":"purchasable","31":"product-type-simple"},"acf":[],"_links":{"self":[{"href":"https:\/\/lediamant.ch\/de\/wp-json\/wp\/v2\/product\/128107","targetHints":{"allow":["GET"]}}],"collection":[{"href":"https:\/\/lediamant.ch\/de\/wp-json\/wp\/v2\/product"}],"about":[{"href":"https:\/\/lediamant.ch\/de\/wp-json\/wp\/v2\/types\/product"}],"wp:featuredmedia":[{"embeddable":true,"href":"https:\/\/lediamant.ch\/de\/wp-json\/wp\/v2\/media\/128100"}],"wp:attachment":[{"href":"https:\/\/lediamant.ch\/de\/wp-json\/wp\/v2\/media?parent=128107"}],"wp:term":[{"taxonomy":"brand","embeddable":true,"href":"https:\/\/lediamant.ch\/de\/wp-json\/wp\/v2\/brand?post=128107"},{"taxonomy":"product_brand","embeddable":true,"href":"https:\/\/lediamant.ch\/de\/wp-json\/wp\/v2\/product_brand?post=128107"},{"taxonomy":"product_cat","embeddable":true,"href":"https:\/\/lediamant.ch\/de\/wp-json\/wp\/v2\/product_cat?post=128107"},{"taxonomy":"product_tag","embeddable":true,"href":"https:\/\/lediamant.ch\/de\/wp-json\/wp\/v2\/product_tag?post=128107"}],"curies":[{"name":"wp","href":"https:\/\/api.w.org\/{rel}","templated":true}]}}