{"id":128319,"date":"2020-03-16T15:20:45","date_gmt":"2020-03-16T14:20:45","guid":{"rendered":"https:\/\/lediamant.ch\/produit\/uhren-de\/hamilton-de\/ventura-de\/hamilton-ventura-xxl-automatik-45mm-x-46mm\/"},"modified":"2020-03-16T15:20:45","modified_gmt":"2020-03-16T14:20:45","slug":"hamilton-ventura-xxl-automatik-45mm-x-46mm","status":"publish","type":"product","link":"https:\/\/lediamant.ch\/de\/uhren\/128319-hamilton-ventura-xxl-automatik-45mm-x-46mm\/","title":{"rendered":"Hamilton Ventura XXL Automatik | 45mm x 46mm"},"content":{"rendered":"<p>Die originale Ventura von 1957, die erste elektrische Uhr, die von einer Batterie angetrieben wurde, hat die Geschichte der Uhrmacherei gepr\u00e4gt. Es war gewagt, eine automatische Version dieser durch ihr batteriebetriebenes Uhrwerk ber\u00fchmt gewordenen Uhr zu entwickeln, aber Hamilton hat es nat\u00fcrlich gewagt. Aber wie verbessert man eine Ikone? Man muss gro\u00df denken - oder weiterziehen! Die XXL-Proportionen dieses Modells sind ebenso k\u00fchn wie prunkvoll. Und die roten Akzente auf dem Zifferblatt und dem Sekundenzeiger sorgen f\u00fcr einen flammenden Schlussakzent.<\/p>\n","protected":false},"excerpt":{"rendered":"<p>Die originale Ventura von 1957, die erste elektrische Uhr, die von einer Batterie angetrieben wurde, hat die Geschichte der Uhrmacherei gepr\u00e4gt. Es war gewagt, eine automatische Version dieser durch ihr batteriebetriebenes Uhrwerk ber\u00fchmt gewordenen Uhr zu entwickeln, aber Hamilton hat es nat\u00fcrlich gewagt. Aber wie verbessert man eine Ikone? Man muss gro\u00df denken - oder &#8230; <a title=\"Hamilton Ventura XXL Automatik | 45mm x 46mm\" class=\"read-more\" href=\"https:\/\/lediamant.ch\/de\/uhren\/128319-hamilton-ventura-xxl-automatik-45mm-x-46mm\/\" aria-label=\"Mehr Informationen \u00fcber Hamilton Ventura XXL Automatik | 45mm x 46mm\">Weiterlesen &#8230;<\/a><\/p>\n","protected":false},"featured_media":128310,"template":"","meta":{"_acf_changed":false,"_seopress_robots_primary_cat":"","_seopress_titles_title":"","_seopress_titles_desc":"","_seopress_robots_index":""},"brand":[27085],"product_brand":[],"product_cat":[27181,27123,27323],"product_tag":[],"class_list":{"0":"post-128319","1":"product","2":"type-product","3":"status-publish","4":"has-post-thumbnail","6":"brand-hamilton-de","7":"product_cat-hamilton-de","8":"product_cat-uhren","9":"product_cat-ventura-de","10":"pa_couleurduboitier-grau-de","11":"pa_couleurdubracelet-schwarz-de","12":"pa_couleurducadran-schwarz","13":"pa_etancheite-50m-de","14":"pa_forme-dreieck-de","15":"pa_garantie-24monate","16":"pa_genre-mann","17":"pa_matiere-stahl","18":"pa_matierebraceletmontre-kautschuk","19":"pa_mouvement-automatik-de","20":"pa_swissmade-ja-de","21":"sales-flash-overlay","22":"woocommerce-text-align-center","23":"woocommerce-image-align-center","24":"do-quantity-buttons","26":"first","27":"instock","28":"taxable","29":"shipping-taxable","30":"purchasable","31":"product-type-simple"},"acf":[],"_links":{"self":[{"href":"https:\/\/lediamant.ch\/de\/wp-json\/wp\/v2\/product\/128319","targetHints":{"allow":["GET"]}}],"collection":[{"href":"https:\/\/lediamant.ch\/de\/wp-json\/wp\/v2\/product"}],"about":[{"href":"https:\/\/lediamant.ch\/de\/wp-json\/wp\/v2\/types\/product"}],"wp:featuredmedia":[{"embeddable":true,"href":"https:\/\/lediamant.ch\/de\/wp-json\/wp\/v2\/media\/128310"}],"wp:attachment":[{"href":"https:\/\/lediamant.ch\/de\/wp-json\/wp\/v2\/media?parent=128319"}],"wp:term":[{"taxonomy":"brand","embeddable":true,"href":"https:\/\/lediamant.ch\/de\/wp-json\/wp\/v2\/brand?post=128319"},{"taxonomy":"product_brand","embeddable":true,"href":"https:\/\/lediamant.ch\/de\/wp-json\/wp\/v2\/product_brand?post=128319"},{"taxonomy":"product_cat","embeddable":true,"href":"https:\/\/lediamant.ch\/de\/wp-json\/wp\/v2\/product_cat?post=128319"},{"taxonomy":"product_tag","embeddable":true,"href":"https:\/\/lediamant.ch\/de\/wp-json\/wp\/v2\/product_tag?post=128319"}],"curies":[{"name":"wp","href":"https:\/\/api.w.org\/{rel}","templated":true}]}}