{"id":128361,"date":"2020-03-16T15:21:15","date_gmt":"2020-03-16T14:21:15","guid":{"rendered":"https:\/\/lediamant.ch\/produit\/uhren-de\/hamilton-de\/jazzmaster-de\/hamilton-jazzmaster-skeleton-lady-automatik-36mm\/"},"modified":"2020-03-16T15:21:15","modified_gmt":"2020-03-16T14:21:15","slug":"hamilton-jazzmaster-skeleton-lady-automatik-36mm","status":"publish","type":"product","link":"https:\/\/lediamant.ch\/de\/uhren\/128361-hamilton-jazzmaster-skeleton-lady-automatik-36mm\/","title":{"rendered":"Hamilton Jazzmaster Skeleton Lady Automatik | 36mm"},"content":{"rendered":"<p><span style=\"color:#1c1c1c;font-family:Montserrat, sans-serif;font-size:14px;background-color:#ffffff;\">Die Jazzmaster Viewmatic Skeleton Lady zeigt Hemmung, Feder und Federhaus des H-10-S Kalibers, wie sie nahtlos und best\u00e4ndig zusammenarbeiten und die Zeit im Takt halten. Das skelettierte Zifferblatt verbirgt wenig und \u00fcberl\u00e4sst nichts der Vorstellungskraft, denn Hamilton zieht alle Register, um unser Know-how unter Beweis zu stellen.<\/span><\/p>\n","protected":false},"excerpt":{"rendered":"<p>Die Jazzmaster Viewmatic Skeleton Lady zeigt Hemmung, Feder und Federhaus des H-10-S Kalibers, wie sie nahtlos und best\u00e4ndig zusammenarbeiten und die Zeit im Takt halten. Das skelettierte Zifferblatt verbirgt wenig und \u00fcberl\u00e4sst nichts der Vorstellungskraft, denn Hamilton zieht alle Register, um unser Know-how unter Beweis zu stellen.<\/p>\n","protected":false},"featured_media":128357,"template":"","meta":{"_acf_changed":false,"_seopress_robots_primary_cat":"","_seopress_titles_title":"","_seopress_titles_desc":"","_seopress_robots_index":""},"brand":[27085],"product_brand":[],"product_cat":[27137,27181,27243,27123],"product_tag":[],"class_list":{"0":"post-128361","1":"product","2":"type-product","3":"status-publish","4":"has-post-thumbnail","6":"brand-hamilton-de","7":"product_cat-bracelet-ajustable-de","8":"product_cat-hamilton-de","9":"product_cat-jazzmaster-de","10":"product_cat-uhren","11":"pa_couleurduboitier-grau-de","12":"pa_couleurducadran-weiss","13":"pa_etancheite-50m-de","14":"pa_forme-runden","15":"pa_garantie-24monate","16":"pa_genre-frau","17":"pa_matiere-stahl","18":"pa_matierebraceletmontre-edelstahl","19":"pa_mouvement-automatik-de","20":"pa_swissmade-ja-de","21":"pa_typedemontre-skelettuhren","22":"sales-flash-overlay","23":"woocommerce-text-align-center","24":"woocommerce-image-align-center","25":"do-quantity-buttons","27":"first","28":"instock","29":"taxable","30":"shipping-taxable","31":"purchasable","32":"product-type-simple"},"acf":[],"_links":{"self":[{"href":"https:\/\/lediamant.ch\/de\/wp-json\/wp\/v2\/product\/128361","targetHints":{"allow":["GET"]}}],"collection":[{"href":"https:\/\/lediamant.ch\/de\/wp-json\/wp\/v2\/product"}],"about":[{"href":"https:\/\/lediamant.ch\/de\/wp-json\/wp\/v2\/types\/product"}],"wp:featuredmedia":[{"embeddable":true,"href":"https:\/\/lediamant.ch\/de\/wp-json\/wp\/v2\/media\/128357"}],"wp:attachment":[{"href":"https:\/\/lediamant.ch\/de\/wp-json\/wp\/v2\/media?parent=128361"}],"wp:term":[{"taxonomy":"brand","embeddable":true,"href":"https:\/\/lediamant.ch\/de\/wp-json\/wp\/v2\/brand?post=128361"},{"taxonomy":"product_brand","embeddable":true,"href":"https:\/\/lediamant.ch\/de\/wp-json\/wp\/v2\/product_brand?post=128361"},{"taxonomy":"product_cat","embeddable":true,"href":"https:\/\/lediamant.ch\/de\/wp-json\/wp\/v2\/product_cat?post=128361"},{"taxonomy":"product_tag","embeddable":true,"href":"https:\/\/lediamant.ch\/de\/wp-json\/wp\/v2\/product_tag?post=128361"}],"curies":[{"name":"wp","href":"https:\/\/api.w.org\/{rel}","templated":true}]}}