{"id":128493,"date":"2020-03-16T15:21:51","date_gmt":"2020-03-16T14:21:51","guid":{"rendered":"https:\/\/lediamant.ch\/produit\/uhren-de\/hamilton-de\/jazzmaster-de\/hamilton-jazzmaster-viewmatic-auto-automatik-40mm\/"},"modified":"2024-12-19T13:27:03","modified_gmt":"2024-12-19T12:27:03","slug":"hamilton-jazzmaster-viewmatic-auto-automatik-40mm","status":"publish","type":"product","link":"https:\/\/lediamant.ch\/de\/uhren\/128493-hamilton-jazzmaster-viewmatic-auto-automatik-40mm\/","title":{"rendered":"Hamilton Jazzmaster Viewmatic Auto 40mm"},"content":{"rendered":"<p><span style=\"color: #1c1c1c; font-family: Montserrat, sans-serif; font-size: 14px; background-color: #ffffff;\">Der transparente Geh\u00e4useboden der Viewmatic ist die perfekte Gelegenheit, einen Einblick in das harmonische Zusammenwirken von zeitgen\u00f6ssischer Uhrmacherkunst und Qualit\u00e4tshandwerk zu erhalten. Die Frontseite dieser Uhr ist mindestens ebenso faszinierend wie der Boden.<\/span><\/p>\n","protected":false},"excerpt":{"rendered":"<p>Der transparente Geh\u00e4useboden der Viewmatic ist die perfekte Gelegenheit, einen Einblick in das harmonische Zusammenwirken von zeitgen\u00f6ssischer Uhrmacherkunst und Qualit\u00e4tshandwerk zu erhalten. Die Frontseite dieser Uhr ist mindestens ebenso faszinierend wie der Boden.<\/p>\n","protected":false},"featured_media":128487,"template":"","meta":{"_acf_changed":false,"_seopress_robots_primary_cat":"27181","_seopress_titles_title":"%%post_title%%","_seopress_titles_desc":"Entdecken Sie das harmonische Zusammenspiel von Uhrmacherkunst und Qualit\u00e4t bei der Viewmatic durch den transparenten Geh\u00e4useboden.","_seopress_robots_index":""},"brand":[27085],"product_brand":[],"product_cat":[27137,27181,27243,27123],"product_tag":[],"class_list":{"0":"post-128493","1":"product","2":"type-product","3":"status-publish","4":"has-post-thumbnail","6":"brand-hamilton-de","7":"product_cat-bracelet-ajustable-de","8":"product_cat-hamilton-de","9":"product_cat-jazzmaster-de","10":"product_cat-uhren","11":"pa_couleurduboitier-grau-de","12":"pa_couleurducadran-schwarz","13":"pa_etancheite-50m-de","14":"pa_forme-runden","15":"pa_garantie-24monate","16":"pa_genre-mann","17":"pa_matiere-stahl","18":"pa_matierebraceletmontre-edelstahl","19":"pa_mouvement-automatik-de","20":"pa_swissmade-ja-de","21":"sales-flash-overlay","22":"woocommerce-text-align-center","23":"woocommerce-image-align-center","24":"do-quantity-buttons","26":"first","27":"instock","28":"taxable","29":"shipping-taxable","30":"purchasable","31":"product-type-simple"},"acf":[],"_links":{"self":[{"href":"https:\/\/lediamant.ch\/de\/wp-json\/wp\/v2\/product\/128493","targetHints":{"allow":["GET"]}}],"collection":[{"href":"https:\/\/lediamant.ch\/de\/wp-json\/wp\/v2\/product"}],"about":[{"href":"https:\/\/lediamant.ch\/de\/wp-json\/wp\/v2\/types\/product"}],"wp:featuredmedia":[{"embeddable":true,"href":"https:\/\/lediamant.ch\/de\/wp-json\/wp\/v2\/media\/128487"}],"wp:attachment":[{"href":"https:\/\/lediamant.ch\/de\/wp-json\/wp\/v2\/media?parent=128493"}],"wp:term":[{"taxonomy":"brand","embeddable":true,"href":"https:\/\/lediamant.ch\/de\/wp-json\/wp\/v2\/brand?post=128493"},{"taxonomy":"product_brand","embeddable":true,"href":"https:\/\/lediamant.ch\/de\/wp-json\/wp\/v2\/product_brand?post=128493"},{"taxonomy":"product_cat","embeddable":true,"href":"https:\/\/lediamant.ch\/de\/wp-json\/wp\/v2\/product_cat?post=128493"},{"taxonomy":"product_tag","embeddable":true,"href":"https:\/\/lediamant.ch\/de\/wp-json\/wp\/v2\/product_tag?post=128493"}],"curies":[{"name":"wp","href":"https:\/\/api.w.org\/{rel}","templated":true}]}}