{"id":128635,"date":"2020-03-16T15:22:15","date_gmt":"2020-03-16T14:22:15","guid":{"rendered":"https:\/\/lediamant.ch\/produit\/uhren-de\/hamilton-de\/jazzmaster-de\/hamilton-jazzmaster-auto-chrono-automatik-42mm-3\/"},"modified":"2020-03-16T15:22:15","modified_gmt":"2020-03-16T14:22:15","slug":"hamilton-jazzmaster-auto-chrono-automatik-42mm-3","status":"publish","type":"product","link":"https:\/\/lediamant.ch\/de\/uhren\/128635-hamilton-jazzmaster-auto-chrono-automatik-42mm-3\/","title":{"rendered":"Hamilton Jazzmaster Auto Chrono Automatik | 42mm"},"content":{"rendered":"<p><span style=\"color:#1c1c1c;font-family:Montserrat, sans-serif;font-size:14px;background-color:#ffffff;\">Die Jazzmaster Auto Chrono passt sich leicht den Rhythmen des modernen Lebens an und folgt zugleich ihrem ganz eigenen Takt. F\u00fcr alle, die Tradition lieben, aber Innovation zu sch\u00e4tzen wissen, ist das H-21 mit seiner Gangreserve von 60 Stunden von einem Geh\u00e4use mit sanft abgerundeten und klaren Linien die richtige Wahl.<\/span><\/p>\n","protected":false},"excerpt":{"rendered":"<p>Die Jazzmaster Auto Chrono passt sich leicht den Rhythmen des modernen Lebens an und folgt zugleich ihrem ganz eigenen Takt. F\u00fcr alle, die Tradition lieben, aber Innovation zu sch\u00e4tzen wissen, ist das H-21 mit seiner Gangreserve von 60 Stunden von einem Geh\u00e4use mit sanft abgerundeten und klaren Linien die richtige Wahl.<\/p>\n","protected":false},"featured_media":128627,"template":"","meta":{"_acf_changed":false,"_seopress_robots_primary_cat":"","_seopress_titles_title":"","_seopress_titles_desc":"","_seopress_robots_index":""},"brand":[27085],"product_brand":[],"product_cat":[27137,27181,27243,27123],"product_tag":[],"class_list":{"0":"post-128635","1":"product","2":"type-product","3":"status-publish","4":"has-post-thumbnail","6":"brand-hamilton-de","7":"product_cat-bracelet-ajustable-de","8":"product_cat-hamilton-de","9":"product_cat-jazzmaster-de","10":"product_cat-uhren","11":"pa_couleurduboitier-grau-de","12":"pa_couleurducadran-anthrazit","13":"pa_etancheite-100m-de","14":"pa_forme-runden","15":"pa_garantie-24monate","16":"pa_genre-mann","17":"pa_matiere-stahl","18":"pa_matierebraceletmontre-edelstahl","19":"pa_mouvement-automatik-de","20":"pa_swissmade-ja-de","21":"pa_typedemontre-chronograph-de","22":"sales-flash-overlay","23":"woocommerce-text-align-center","24":"woocommerce-image-align-center","25":"do-quantity-buttons","27":"first","28":"instock","29":"taxable","30":"shipping-taxable","31":"purchasable","32":"product-type-simple"},"acf":[],"_links":{"self":[{"href":"https:\/\/lediamant.ch\/de\/wp-json\/wp\/v2\/product\/128635","targetHints":{"allow":["GET"]}}],"collection":[{"href":"https:\/\/lediamant.ch\/de\/wp-json\/wp\/v2\/product"}],"about":[{"href":"https:\/\/lediamant.ch\/de\/wp-json\/wp\/v2\/types\/product"}],"wp:featuredmedia":[{"embeddable":true,"href":"https:\/\/lediamant.ch\/de\/wp-json\/wp\/v2\/media\/128627"}],"wp:attachment":[{"href":"https:\/\/lediamant.ch\/de\/wp-json\/wp\/v2\/media?parent=128635"}],"wp:term":[{"taxonomy":"brand","embeddable":true,"href":"https:\/\/lediamant.ch\/de\/wp-json\/wp\/v2\/brand?post=128635"},{"taxonomy":"product_brand","embeddable":true,"href":"https:\/\/lediamant.ch\/de\/wp-json\/wp\/v2\/product_brand?post=128635"},{"taxonomy":"product_cat","embeddable":true,"href":"https:\/\/lediamant.ch\/de\/wp-json\/wp\/v2\/product_cat?post=128635"},{"taxonomy":"product_tag","embeddable":true,"href":"https:\/\/lediamant.ch\/de\/wp-json\/wp\/v2\/product_tag?post=128635"}],"curies":[{"name":"wp","href":"https:\/\/api.w.org\/{rel}","templated":true}]}}