{"id":128777,"date":"2020-03-16T15:22:52","date_gmt":"2020-03-16T14:22:52","guid":{"rendered":"https:\/\/lediamant.ch\/produit\/uhren-de\/hamilton-de\/jazzmaster-de\/hamilton-jazzmaster-open-heart-auto-automatik-42mm-4\/"},"modified":"2024-11-01T13:39:54","modified_gmt":"2024-11-01T12:39:54","slug":"hamilton-jazzmaster-open-heart-auto-automatik-42mm-4","status":"publish","type":"product","link":"https:\/\/lediamant.ch\/de\/uhren\/128777-hamilton-jazzmaster-open-heart-auto-42mm-h32705141\/","title":{"rendered":"Hamilton Jazzmaster Open Heart Automatik | 42mm"},"content":{"rendered":"<p><span style=\"color: #1c1c1c; font-family: Montserrat, sans-serif; font-size: 14px; background-color: #ffffff;\">Mit ihrem perfekten Gleichgewicht zwischen Tradition und Innovation bietet die Jazzmaster Open Heart einen Einblick in ihr Schweizer Pr\u00e4zisionsuhrwerk. Die Qualit\u00e4tsmaterialien und das breite Angebot an Zifferbl\u00e4ttern und Armb\u00e4ndern der Kollektion zeigen Hamilton von seiner besten Seite.<\/span><\/p>\n","protected":false},"excerpt":{"rendered":"<p>Mit ihrem perfekten Gleichgewicht zwischen Tradition und Innovation bietet die Jazzmaster Open Heart einen Einblick in ihr Schweizer Pr\u00e4zisionsuhrwerk. Die Qualit\u00e4tsmaterialien und das breite Angebot an Zifferbl\u00e4ttern und Armb\u00e4ndern der Kollektion zeigen Hamilton von seiner besten Seite.<\/p>\n","protected":false},"featured_media":214429,"template":"","meta":{"_acf_changed":false,"_seopress_robots_primary_cat":"27243","_seopress_titles_title":"","_seopress_titles_desc":"Die Jazzmaster Open Heart zeigt Schweizer Pr\u00e4zision und vereint Tradition und Innovation. Hamilton-Qualit\u00e4t in jedem Detail.","_seopress_robots_index":""},"brand":[27085],"product_brand":[],"product_cat":[27137,27181,27243,27123],"product_tag":[],"class_list":{"0":"post-128777","1":"product","2":"type-product","3":"status-publish","4":"has-post-thumbnail","6":"brand-hamilton-de","7":"product_cat-bracelet-ajustable-de","8":"product_cat-hamilton-de","9":"product_cat-jazzmaster-de","10":"product_cat-uhren","11":"pa_couleurduboitier-grau-de","12":"pa_couleurducadran-blau","13":"pa_etancheite-50m-de","14":"pa_forme-runden","15":"pa_garantie-24monate","16":"pa_genre-mann","17":"pa_matiere-stahl","18":"pa_matierebraceletmontre-edelstahl","19":"pa_mouvement-automatik-de","20":"pa_swissmade-ja-de","21":"pa_typedemontre-skelettuhren","22":"sales-flash-overlay","23":"woocommerce-text-align-center","24":"woocommerce-image-align-center","25":"do-quantity-buttons","27":"first","28":"instock","29":"taxable","30":"shipping-taxable","31":"purchasable","32":"product-type-simple"},"acf":[],"_links":{"self":[{"href":"https:\/\/lediamant.ch\/de\/wp-json\/wp\/v2\/product\/128777","targetHints":{"allow":["GET"]}}],"collection":[{"href":"https:\/\/lediamant.ch\/de\/wp-json\/wp\/v2\/product"}],"about":[{"href":"https:\/\/lediamant.ch\/de\/wp-json\/wp\/v2\/types\/product"}],"wp:featuredmedia":[{"embeddable":true,"href":"https:\/\/lediamant.ch\/de\/wp-json\/wp\/v2\/media\/214429"}],"wp:attachment":[{"href":"https:\/\/lediamant.ch\/de\/wp-json\/wp\/v2\/media?parent=128777"}],"wp:term":[{"taxonomy":"brand","embeddable":true,"href":"https:\/\/lediamant.ch\/de\/wp-json\/wp\/v2\/brand?post=128777"},{"taxonomy":"product_brand","embeddable":true,"href":"https:\/\/lediamant.ch\/de\/wp-json\/wp\/v2\/product_brand?post=128777"},{"taxonomy":"product_cat","embeddable":true,"href":"https:\/\/lediamant.ch\/de\/wp-json\/wp\/v2\/product_cat?post=128777"},{"taxonomy":"product_tag","embeddable":true,"href":"https:\/\/lediamant.ch\/de\/wp-json\/wp\/v2\/product_tag?post=128777"}],"curies":[{"name":"wp","href":"https:\/\/api.w.org\/{rel}","templated":true}]}}