{"id":128901,"date":"2020-03-16T15:23:16","date_gmt":"2020-03-16T14:23:16","guid":{"rendered":"https:\/\/lediamant.ch\/produit\/uhren-de\/hamilton-de\/jazzmaster-de\/hamilton-jazzmaster-seaview-day-date-quartz-42mm\/"},"modified":"2020-03-16T15:23:16","modified_gmt":"2020-03-16T14:23:16","slug":"hamilton-jazzmaster-seaview-day-date-quartz-42mm","status":"publish","type":"product","link":"https:\/\/lediamant.ch\/de\/uhren\/128901-hamilton-jazzmaster-seaview-day-date-quartz-42mm\/","title":{"rendered":"Hamilton Jazzmaster Seaview Day Date Quartz| 42mm"},"content":{"rendered":"<p><span style=\"color:#1c1c1c;font-family:Montserrat, sans-serif;font-size:14px;background-color:#ffffff;\">Die Zeiten und Gezeiten warten auf niemanden. Mit der Jazzmaster Seaview Kollektion, ihrem sportlichen Geh\u00e4use und der drehbaren L\u00fcnette ist das auch nicht n\u00f6tig. Im Herzen dieser zuverl\u00e4ssigen Modelle arbeiten hochwertige und pr\u00e4zise Quarzwerke, die ein Gleichgewicht zwischen Seefahrtsstil und traditioneller Zeitmessung bilden.<\/span><\/p>\n","protected":false},"excerpt":{"rendered":"<p>Die Zeiten und Gezeiten warten auf niemanden. Mit der Jazzmaster Seaview Kollektion, ihrem sportlichen Geh\u00e4use und der drehbaren L\u00fcnette ist das auch nicht n\u00f6tig. Im Herzen dieser zuverl\u00e4ssigen Modelle arbeiten hochwertige und pr\u00e4zise Quarzwerke, die ein Gleichgewicht zwischen Seefahrtsstil und traditioneller Zeitmessung bilden.<\/p>\n","protected":false},"featured_media":128896,"template":"","meta":{"_acf_changed":false,"_seopress_robots_primary_cat":"","_seopress_titles_title":"","_seopress_titles_desc":"","_seopress_robots_index":""},"brand":[27085],"product_brand":[],"product_cat":[27137,27181,27243,27123],"product_tag":[],"class_list":{"0":"post-128901","1":"product","2":"type-product","3":"status-publish","4":"has-post-thumbnail","6":"brand-hamilton-de","7":"product_cat-bracelet-ajustable-de","8":"product_cat-hamilton-de","9":"product_cat-jazzmaster-de","10":"product_cat-uhren","11":"pa_couleurduboitier-grau-de","12":"pa_couleurducadran-schwarz","13":"pa_etancheite-100m-de","14":"pa_forme-runden","15":"pa_garantie-24monate","16":"pa_genre-mann","17":"pa_matiere-stahl","18":"pa_matierebraceletmontre-edelstahl","19":"pa_mouvement-quarzbatterie-de","20":"pa_swissmade-ja-de","21":"sales-flash-overlay","22":"woocommerce-text-align-center","23":"woocommerce-image-align-center","24":"do-quantity-buttons","26":"first","27":"instock","28":"taxable","29":"shipping-taxable","30":"purchasable","31":"product-type-simple"},"acf":[],"_links":{"self":[{"href":"https:\/\/lediamant.ch\/de\/wp-json\/wp\/v2\/product\/128901","targetHints":{"allow":["GET"]}}],"collection":[{"href":"https:\/\/lediamant.ch\/de\/wp-json\/wp\/v2\/product"}],"about":[{"href":"https:\/\/lediamant.ch\/de\/wp-json\/wp\/v2\/types\/product"}],"wp:featuredmedia":[{"embeddable":true,"href":"https:\/\/lediamant.ch\/de\/wp-json\/wp\/v2\/media\/128896"}],"wp:attachment":[{"href":"https:\/\/lediamant.ch\/de\/wp-json\/wp\/v2\/media?parent=128901"}],"wp:term":[{"taxonomy":"brand","embeddable":true,"href":"https:\/\/lediamant.ch\/de\/wp-json\/wp\/v2\/brand?post=128901"},{"taxonomy":"product_brand","embeddable":true,"href":"https:\/\/lediamant.ch\/de\/wp-json\/wp\/v2\/product_brand?post=128901"},{"taxonomy":"product_cat","embeddable":true,"href":"https:\/\/lediamant.ch\/de\/wp-json\/wp\/v2\/product_cat?post=128901"},{"taxonomy":"product_tag","embeddable":true,"href":"https:\/\/lediamant.ch\/de\/wp-json\/wp\/v2\/product_tag?post=128901"}],"curies":[{"name":"wp","href":"https:\/\/api.w.org\/{rel}","templated":true}]}}