{"id":129099,"date":"2020-03-16T15:23:58","date_gmt":"2020-03-16T14:23:58","guid":{"rendered":"https:\/\/lediamant.ch\/produit\/uhren-de\/hamilton-de\/jazzmaster-de\/hamilton-jazzmaster-thinline-auto-automatik-40mm-6\/"},"modified":"2020-03-16T15:23:58","modified_gmt":"2020-03-16T14:23:58","slug":"hamilton-jazzmaster-thinline-auto-automatik-40mm-6","status":"publish","type":"product","link":"https:\/\/lediamant.ch\/de\/uhren\/129099-hamilton-jazzmaster-thinline-auto-automatik-40mm-6\/","title":{"rendered":"Hamilton Jazzmaster Thinline Auto Automatik | 40mm"},"content":{"rendered":"<p><span style=\"color:#1c1c1c;font-family:Montserrat, sans-serif;font-size:14px;background-color:#ffffff;\">Mit der Jazzmaster Thinline Automatic k\u00f6nnen Sie einen Hamilton Zeitmesser ganz nach Ihrem eigenen Stil kreieren. Es stehen vier verschiedene Zifferbl\u00e4tter und Farbkombinationen f\u00fcr das Armband zur Auswahl. So k\u00f6nnen Sie Ihr Armband ganz nach Lust und Laune wechseln und dabei aus einer Palette brauner, schwarzer und olivgr\u00fcner Armb\u00e4nder w\u00e4hlen.<\/span><\/p>\n","protected":false},"excerpt":{"rendered":"<p>Mit der Jazzmaster Thinline Automatic k\u00f6nnen Sie einen Hamilton Zeitmesser ganz nach Ihrem eigenen Stil kreieren. Es stehen vier verschiedene Zifferbl\u00e4tter und Farbkombinationen f\u00fcr das Armband zur Auswahl. So k\u00f6nnen Sie Ihr Armband ganz nach Lust und Laune wechseln und dabei aus einer Palette brauner, schwarzer und olivgr\u00fcner Armb\u00e4nder w\u00e4hlen.<\/p>\n","protected":false},"featured_media":129084,"template":"","meta":{"_acf_changed":false,"_seopress_robots_primary_cat":"","_seopress_titles_title":"","_seopress_titles_desc":"","_seopress_robots_index":""},"brand":[27085],"product_brand":[],"product_cat":[27181,27243,27123],"product_tag":[],"class_list":{"0":"post-129099","1":"product","2":"type-product","3":"status-publish","4":"has-post-thumbnail","6":"brand-hamilton-de","7":"product_cat-hamilton-de","8":"product_cat-jazzmaster-de","9":"product_cat-uhren","10":"pa_couleurduboitier-grau-de","11":"pa_couleurdubracelet-schwarz-de","12":"pa_couleurducadran-beige-de","13":"pa_etancheite-50m-de","14":"pa_forme-runden","15":"pa_garantie-24monate","16":"pa_genre-mann","17":"pa_matiere-stahl","18":"pa_matierebraceletmontre-leder","19":"pa_mouvement-automatik-de","20":"pa_swissmade-ja-de","21":"sales-flash-overlay","22":"woocommerce-text-align-center","23":"woocommerce-image-align-center","24":"do-quantity-buttons","26":"first","27":"instock","28":"taxable","29":"shipping-taxable","30":"purchasable","31":"product-type-simple"},"acf":[],"_links":{"self":[{"href":"https:\/\/lediamant.ch\/de\/wp-json\/wp\/v2\/product\/129099","targetHints":{"allow":["GET"]}}],"collection":[{"href":"https:\/\/lediamant.ch\/de\/wp-json\/wp\/v2\/product"}],"about":[{"href":"https:\/\/lediamant.ch\/de\/wp-json\/wp\/v2\/types\/product"}],"wp:featuredmedia":[{"embeddable":true,"href":"https:\/\/lediamant.ch\/de\/wp-json\/wp\/v2\/media\/129084"}],"wp:attachment":[{"href":"https:\/\/lediamant.ch\/de\/wp-json\/wp\/v2\/media?parent=129099"}],"wp:term":[{"taxonomy":"brand","embeddable":true,"href":"https:\/\/lediamant.ch\/de\/wp-json\/wp\/v2\/brand?post=129099"},{"taxonomy":"product_brand","embeddable":true,"href":"https:\/\/lediamant.ch\/de\/wp-json\/wp\/v2\/product_brand?post=129099"},{"taxonomy":"product_cat","embeddable":true,"href":"https:\/\/lediamant.ch\/de\/wp-json\/wp\/v2\/product_cat?post=129099"},{"taxonomy":"product_tag","embeddable":true,"href":"https:\/\/lediamant.ch\/de\/wp-json\/wp\/v2\/product_tag?post=129099"}],"curies":[{"name":"wp","href":"https:\/\/api.w.org\/{rel}","templated":true}]}}