{"id":129361,"date":"2020-03-16T15:25:30","date_gmt":"2020-03-16T14:25:30","guid":{"rendered":"https:\/\/lediamant.ch\/produit\/uhren-de\/hamilton-de\/khaki-field-de\/hamilton-khaki-field-king-automatik-40mm-2\/"},"modified":"2020-03-16T15:25:30","modified_gmt":"2020-03-16T14:25:30","slug":"hamilton-khaki-field-king-automatik-40mm-2","status":"publish","type":"product","link":"https:\/\/lediamant.ch\/de\/uhren\/129361-hamilton-khaki-field-king-automatik-40mm-2\/","title":{"rendered":"Hamilton Khaki Field King Automatik | 40mm"},"content":{"rendered":"<p><span style=\"color:#1c1c1c;font-family:Montserrat, sans-serif;font-size:14px;background-color:#ffffff;\">Das Zifferblatt der \u00e4sthetischen Khaki Field King Auto zeigt sich ganz in milit\u00e4rischem Design und betont das milit\u00e4rische Verm\u00e4chtnis Hamiltons. Speziell designte Schutzmechanismen garantieren jederzeit Sicherheit f\u00fcr die Krone. Lang lebe der K\u00f6nig.<\/span><\/p>\n","protected":false},"excerpt":{"rendered":"<p>Das Zifferblatt der \u00e4sthetischen Khaki Field King Auto zeigt sich ganz in milit\u00e4rischem Design und betont das milit\u00e4rische Verm\u00e4chtnis Hamiltons. Speziell designte Schutzmechanismen garantieren jederzeit Sicherheit f\u00fcr die Krone. Lang lebe der K\u00f6nig.<\/p>\n","protected":false},"featured_media":129354,"template":"","meta":{"_acf_changed":false,"_seopress_robots_primary_cat":"","_seopress_titles_title":"","_seopress_titles_desc":"","_seopress_robots_index":""},"brand":[27085],"product_brand":[],"product_cat":[27181,27291,27123],"product_tag":[],"class_list":{"0":"post-129361","1":"product","2":"type-product","3":"status-publish","4":"has-post-thumbnail","6":"brand-hamilton-de","7":"product_cat-hamilton-de","8":"product_cat-khaki-field-de","9":"product_cat-uhren","10":"pa_couleurduboitier-grau-de","11":"pa_couleurdubracelet-braun-de","12":"pa_couleurducadran-schwarz","13":"pa_etancheite-50m-de","14":"pa_forme-runden","15":"pa_garantie-24monate","16":"pa_genre-mann","17":"pa_matiere-stahl","18":"pa_matierebraceletmontre-leder","19":"pa_mouvement-automatik-de","20":"pa_swissmade-ja-de","21":"sales-flash-overlay","22":"woocommerce-text-align-center","23":"woocommerce-image-align-center","24":"do-quantity-buttons","26":"first","27":"instock","28":"taxable","29":"shipping-taxable","30":"purchasable","31":"product-type-simple"},"acf":[],"_links":{"self":[{"href":"https:\/\/lediamant.ch\/de\/wp-json\/wp\/v2\/product\/129361","targetHints":{"allow":["GET"]}}],"collection":[{"href":"https:\/\/lediamant.ch\/de\/wp-json\/wp\/v2\/product"}],"about":[{"href":"https:\/\/lediamant.ch\/de\/wp-json\/wp\/v2\/types\/product"}],"wp:featuredmedia":[{"embeddable":true,"href":"https:\/\/lediamant.ch\/de\/wp-json\/wp\/v2\/media\/129354"}],"wp:attachment":[{"href":"https:\/\/lediamant.ch\/de\/wp-json\/wp\/v2\/media?parent=129361"}],"wp:term":[{"taxonomy":"brand","embeddable":true,"href":"https:\/\/lediamant.ch\/de\/wp-json\/wp\/v2\/brand?post=129361"},{"taxonomy":"product_brand","embeddable":true,"href":"https:\/\/lediamant.ch\/de\/wp-json\/wp\/v2\/product_brand?post=129361"},{"taxonomy":"product_cat","embeddable":true,"href":"https:\/\/lediamant.ch\/de\/wp-json\/wp\/v2\/product_cat?post=129361"},{"taxonomy":"product_tag","embeddable":true,"href":"https:\/\/lediamant.ch\/de\/wp-json\/wp\/v2\/product_tag?post=129361"}],"curies":[{"name":"wp","href":"https:\/\/api.w.org\/{rel}","templated":true}]}}