{"id":129451,"date":"2020-03-16T15:26:07","date_gmt":"2020-03-16T14:26:07","guid":{"rendered":"https:\/\/lediamant.ch\/produit\/uhren-de\/hamilton-de\/khaki-field-de\/hamilton-khaki-field-quartz-40mm\/"},"modified":"2020-03-16T15:26:07","modified_gmt":"2020-03-16T14:26:07","slug":"hamilton-khaki-field-quartz-40mm","status":"publish","type":"product","link":"https:\/\/lediamant.ch\/de\/uhren\/129451-hamilton-khaki-field-quartz-40mm\/","title":{"rendered":"Hamilton Khaki Field Quartz | 40mm"},"content":{"rendered":"<p><span style=\"color:#1c1c1c;font-family:Montserrat, sans-serif;font-size:14px;background-color:#ffffff;\">Dieser Uhr sieht man ihre historische Verbindung zum Milit\u00e4r ebenso auf den ersten Blick an wie die Liebe f\u00fcr Details und f\u00fcr ein markantes Design. Dank ihrer starken Identit\u00e4t passt sie perfekt zu einer Vielzahl an Looks und spricht garantiert B\u00e4nde \u00fcber ihren Tr\u00e4ger. Ein Quarzwerk bereichert den Lifestyle des 21. Jahrhunderts durch Komfort und Zuverl\u00e4ssigkeit.<\/span><\/p>\n","protected":false},"excerpt":{"rendered":"<p>Dieser Uhr sieht man ihre historische Verbindung zum Milit\u00e4r ebenso auf den ersten Blick an wie die Liebe f\u00fcr Details und f\u00fcr ein markantes Design. Dank ihrer starken Identit\u00e4t passt sie perfekt zu einer Vielzahl an Looks und spricht garantiert B\u00e4nde \u00fcber ihren Tr\u00e4ger. Ein Quarzwerk bereichert den Lifestyle des 21. Jahrhunderts durch Komfort und &#8230; <a title=\"Hamilton Khaki Field Quartz | 40mm\" class=\"read-more\" href=\"https:\/\/lediamant.ch\/de\/uhren\/129451-hamilton-khaki-field-quartz-40mm\/\" aria-label=\"Mehr Informationen \u00fcber Hamilton Khaki Field Quartz | 40mm\">Weiterlesen &#8230;<\/a><\/p>\n","protected":false},"featured_media":129442,"template":"","meta":{"_acf_changed":false,"_seopress_robots_primary_cat":"","_seopress_titles_title":"","_seopress_titles_desc":"","_seopress_robots_index":""},"brand":[27085],"product_brand":[],"product_cat":[27181,27291,27123],"product_tag":[],"class_list":{"0":"post-129451","1":"product","2":"type-product","3":"status-publish","4":"has-post-thumbnail","6":"brand-hamilton-de","7":"product_cat-hamilton-de","8":"product_cat-khaki-field-de","9":"product_cat-uhren","10":"pa_couleurduboitier-schwarz-de","11":"pa_couleurdubracelet-schwarz-de","12":"pa_couleurducadran-schwarz","13":"pa_etancheite-50m-de","14":"pa_forme-runden","15":"pa_garantie-24monate","16":"pa_genre-mann","17":"pa_matiere-schwarzespvd","18":"pa_matierebraceletmontre-kautschuk","19":"pa_mouvement-quarzbatterie-de","20":"pa_swissmade-ja-de","21":"sales-flash-overlay","22":"woocommerce-text-align-center","23":"woocommerce-image-align-center","24":"do-quantity-buttons","26":"first","27":"instock","28":"taxable","29":"shipping-taxable","30":"purchasable","31":"product-type-simple"},"acf":[],"_links":{"self":[{"href":"https:\/\/lediamant.ch\/de\/wp-json\/wp\/v2\/product\/129451","targetHints":{"allow":["GET"]}}],"collection":[{"href":"https:\/\/lediamant.ch\/de\/wp-json\/wp\/v2\/product"}],"about":[{"href":"https:\/\/lediamant.ch\/de\/wp-json\/wp\/v2\/types\/product"}],"wp:featuredmedia":[{"embeddable":true,"href":"https:\/\/lediamant.ch\/de\/wp-json\/wp\/v2\/media\/129442"}],"wp:attachment":[{"href":"https:\/\/lediamant.ch\/de\/wp-json\/wp\/v2\/media?parent=129451"}],"wp:term":[{"taxonomy":"brand","embeddable":true,"href":"https:\/\/lediamant.ch\/de\/wp-json\/wp\/v2\/brand?post=129451"},{"taxonomy":"product_brand","embeddable":true,"href":"https:\/\/lediamant.ch\/de\/wp-json\/wp\/v2\/product_brand?post=129451"},{"taxonomy":"product_cat","embeddable":true,"href":"https:\/\/lediamant.ch\/de\/wp-json\/wp\/v2\/product_cat?post=129451"},{"taxonomy":"product_tag","embeddable":true,"href":"https:\/\/lediamant.ch\/de\/wp-json\/wp\/v2\/product_tag?post=129451"}],"curies":[{"name":"wp","href":"https:\/\/api.w.org\/{rel}","templated":true}]}}