{"id":129495,"date":"2020-03-16T15:26:13","date_gmt":"2020-03-16T14:26:13","guid":{"rendered":"https:\/\/lediamant.ch\/produit\/uhren-de\/hamilton-de\/khaki-field-de\/hamilton-khaki-field-mechanical-handaufzug-38mm-3\/"},"modified":"2020-03-16T15:26:13","modified_gmt":"2020-03-16T14:26:13","slug":"hamilton-khaki-field-mechanical-handaufzug-38mm-3","status":"publish","type":"product","link":"https:\/\/lediamant.ch\/de\/uhren\/129495-hamilton-khaki-field-mechanical-handaufzug-38mm-3\/","title":{"rendered":"Hamilton Khaki Field Mechanical Handaufzug | 38mm"},"content":{"rendered":"<p><span style=\"color:#1c1c1c;font-family:Montserrat, sans-serif;font-size:14px;background-color:#ffffff;\">Mit ihrem 38-mm-Geh\u00e4use aus mattem Edelstahl, drei Zeigern, einem wei\u00dfen Zifferblatt sowie dreieckigen Indizes mit Super-LumiNova\u00ae in Vintage-Leuchtfarbe und dem langlebigen NATO-Armband ist die neue Khaki Field Mechanical eine zuverl\u00e4ssige Neuauflage ihrer Vorg\u00e4ngerin aus den 1960er-Jahren und bleibt dem milit\u00e4rischen Verm\u00e4chtnis Hamiltons treu. Sie wurde vom Milit\u00e4r inspiriert und f\u00fcr dauerhafte Haltbarkeit gebaut: die traditionelle Soldatenuhr.<\/span><\/p>\n","protected":false},"excerpt":{"rendered":"<p>Mit ihrem 38-mm-Geh\u00e4use aus mattem Edelstahl, drei Zeigern, einem wei\u00dfen Zifferblatt sowie dreieckigen Indizes mit Super-LumiNova\u00ae in Vintage-Leuchtfarbe und dem langlebigen NATO-Armband ist die neue Khaki Field Mechanical eine zuverl\u00e4ssige Neuauflage ihrer Vorg\u00e4ngerin aus den 1960er-Jahren und bleibt dem milit\u00e4rischen Verm\u00e4chtnis Hamiltons treu. Sie wurde vom Milit\u00e4r inspiriert und f\u00fcr dauerhafte Haltbarkeit gebaut: die traditionelle &#8230; <a title=\"Hamilton Khaki Field Mechanical Handaufzug | 38mm\" class=\"read-more\" href=\"https:\/\/lediamant.ch\/de\/uhren\/129495-hamilton-khaki-field-mechanical-handaufzug-38mm-3\/\" aria-label=\"Mehr Informationen \u00fcber Hamilton Khaki Field Mechanical Handaufzug | 38mm\">Weiterlesen &#8230;<\/a><\/p>\n","protected":false},"featured_media":129490,"template":"","meta":{"_acf_changed":false,"_seopress_robots_primary_cat":"","_seopress_titles_title":"","_seopress_titles_desc":"","_seopress_robots_index":""},"brand":[27085],"product_brand":[],"product_cat":[27181,27291,27123],"product_tag":[],"class_list":{"0":"post-129495","1":"product","2":"type-product","3":"status-publish","4":"has-post-thumbnail","6":"brand-hamilton-de","7":"product_cat-hamilton-de","8":"product_cat-khaki-field-de","9":"product_cat-uhren","10":"pa_couleurduboitier-grau-de","11":"pa_couleurdubracelet-braun-de","12":"pa_couleurducadran-weiss","13":"pa_etancheite-50m-de","14":"pa_forme-runden","15":"pa_genre-mann","16":"pa_matiere-stahl","17":"pa_matierebraceletmontre-leder","18":"pa_swissmade-ja-de","19":"pa_typedemontre-uhrenmithandaufzug","20":"sales-flash-overlay","21":"woocommerce-text-align-center","22":"woocommerce-image-align-center","23":"do-quantity-buttons","25":"first","26":"instock","27":"taxable","28":"shipping-taxable","29":"purchasable","30":"product-type-simple"},"acf":[],"_links":{"self":[{"href":"https:\/\/lediamant.ch\/de\/wp-json\/wp\/v2\/product\/129495","targetHints":{"allow":["GET"]}}],"collection":[{"href":"https:\/\/lediamant.ch\/de\/wp-json\/wp\/v2\/product"}],"about":[{"href":"https:\/\/lediamant.ch\/de\/wp-json\/wp\/v2\/types\/product"}],"wp:featuredmedia":[{"embeddable":true,"href":"https:\/\/lediamant.ch\/de\/wp-json\/wp\/v2\/media\/129490"}],"wp:attachment":[{"href":"https:\/\/lediamant.ch\/de\/wp-json\/wp\/v2\/media?parent=129495"}],"wp:term":[{"taxonomy":"brand","embeddable":true,"href":"https:\/\/lediamant.ch\/de\/wp-json\/wp\/v2\/brand?post=129495"},{"taxonomy":"product_brand","embeddable":true,"href":"https:\/\/lediamant.ch\/de\/wp-json\/wp\/v2\/product_brand?post=129495"},{"taxonomy":"product_cat","embeddable":true,"href":"https:\/\/lediamant.ch\/de\/wp-json\/wp\/v2\/product_cat?post=129495"},{"taxonomy":"product_tag","embeddable":true,"href":"https:\/\/lediamant.ch\/de\/wp-json\/wp\/v2\/product_tag?post=129495"}],"curies":[{"name":"wp","href":"https:\/\/api.w.org\/{rel}","templated":true}]}}