{"id":129581,"date":"2020-03-16T15:26:33","date_gmt":"2020-03-16T14:26:33","guid":{"rendered":"https:\/\/lediamant.ch\/produit\/uhren-de\/hamilton-de\/khaki-field-de\/hamilton-khaki-field-auto-automatik-38mm-2\/"},"modified":"2020-03-16T15:26:33","modified_gmt":"2020-03-16T14:26:33","slug":"hamilton-khaki-field-auto-automatik-38mm-2","status":"publish","type":"product","link":"https:\/\/lediamant.ch\/de\/uhren\/129581-hamilton-khaki-field-auto-automatik-38mm-2\/","title":{"rendered":"Hamilton Khaki Field Auto Automatik | 38mm"},"content":{"rendered":"<p><span style=\"color:#1c1c1c;font-family:Montserrat, sans-serif;font-size:14px;background-color:#ffffff;\">Wenn Sie eine Expedition planen, muss Ihre Grundausr\u00fcstung zuverl\u00e4ssig, widerstandsf\u00e4hig, funktional und kompakt sein. Wenn es um milit\u00e4risch inspirierte Eigenschaften geht, h\u00e4lt diese 38-mm-Uhr sogar mehr, als sie verspricht. Mit ihrem markanten Look und dem robusten Geh\u00e4use und Armband, verst\u00e4rkt von einem leistungsstarken Uhrwerk, wird sie Sie nicht im Stich lassen. Dank der Gangreserve von 80 Stunden, die das Automatikwerk H-10 bietet, begleitet Sie die Khaki Field Auto \u00fcberall hin.<\/span><\/p>\n","protected":false},"excerpt":{"rendered":"<p>Wenn Sie eine Expedition planen, muss Ihre Grundausr\u00fcstung zuverl\u00e4ssig, widerstandsf\u00e4hig, funktional und kompakt sein. Wenn es um milit\u00e4risch inspirierte Eigenschaften geht, h\u00e4lt diese 38-mm-Uhr sogar mehr, als sie verspricht. Mit ihrem markanten Look und dem robusten Geh\u00e4use und Armband, verst\u00e4rkt von einem leistungsstarken Uhrwerk, wird sie Sie nicht im Stich lassen. Dank der Gangreserve von &#8230; <a title=\"Hamilton Khaki Field Auto Automatik | 38mm\" class=\"read-more\" href=\"https:\/\/lediamant.ch\/de\/uhren\/129581-hamilton-khaki-field-auto-automatik-38mm-2\/\" aria-label=\"Mehr Informationen \u00fcber Hamilton Khaki Field Auto Automatik | 38mm\">Weiterlesen &#8230;<\/a><\/p>\n","protected":false},"featured_media":129570,"template":"","meta":{"_acf_changed":false,"_seopress_robots_primary_cat":"","_seopress_titles_title":"","_seopress_titles_desc":"","_seopress_robots_index":""},"brand":[27085],"product_brand":[],"product_cat":[27181,27291,27123],"product_tag":[],"class_list":{"0":"post-129581","1":"product","2":"type-product","3":"status-publish","4":"has-post-thumbnail","6":"brand-hamilton-de","7":"product_cat-hamilton-de","8":"product_cat-khaki-field-de","9":"product_cat-uhren","10":"pa_couleurduboitier-grau-de","11":"pa_couleurdubracelet-braun-de","12":"pa_couleurducadran-schwarz","13":"pa_etancheite-100m-de","14":"pa_forme-runden","15":"pa_garantie-24monate","16":"pa_genre-mann","17":"pa_matiere-stahl","18":"pa_matierebraceletmontre-leder","19":"pa_mouvement-automatik-de","20":"pa_swissmade-ja-de","21":"sales-flash-overlay","22":"woocommerce-text-align-center","23":"woocommerce-image-align-center","24":"do-quantity-buttons","26":"first","27":"instock","28":"taxable","29":"shipping-taxable","30":"purchasable","31":"product-type-simple"},"acf":[],"_links":{"self":[{"href":"https:\/\/lediamant.ch\/de\/wp-json\/wp\/v2\/product\/129581","targetHints":{"allow":["GET"]}}],"collection":[{"href":"https:\/\/lediamant.ch\/de\/wp-json\/wp\/v2\/product"}],"about":[{"href":"https:\/\/lediamant.ch\/de\/wp-json\/wp\/v2\/types\/product"}],"wp:featuredmedia":[{"embeddable":true,"href":"https:\/\/lediamant.ch\/de\/wp-json\/wp\/v2\/media\/129570"}],"wp:attachment":[{"href":"https:\/\/lediamant.ch\/de\/wp-json\/wp\/v2\/media?parent=129581"}],"wp:term":[{"taxonomy":"brand","embeddable":true,"href":"https:\/\/lediamant.ch\/de\/wp-json\/wp\/v2\/brand?post=129581"},{"taxonomy":"product_brand","embeddable":true,"href":"https:\/\/lediamant.ch\/de\/wp-json\/wp\/v2\/product_brand?post=129581"},{"taxonomy":"product_cat","embeddable":true,"href":"https:\/\/lediamant.ch\/de\/wp-json\/wp\/v2\/product_cat?post=129581"},{"taxonomy":"product_tag","embeddable":true,"href":"https:\/\/lediamant.ch\/de\/wp-json\/wp\/v2\/product_tag?post=129581"}],"curies":[{"name":"wp","href":"https:\/\/api.w.org\/{rel}","templated":true}]}}