{"id":129605,"date":"2020-03-16T15:26:39","date_gmt":"2020-03-16T14:26:39","guid":{"rendered":"https:\/\/lediamant.ch\/produit\/uhren-de\/hamilton-de\/khaki-field-de\/hamilton-khaki-field-auto-automatik-42mm\/"},"modified":"2025-05-07T09:57:39","modified_gmt":"2025-05-07T07:57:39","slug":"hamilton-khaki-field-auto-42mm","status":"publish","type":"product","link":"https:\/\/lediamant.ch\/de\/uhren\/129605-hamilton-khaki-field-auto-42mm-h70515137\/","title":{"rendered":"Hamilton Khaki Field Auto Date 42mm"},"content":{"rendered":"<p>Inspiriert von der urspr\u00fcnglichen Soldatenuhr, verbindet die Khaki Field Automatic milit\u00e4risches Erbe und zeitgen\u00f6ssisches Design in einem vielseitigen Modell, das f\u00fcr die Pioniere der modernen Zeit entworfen wurde. Eine k\u00fchne \u00c4sthetik, ein robustes Geh\u00e4use und Armband und ein Uhrwerk, das Sie nicht im Stich lassen wird. Dank der 80 Stunden Gangreserve, die das exklusive Automatikkaliber H-10 bietet, ist die Khaki Field Auto 42 mm Ihr st\u00e4ndiger Begleiter. Entdecken Sie unsere Khaki Field Kollektion.<\/p>\n","protected":false},"excerpt":{"rendered":"<p>Inspiriert von der urspr\u00fcnglichen Soldatenuhr, verbindet die Khaki Field Automatic milit\u00e4risches Erbe und zeitgen\u00f6ssisches Design in einem vielseitigen Modell, das f\u00fcr die Pioniere der modernen Zeit entworfen wurde. Eine k\u00fchne \u00c4sthetik, ein robustes Geh\u00e4use und Armband und ein Uhrwerk, das Sie nicht im Stich lassen wird. Dank der 80 Stunden Gangreserve, die das exklusive Automatikkaliber &#8230; <a title=\"Hamilton Khaki Field Auto Date 42mm\" class=\"read-more\" href=\"https:\/\/lediamant.ch\/de\/uhren\/129605-hamilton-khaki-field-auto-42mm-h70515137\/\" aria-label=\"Mehr Informationen \u00fcber Hamilton Khaki Field Auto Date 42mm\">Weiterlesen &#8230;<\/a><\/p>\n","protected":false},"featured_media":217776,"template":"","meta":{"_acf_changed":false,"_seopress_robots_primary_cat":"27181","_seopress_titles_title":"","_seopress_titles_desc":"Erkunden Sie die Khaki Field Auto mit 80 Stunden Reserve, ein robustes Design f\u00fcr moderne Abenteurer. Eine perfekte Verschmelzung von Erbe und Moderne.","_seopress_robots_index":""},"brand":[27085],"product_brand":[],"product_cat":[27137,27181,27291,27123],"product_tag":[],"class_list":{"0":"post-129605","1":"product","2":"type-product","3":"status-publish","4":"has-post-thumbnail","6":"brand-hamilton-de","7":"product_cat-bracelet-ajustable-de","8":"product_cat-hamilton-de","9":"product_cat-khaki-field-de","10":"product_cat-uhren","11":"pa_couleurduboitier-grau-de","12":"pa_couleurdubracelet-grau-de","13":"pa_couleurducadran-schwarz","14":"pa_etancheite-100m-de","15":"pa_forme-runden","16":"pa_garantie-24monate","17":"pa_genre-mann","18":"pa_matiere-stahl","19":"pa_matierebraceletmontre-edelstahl","20":"pa_modele-de-mouvement-h-10-de","21":"pa_mouvement-automatik-de","22":"pa_option-boitier-transparenter-hintergrund","23":"pa_swissmade-ja-de","24":"pa_verre-saphir-de","25":"sales-flash-overlay","26":"woocommerce-text-align-center","27":"woocommerce-image-align-center","28":"do-quantity-buttons","30":"first","31":"instock","32":"taxable","33":"shipping-taxable","34":"purchasable","35":"product-type-simple"},"acf":[],"_links":{"self":[{"href":"https:\/\/lediamant.ch\/de\/wp-json\/wp\/v2\/product\/129605","targetHints":{"allow":["GET"]}}],"collection":[{"href":"https:\/\/lediamant.ch\/de\/wp-json\/wp\/v2\/product"}],"about":[{"href":"https:\/\/lediamant.ch\/de\/wp-json\/wp\/v2\/types\/product"}],"wp:featuredmedia":[{"embeddable":true,"href":"https:\/\/lediamant.ch\/de\/wp-json\/wp\/v2\/media\/217776"}],"wp:attachment":[{"href":"https:\/\/lediamant.ch\/de\/wp-json\/wp\/v2\/media?parent=129605"}],"wp:term":[{"taxonomy":"brand","embeddable":true,"href":"https:\/\/lediamant.ch\/de\/wp-json\/wp\/v2\/brand?post=129605"},{"taxonomy":"product_brand","embeddable":true,"href":"https:\/\/lediamant.ch\/de\/wp-json\/wp\/v2\/product_brand?post=129605"},{"taxonomy":"product_cat","embeddable":true,"href":"https:\/\/lediamant.ch\/de\/wp-json\/wp\/v2\/product_cat?post=129605"},{"taxonomy":"product_tag","embeddable":true,"href":"https:\/\/lediamant.ch\/de\/wp-json\/wp\/v2\/product_tag?post=129605"}],"curies":[{"name":"wp","href":"https:\/\/api.w.org\/{rel}","templated":true}]}}