{"id":129663,"date":"2020-03-16T15:26:45","date_gmt":"2020-03-16T14:26:45","guid":{"rendered":"https:\/\/lediamant.ch\/produit\/uhren-de\/hamilton-de\/khaki-field-de\/hamilton-khaki-field-auto-automatik-42mm-2\/"},"modified":"2025-05-07T09:44:12","modified_gmt":"2025-05-07T07:44:12","slug":"hamilton-khaki-field-auto-automatique-42mm-2","status":"publish","type":"product","link":"https:\/\/lediamant.ch\/de\/uhren\/129663-hamilton-khaki-field-auto-42mm-h70555533\/","title":{"rendered":"Hamilton Khaki Field Auto Date 42mm"},"content":{"rendered":"<p>Berge besteigen, durch den Wald streifen, den Gro\u00dfstadtdschungel durchqueren: Die Khaki Field Auto erf\u00fcllt alle Ihre Anforderungen im Gel\u00e4nde. Mit dem automatischen Kaliber H-10 und einer Gangreserve von 80 Stunden wird sie Sie nicht im Stich lassen.<\/p>\n","protected":false},"excerpt":{"rendered":"<p>Berge besteigen, durch den Wald streifen, den Gro\u00dfstadtdschungel durchqueren: Die Khaki Field Auto erf\u00fcllt alle Ihre Anforderungen im Gel\u00e4nde. Mit dem automatischen Kaliber H-10 und einer Gangreserve von 80 Stunden wird sie Sie nicht im Stich lassen.<\/p>\n","protected":false},"featured_media":217784,"template":"","meta":{"_acf_changed":false,"_seopress_robots_primary_cat":"27181","_seopress_titles_title":"","_seopress_titles_desc":"Ideal f\u00fcr Abenteurer: Die Khaki Field Auto mit H-10 Kaliber und 80 Stunden Gangreserve. Perfekt f\u00fcr Berge und St\u00e4dte.","_seopress_robots_index":""},"brand":[27085],"product_brand":[],"product_cat":[27181,27291,27123],"product_tag":[],"class_list":{"0":"post-129663","1":"product","2":"type-product","3":"status-publish","4":"has-post-thumbnail","6":"brand-hamilton-de","7":"product_cat-hamilton-de","8":"product_cat-khaki-field-de","9":"product_cat-uhren","10":"pa_couleurduboitier-grau-de","11":"pa_couleurdubracelet-braun-de","12":"pa_couleurducadran-schwarz","13":"pa_etancheite-100m-de","14":"pa_forme-runden","15":"pa_garantie-24monate","16":"pa_genre-mann","17":"pa_matiere-stahl","18":"pa_matierebraceletmontre-leder","19":"pa_modele-de-mouvement-h-10-de","20":"pa_mouvement-automatik-de","21":"pa_option-boitier-transparenter-hintergrund","22":"pa_swissmade-ja-de","23":"pa_verre-saphir-de","24":"sales-flash-overlay","25":"woocommerce-text-align-center","26":"woocommerce-image-align-center","27":"do-quantity-buttons","29":"first","30":"instock","31":"taxable","32":"shipping-taxable","33":"purchasable","34":"product-type-simple"},"acf":[],"_links":{"self":[{"href":"https:\/\/lediamant.ch\/de\/wp-json\/wp\/v2\/product\/129663","targetHints":{"allow":["GET"]}}],"collection":[{"href":"https:\/\/lediamant.ch\/de\/wp-json\/wp\/v2\/product"}],"about":[{"href":"https:\/\/lediamant.ch\/de\/wp-json\/wp\/v2\/types\/product"}],"wp:featuredmedia":[{"embeddable":true,"href":"https:\/\/lediamant.ch\/de\/wp-json\/wp\/v2\/media\/217784"}],"wp:attachment":[{"href":"https:\/\/lediamant.ch\/de\/wp-json\/wp\/v2\/media?parent=129663"}],"wp:term":[{"taxonomy":"brand","embeddable":true,"href":"https:\/\/lediamant.ch\/de\/wp-json\/wp\/v2\/brand?post=129663"},{"taxonomy":"product_brand","embeddable":true,"href":"https:\/\/lediamant.ch\/de\/wp-json\/wp\/v2\/product_brand?post=129663"},{"taxonomy":"product_cat","embeddable":true,"href":"https:\/\/lediamant.ch\/de\/wp-json\/wp\/v2\/product_cat?post=129663"},{"taxonomy":"product_tag","embeddable":true,"href":"https:\/\/lediamant.ch\/de\/wp-json\/wp\/v2\/product_tag?post=129663"}],"curies":[{"name":"wp","href":"https:\/\/api.w.org\/{rel}","templated":true}]}}