{"id":129691,"date":"2025-01-16T15:26:51","date_gmt":"2025-01-16T14:26:51","guid":{"rendered":"https:\/\/lediamant.ch\/produit\/uhren-de\/hamilton-de\/khaki-field-de\/hamilton-khaki-field-murph-auto-automatik-42mm\/"},"modified":"2025-11-01T13:51:45","modified_gmt":"2025-11-01T12:51:45","slug":"hamilton-khaki-field-murph-auto-automatique-42mm","status":"publish","type":"product","link":"https:\/\/lediamant.ch\/de\/uhren\/129691-hamilton-khaki-field-murph-auto-automatik-42mm\/","title":{"rendered":"Hamilton Khaki Field Murph Auto 42mm"},"content":{"rendered":"<p>Dies ist der Moment, auf den die Fans des Films Interstellar sehns\u00fcchtig gewartet haben. Hier ist eine originalgetreue Reproduktion der Uhr, die von der Hauptfigur Murph getragen wird. Auf diesem St\u00fcck, das f\u00fcr Fans des Films ein Muss und f\u00fcr Hamilton-Liebhaber ein Sammlerst\u00fcck ist, ist das Wort &#8222;Heureka&#8220; in Morsezeichen auf den Sekundenzeiger gedruckt und lackiert.<\/p>\n<p><strong>*Erscheint in Interstellar (2014). Getragen von Murphy Cooper, gespielt von Jessica Chastain. <\/strong><\/p>\n","protected":false},"excerpt":{"rendered":"<p>Dies ist der Moment, auf den die Fans des Films Interstellar sehns\u00fcchtig gewartet haben. Hier ist eine originalgetreue Reproduktion der Uhr, die von der Hauptfigur Murph getragen wird. Auf diesem St\u00fcck, das f\u00fcr Fans des Films ein Muss und f\u00fcr Hamilton-Liebhaber ein Sammlerst\u00fcck ist, ist das Wort &#8222;Heureka&#8220; in Morsezeichen auf den Sekundenzeiger gedruckt und &#8230; <a title=\"Hamilton Khaki Field Murph Auto 42mm\" class=\"read-more\" href=\"https:\/\/lediamant.ch\/de\/uhren\/129691-hamilton-khaki-field-murph-auto-automatik-42mm\/\" aria-label=\"Mehr Informationen \u00fcber Hamilton Khaki Field Murph Auto 42mm\">Weiterlesen &#8230;<\/a><\/p>\n","protected":false},"featured_media":129679,"template":"","meta":{"_acf_changed":false,"_seopress_robots_primary_cat":"27181","_seopress_titles_title":"","_seopress_titles_desc":"","_seopress_robots_index":""},"brand":[27085],"product_brand":[],"product_cat":[27181,27291,27123],"product_tag":[],"class_list":{"0":"post-129691","1":"product","2":"type-product","3":"status-publish","4":"has-post-thumbnail","6":"brand-hamilton-de","7":"product_cat-hamilton-de","8":"product_cat-khaki-field-de","9":"product_cat-uhren","10":"pa_couleurduboitier-grau-de","11":"pa_couleurdubracelet-schwarz-de","12":"pa_couleurducadran-schwarz","13":"pa_etancheite-100m-de","14":"pa_forme-runden","15":"pa_garantie-24monate","16":"pa_genre-mann","17":"pa_matiere-stahl","18":"pa_matierebraceletmontre-leder","19":"pa_mouvement-automatik-de","20":"pa_swissmade-ja-de","21":"pa_typedemontre-militarische-uhren","22":"sales-flash-overlay","23":"woocommerce-text-align-center","24":"woocommerce-image-align-center","25":"do-quantity-buttons","27":"first","28":"instock","29":"taxable","30":"shipping-taxable","31":"purchasable","32":"product-type-simple"},"acf":[],"_links":{"self":[{"href":"https:\/\/lediamant.ch\/de\/wp-json\/wp\/v2\/product\/129691","targetHints":{"allow":["GET"]}}],"collection":[{"href":"https:\/\/lediamant.ch\/de\/wp-json\/wp\/v2\/product"}],"about":[{"href":"https:\/\/lediamant.ch\/de\/wp-json\/wp\/v2\/types\/product"}],"wp:featuredmedia":[{"embeddable":true,"href":"https:\/\/lediamant.ch\/de\/wp-json\/wp\/v2\/media\/129679"}],"wp:attachment":[{"href":"https:\/\/lediamant.ch\/de\/wp-json\/wp\/v2\/media?parent=129691"}],"wp:term":[{"taxonomy":"brand","embeddable":true,"href":"https:\/\/lediamant.ch\/de\/wp-json\/wp\/v2\/brand?post=129691"},{"taxonomy":"product_brand","embeddable":true,"href":"https:\/\/lediamant.ch\/de\/wp-json\/wp\/v2\/product_brand?post=129691"},{"taxonomy":"product_cat","embeddable":true,"href":"https:\/\/lediamant.ch\/de\/wp-json\/wp\/v2\/product_cat?post=129691"},{"taxonomy":"product_tag","embeddable":true,"href":"https:\/\/lediamant.ch\/de\/wp-json\/wp\/v2\/product_tag?post=129691"}],"curies":[{"name":"wp","href":"https:\/\/api.w.org\/{rel}","templated":true}]}}