{"id":129821,"date":"2020-03-16T15:27:22","date_gmt":"2020-03-16T14:27:22","guid":{"rendered":"https:\/\/lediamant.ch\/produit\/uhren-de\/hamilton-de\/khaki-navy-de\/hamilton-khaki-navy-frogman-auto-automatik-42mm\/"},"modified":"2024-12-19T15:24:20","modified_gmt":"2024-12-19T14:24:20","slug":"hamilton-khaki-navy-frogman-auto-automatik-42mm","status":"publish","type":"product","link":"https:\/\/lediamant.ch\/de\/uhren\/129821-hamilton-khaki-navy-frogman-auto-automatik-42mm\/","title":{"rendered":"Hamilton Khaki Navy Frogman Auto 42mm"},"content":{"rendered":"<p><span style=\"color: #1c1c1c; font-family: Montserrat, sans-serif; font-size: 14px; background-color: #ffffff;\">Die originale Hamilton Frogman wurde f\u00fcr die \u201eFrogman\u201c-Teams der US-Marine entworfen und war 1951 in dem Erfolgsfilm \u201eDie Froschm\u00e4nner\u201c zu sehen. Seitdem sind fast 70 Jahre vergangen und die Technologie in der Uhrmacherkunst hat einen weiten Weg zur\u00fcckgelegt. Was sich nicht ver\u00e4ndert hat, sind die entscheidenden Merkmale, die die Uhr so ber\u00fchmt haben werden lassen wie den Film: Eine einseitig drehbare L\u00fcnette, \u00fcberragende Wasserdichtigkeit und Unterwasser-Lumineszenz.<\/span><\/p>\n","protected":false},"excerpt":{"rendered":"<p>Die originale Hamilton Frogman wurde f\u00fcr die \u201eFrogman\u201c-Teams der US-Marine entworfen und war 1951 in dem Erfolgsfilm \u201eDie Froschm\u00e4nner\u201c zu sehen. Seitdem sind fast 70 Jahre vergangen und die Technologie in der Uhrmacherkunst hat einen weiten Weg zur\u00fcckgelegt. Was sich nicht ver\u00e4ndert hat, sind die entscheidenden Merkmale, die die Uhr so ber\u00fchmt haben werden lassen &#8230; <a title=\"Hamilton Khaki Navy Frogman Auto 42mm\" class=\"read-more\" href=\"https:\/\/lediamant.ch\/de\/uhren\/129821-hamilton-khaki-navy-frogman-auto-automatik-42mm\/\" aria-label=\"Mehr Informationen \u00fcber Hamilton Khaki Navy Frogman Auto 42mm\">Weiterlesen &#8230;<\/a><\/p>\n","protected":false},"featured_media":129807,"template":"","meta":{"_acf_changed":false,"_seopress_robots_primary_cat":"27181","_seopress_titles_title":"%%post_title%%","_seopress_titles_desc":"Entdecken Sie die Hamilton Frogman, ber\u00fchmt aus dem Film 'Die Froschm\u00e4nner' von 1951. Technologisch weiterentwickelt, aber mit den klassischen Merkmalen.","_seopress_robots_index":""},"brand":[27085],"product_brand":[],"product_cat":[27137,27181,27305,27123],"product_tag":[],"class_list":{"0":"post-129821","1":"product","2":"type-product","3":"status-publish","4":"has-post-thumbnail","6":"brand-hamilton-de","7":"product_cat-bracelet-ajustable-de","8":"product_cat-hamilton-de","9":"product_cat-khaki-navy-de","10":"product_cat-uhren","11":"pa_couleurduboitier-grau-de","12":"pa_couleurducadran-schwarz","13":"pa_etancheite-300m-de","14":"pa_forme-runden","15":"pa_garantie-24monate","16":"pa_genre-mann","17":"pa_matiere-stahl","18":"pa_matierebraceletmontre-edelstahl","19":"pa_mouvement-automatik-de","20":"pa_swissmade-ja-de","21":"pa_typedemontre-taucheruhren","22":"sales-flash-overlay","23":"woocommerce-text-align-center","24":"woocommerce-image-align-center","25":"do-quantity-buttons","27":"first","28":"instock","29":"taxable","30":"shipping-taxable","31":"purchasable","32":"product-type-simple"},"acf":[],"_links":{"self":[{"href":"https:\/\/lediamant.ch\/de\/wp-json\/wp\/v2\/product\/129821","targetHints":{"allow":["GET"]}}],"collection":[{"href":"https:\/\/lediamant.ch\/de\/wp-json\/wp\/v2\/product"}],"about":[{"href":"https:\/\/lediamant.ch\/de\/wp-json\/wp\/v2\/types\/product"}],"wp:featuredmedia":[{"embeddable":true,"href":"https:\/\/lediamant.ch\/de\/wp-json\/wp\/v2\/media\/129807"}],"wp:attachment":[{"href":"https:\/\/lediamant.ch\/de\/wp-json\/wp\/v2\/media?parent=129821"}],"wp:term":[{"taxonomy":"brand","embeddable":true,"href":"https:\/\/lediamant.ch\/de\/wp-json\/wp\/v2\/brand?post=129821"},{"taxonomy":"product_brand","embeddable":true,"href":"https:\/\/lediamant.ch\/de\/wp-json\/wp\/v2\/product_brand?post=129821"},{"taxonomy":"product_cat","embeddable":true,"href":"https:\/\/lediamant.ch\/de\/wp-json\/wp\/v2\/product_cat?post=129821"},{"taxonomy":"product_tag","embeddable":true,"href":"https:\/\/lediamant.ch\/de\/wp-json\/wp\/v2\/product_tag?post=129821"}],"curies":[{"name":"wp","href":"https:\/\/api.w.org\/{rel}","templated":true}]}}