{"id":129843,"date":"2020-03-16T15:27:28","date_gmt":"2020-03-16T14:27:28","guid":{"rendered":"https:\/\/lediamant.ch\/produit\/uhren-de\/hamilton-de\/khaki-aviation-de\/hamilton-khaki-aviation-x-wind-auto-chrono-black-silver-automatik-44mm\/"},"modified":"2020-03-16T15:27:28","modified_gmt":"2020-03-16T14:27:28","slug":"hamilton-khaki-aviation-x-wind-auto-chrono-black-silver-automatik-44mm","status":"publish","type":"product","link":"https:\/\/lediamant.ch\/de\/uhren\/129843-hamilton-khaki-aviation-x-wind-auto-chrono-black-silver-automatik-44mm\/","title":{"rendered":"Hamilton Khaki Aviation X-Wind Auto Chrono Black &#038; Silver Automatik | 44mm"},"content":{"rendered":"<p style=\"margin-top:0px;margin-bottom:1rem;color:#1c1c1c;font-family:Montserrat, sans-serif;font-size:14px;background-color:#ffffff;\">Innovativ, abenteuerlustig und pr\u00e4zise. Das erwarten Piloten von einem Zeitmesser. Und Hamilton liefert. Mit der Khaki X-Wind verf\u00fcgt erstmals eine Armbanduhr \u00fcber einen Driftwinkelrechner, sodass Piloten genau ablesen k\u00f6nnen, welchen Einfluss Seitenwinde auf ihre Flugstrecke haben werden. Das technische Design und das Automatikwerk machen die Uhr au\u00dferdem f\u00fcr den Alltag des urbanen Fliegers zu einem perfekten Copiloten auch am Boden.<\/p>\n","protected":false},"excerpt":{"rendered":"<p>Innovativ, abenteuerlustig und pr\u00e4zise. Das erwarten Piloten von einem Zeitmesser. Und Hamilton liefert. Mit der Khaki X-Wind verf\u00fcgt erstmals eine Armbanduhr \u00fcber einen Driftwinkelrechner, sodass Piloten genau ablesen k\u00f6nnen, welchen Einfluss Seitenwinde auf ihre Flugstrecke haben werden. Das technische Design und das Automatikwerk machen die Uhr au\u00dferdem f\u00fcr den Alltag des urbanen Fliegers zu einem &#8230; <a title=\"Hamilton Khaki Aviation X-Wind Auto Chrono Black &#038; Silver Automatik | 44mm\" class=\"read-more\" href=\"https:\/\/lediamant.ch\/de\/uhren\/129843-hamilton-khaki-aviation-x-wind-auto-chrono-black-silver-automatik-44mm\/\" aria-label=\"Mehr Informationen \u00fcber Hamilton Khaki Aviation X-Wind Auto Chrono Black &#038; Silver Automatik | 44mm\">Weiterlesen &#8230;<\/a><\/p>\n","protected":false},"featured_media":129828,"template":"","meta":{"_acf_changed":false,"_seopress_robots_primary_cat":"","_seopress_titles_title":"","_seopress_titles_desc":"","_seopress_robots_index":""},"brand":[27085],"product_brand":[],"product_cat":[27181,27269,27123],"product_tag":[],"class_list":{"0":"post-129843","1":"product","2":"type-product","3":"status-publish","4":"has-post-thumbnail","6":"brand-hamilton-de","7":"product_cat-hamilton-de","8":"product_cat-khaki-aviation-de","9":"product_cat-uhren","10":"pa_couleurduboitier-grau-de","11":"pa_couleurdubracelet-braun-de","12":"pa_couleurducadran-schwarz","13":"pa_etancheite-100m-de","14":"pa_forme-runden","15":"pa_garantie-24monate","16":"pa_genre-mann","17":"pa_matiere-stahl","18":"pa_matierebraceletmontre-leder","19":"pa_mouvement-automatik-de","20":"pa_swissmade-ja-de","21":"pa_typedemontre-chronograph-de","22":"pa_typedemontre-fliegeruhren","23":"sales-flash-overlay","24":"woocommerce-text-align-center","25":"woocommerce-image-align-center","26":"do-quantity-buttons","28":"first","29":"instock","30":"taxable","31":"shipping-taxable","32":"purchasable","33":"product-type-simple"},"acf":[],"_links":{"self":[{"href":"https:\/\/lediamant.ch\/de\/wp-json\/wp\/v2\/product\/129843","targetHints":{"allow":["GET"]}}],"collection":[{"href":"https:\/\/lediamant.ch\/de\/wp-json\/wp\/v2\/product"}],"about":[{"href":"https:\/\/lediamant.ch\/de\/wp-json\/wp\/v2\/types\/product"}],"wp:featuredmedia":[{"embeddable":true,"href":"https:\/\/lediamant.ch\/de\/wp-json\/wp\/v2\/media\/129828"}],"wp:attachment":[{"href":"https:\/\/lediamant.ch\/de\/wp-json\/wp\/v2\/media?parent=129843"}],"wp:term":[{"taxonomy":"brand","embeddable":true,"href":"https:\/\/lediamant.ch\/de\/wp-json\/wp\/v2\/brand?post=129843"},{"taxonomy":"product_brand","embeddable":true,"href":"https:\/\/lediamant.ch\/de\/wp-json\/wp\/v2\/product_brand?post=129843"},{"taxonomy":"product_cat","embeddable":true,"href":"https:\/\/lediamant.ch\/de\/wp-json\/wp\/v2\/product_cat?post=129843"},{"taxonomy":"product_tag","embeddable":true,"href":"https:\/\/lediamant.ch\/de\/wp-json\/wp\/v2\/product_tag?post=129843"}],"curies":[{"name":"wp","href":"https:\/\/api.w.org\/{rel}","templated":true}]}}