{"id":129897,"date":"2020-03-16T15:27:40","date_gmt":"2020-03-16T14:27:40","guid":{"rendered":"https:\/\/lediamant.ch\/produit\/uhren-de\/hamilton-de\/khaki-aviation-de\/hamilton-khaki-aviation-xwind-day-date-auto-blue-steel-automatik-45mm\/"},"modified":"2020-03-16T15:27:40","modified_gmt":"2020-03-16T14:27:40","slug":"hamilton-khaki-aviation-xwind-day-date-auto-blue-steel-automatik-45mm","status":"publish","type":"product","link":"https:\/\/lediamant.ch\/de\/uhren\/129897-hamilton-khaki-aviation-xwind-day-date-auto-blue-steel-automatik-45mm\/","title":{"rendered":"Hamilton Khaki Aviation Xwind Day Date Auto Blue, Steel Automatik | 45mm"},"content":{"rendered":"<p><span style=\"color:#1c1c1c;font-family:Montserrat, sans-serif;font-size:14px;background-color:#ffffff;\">Hamilton hat die Khaki X-Wind Kollektion nun um eine Automatikversion mit Wochentags- und Datumsanzeige erg\u00e4nzt. Sie verf\u00fcgt \u00fcber breite SuperLumiNova\u00ae Stundenindizes und sportliche Zeiger f\u00fcr optimale Ablesbarkeit \u2013 selbst wenn Ihnen f\u00fcr einen Blick aufs Zifferblatt nur der Bruchteil einer Sekunde bleibt. Das Fenster f\u00fcr die Wochentags- und Datumsanzeige bei neun Uhr sorgt f\u00fcr ein \u00e4sthetisches Gleichgewicht auf dem Zifferblatt \u2013 dieses Modell ist zum Abflug bereit.<\/span><\/p>\n","protected":false},"excerpt":{"rendered":"<p>Hamilton hat die Khaki X-Wind Kollektion nun um eine Automatikversion mit Wochentags- und Datumsanzeige erg\u00e4nzt. Sie verf\u00fcgt \u00fcber breite SuperLumiNova\u00ae Stundenindizes und sportliche Zeiger f\u00fcr optimale Ablesbarkeit \u2013 selbst wenn Ihnen f\u00fcr einen Blick aufs Zifferblatt nur der Bruchteil einer Sekunde bleibt. Das Fenster f\u00fcr die Wochentags- und Datumsanzeige bei neun Uhr sorgt f\u00fcr ein &#8230; <a title=\"Hamilton Khaki Aviation Xwind Day Date Auto Blue, Steel Automatik | 45mm\" class=\"read-more\" href=\"https:\/\/lediamant.ch\/de\/uhren\/129897-hamilton-khaki-aviation-xwind-day-date-auto-blue-steel-automatik-45mm\/\" aria-label=\"Mehr Informationen \u00fcber Hamilton Khaki Aviation Xwind Day Date Auto Blue, Steel Automatik | 45mm\">Weiterlesen &#8230;<\/a><\/p>\n","protected":false},"featured_media":129888,"template":"","meta":{"_acf_changed":false,"_seopress_robots_primary_cat":"","_seopress_titles_title":"","_seopress_titles_desc":"","_seopress_robots_index":""},"brand":[27085],"product_brand":[],"product_cat":[27123,27181,27269,27137],"product_tag":[],"class_list":{"0":"post-129897","1":"product","2":"type-product","3":"status-publish","4":"has-post-thumbnail","6":"brand-hamilton-de","7":"product_cat-uhren","8":"product_cat-hamilton-de","9":"product_cat-khaki-aviation-de","10":"product_cat-bracelet-ajustable-de","11":"pa_couleurduboitier-grau-de","12":"pa_couleurducadran-blau","13":"pa_etancheite-100m-de","14":"pa_forme-runden","15":"pa_garantie-24monate","16":"pa_genre-mann","17":"pa_matiere-stahl","18":"pa_matierebraceletmontre-edelstahl","19":"pa_mouvement-automatik-de","20":"pa_swissmade-ja-de","21":"pa_typedemontre-fliegeruhren","22":"sales-flash-overlay","23":"woocommerce-text-align-center","24":"woocommerce-image-align-center","25":"do-quantity-buttons","27":"first","28":"instock","29":"taxable","30":"shipping-taxable","31":"purchasable","32":"product-type-simple"},"acf":[],"_links":{"self":[{"href":"https:\/\/lediamant.ch\/de\/wp-json\/wp\/v2\/product\/129897","targetHints":{"allow":["GET"]}}],"collection":[{"href":"https:\/\/lediamant.ch\/de\/wp-json\/wp\/v2\/product"}],"about":[{"href":"https:\/\/lediamant.ch\/de\/wp-json\/wp\/v2\/types\/product"}],"wp:featuredmedia":[{"embeddable":true,"href":"https:\/\/lediamant.ch\/de\/wp-json\/wp\/v2\/media\/129888"}],"wp:attachment":[{"href":"https:\/\/lediamant.ch\/de\/wp-json\/wp\/v2\/media?parent=129897"}],"wp:term":[{"taxonomy":"brand","embeddable":true,"href":"https:\/\/lediamant.ch\/de\/wp-json\/wp\/v2\/brand?post=129897"},{"taxonomy":"product_brand","embeddable":true,"href":"https:\/\/lediamant.ch\/de\/wp-json\/wp\/v2\/product_brand?post=129897"},{"taxonomy":"product_cat","embeddable":true,"href":"https:\/\/lediamant.ch\/de\/wp-json\/wp\/v2\/product_cat?post=129897"},{"taxonomy":"product_tag","embeddable":true,"href":"https:\/\/lediamant.ch\/de\/wp-json\/wp\/v2\/product_tag?post=129897"}],"curies":[{"name":"wp","href":"https:\/\/api.w.org\/{rel}","templated":true}]}}