{"id":129961,"date":"2020-03-16T15:27:52","date_gmt":"2020-03-16T14:27:52","guid":{"rendered":"https:\/\/lediamant.ch\/produit\/uhren-de\/hamilton-de\/khaki-aviation-de\/hamilton-khaki-aviation-x-wind-gmt-chrono-quartz-blue-steel-46mm\/"},"modified":"2020-03-16T15:27:52","modified_gmt":"2020-03-16T14:27:52","slug":"hamilton-khaki-aviation-x-wind-gmt-chrono-quartz-blue-steel-46mm","status":"publish","type":"product","link":"https:\/\/lediamant.ch\/de\/uhren\/129961-hamilton-khaki-aviation-x-wind-gmt-chrono-quartz-blue-steel-46mm\/","title":{"rendered":"Hamilton Khaki Aviation X-Wind GMT Chrono Quartz Blue, Steel | 46mm"},"content":{"rendered":"<p><span style=\"color:#1c1c1c;font-family:Montserrat, sans-serif;font-size:14px;background-color:#ffffff;\">Seitenwindberechnung, Chronograph und nun auch eine zweite Zeitzone: Um all diese Luftfahrtfunktionen in diesem aktuellsten Neuzugang der Khaki X-Wind Kollektion unterzubringen, haben die Hamilton Designer ein \u00fcbergro\u00dfes 46-mm-Geh\u00e4use aus Edelstahl entworfen. Hier trifft Abenteuer auf Pr\u00e4zision und das macht Eindruck \u2013 ob Sie der Captain sind oder ein Passagier an Bord.<\/span><\/p>\n","protected":false},"excerpt":{"rendered":"<p>Seitenwindberechnung, Chronograph und nun auch eine zweite Zeitzone: Um all diese Luftfahrtfunktionen in diesem aktuellsten Neuzugang der Khaki X-Wind Kollektion unterzubringen, haben die Hamilton Designer ein \u00fcbergro\u00dfes 46-mm-Geh\u00e4use aus Edelstahl entworfen. Hier trifft Abenteuer auf Pr\u00e4zision und das macht Eindruck \u2013 ob Sie der Captain sind oder ein Passagier an Bord.<\/p>\n","protected":false},"featured_media":129952,"template":"","meta":{"_acf_changed":false,"_seopress_robots_primary_cat":"","_seopress_titles_title":"","_seopress_titles_desc":"","_seopress_robots_index":""},"brand":[27085],"product_brand":[],"product_cat":[27123,27181,27269,27137],"product_tag":[],"class_list":{"0":"post-129961","1":"product","2":"type-product","3":"status-publish","4":"has-post-thumbnail","6":"brand-hamilton-de","7":"product_cat-uhren","8":"product_cat-hamilton-de","9":"product_cat-khaki-aviation-de","10":"product_cat-bracelet-ajustable-de","11":"pa_couleurduboitier-grau-de","12":"pa_couleurducadran-blau","13":"pa_etancheite-100m-de","14":"pa_forme-runden","15":"pa_garantie-24monate","16":"pa_genre-mann","17":"pa_matiere-stahl","18":"pa_matierebraceletmontre-edelstahl","19":"pa_mouvement-quarzbatterie-de","20":"pa_swissmade-ja-de","21":"pa_typedemontre-chronograph-de","22":"pa_typedemontre-gmt-de","23":"sales-flash-overlay","24":"woocommerce-text-align-center","25":"woocommerce-image-align-center","26":"do-quantity-buttons","28":"first","29":"instock","30":"taxable","31":"shipping-taxable","32":"purchasable","33":"product-type-simple"},"acf":[],"_links":{"self":[{"href":"https:\/\/lediamant.ch\/de\/wp-json\/wp\/v2\/product\/129961","targetHints":{"allow":["GET"]}}],"collection":[{"href":"https:\/\/lediamant.ch\/de\/wp-json\/wp\/v2\/product"}],"about":[{"href":"https:\/\/lediamant.ch\/de\/wp-json\/wp\/v2\/types\/product"}],"wp:featuredmedia":[{"embeddable":true,"href":"https:\/\/lediamant.ch\/de\/wp-json\/wp\/v2\/media\/129952"}],"wp:attachment":[{"href":"https:\/\/lediamant.ch\/de\/wp-json\/wp\/v2\/media?parent=129961"}],"wp:term":[{"taxonomy":"brand","embeddable":true,"href":"https:\/\/lediamant.ch\/de\/wp-json\/wp\/v2\/brand?post=129961"},{"taxonomy":"product_brand","embeddable":true,"href":"https:\/\/lediamant.ch\/de\/wp-json\/wp\/v2\/product_brand?post=129961"},{"taxonomy":"product_cat","embeddable":true,"href":"https:\/\/lediamant.ch\/de\/wp-json\/wp\/v2\/product_cat?post=129961"},{"taxonomy":"product_tag","embeddable":true,"href":"https:\/\/lediamant.ch\/de\/wp-json\/wp\/v2\/product_tag?post=129961"}],"curies":[{"name":"wp","href":"https:\/\/api.w.org\/{rel}","templated":true}]}}