{"id":130009,"date":"2020-03-16T15:28:05","date_gmt":"2020-03-16T14:28:05","guid":{"rendered":"https:\/\/lediamant.ch\/produit\/uhren-de\/hamilton-de\/khaki-navy-de\/hamilton-khaki-navy-scuba-auto-automatik-40mm-2\/"},"modified":"2020-03-16T15:28:05","modified_gmt":"2020-03-16T14:28:05","slug":"hamilton-khaki-navy-scuba-auto-automatik-40mm-2","status":"publish","type":"product","link":"https:\/\/lediamant.ch\/de\/uhren\/130009-hamilton-khaki-navy-scuba-auto-automatik-40mm-2\/","title":{"rendered":"Hamilton Khaki Navy Scuba Auto Automatik | 40mm"},"content":{"rendered":"<p><span style=\"color:#1c1c1c;font-family:Montserrat, sans-serif;font-size:14px;background-color:#ffffff;\">Ob am Strand, im Pool oder in den Tiefen, die neue Khaki Navy Scuba ist immer f\u00fcr einen stilvollen Tauchgang bereit. Das Modell wurde f\u00fcr moderne Seem\u00e4nner, Schnorchler, Surfer und Strandliebhaber konzipiert und ist nicht nur ein Blickfang, sondern bietet auch viele Funktionen. Ob Sie die Zeitnahmefunktion beim Schwimmen, Laufen oder f\u00fcr Ihr Sonnenbad nutzen, sie wird daf\u00fcr sorgen, dass Sie selbst bei hohen Temperaturen stets einen k\u00fchlen Kopf behalten.<\/span><\/p>\n","protected":false},"excerpt":{"rendered":"<p>Ob am Strand, im Pool oder in den Tiefen, die neue Khaki Navy Scuba ist immer f\u00fcr einen stilvollen Tauchgang bereit. Das Modell wurde f\u00fcr moderne Seem\u00e4nner, Schnorchler, Surfer und Strandliebhaber konzipiert und ist nicht nur ein Blickfang, sondern bietet auch viele Funktionen. Ob Sie die Zeitnahmefunktion beim Schwimmen, Laufen oder f\u00fcr Ihr Sonnenbad nutzen, &#8230; <a title=\"Hamilton Khaki Navy Scuba Auto Automatik | 40mm\" class=\"read-more\" href=\"https:\/\/lediamant.ch\/de\/uhren\/130009-hamilton-khaki-navy-scuba-auto-automatik-40mm-2\/\" aria-label=\"Mehr Informationen \u00fcber Hamilton Khaki Navy Scuba Auto Automatik | 40mm\">Weiterlesen &#8230;<\/a><\/p>\n","protected":false},"featured_media":129998,"template":"","meta":{"_acf_changed":false,"_seopress_robots_primary_cat":"","_seopress_titles_title":"","_seopress_titles_desc":"","_seopress_robots_index":""},"brand":[27085],"product_brand":[],"product_cat":[27137,27181,27305,27123],"product_tag":[],"class_list":{"0":"post-130009","1":"product","2":"type-product","3":"status-publish","4":"has-post-thumbnail","6":"brand-hamilton-de","7":"product_cat-bracelet-ajustable-de","8":"product_cat-hamilton-de","9":"product_cat-khaki-navy-de","10":"product_cat-uhren","11":"pa_couleurduboitier-grau-de","12":"pa_couleurducadran-schwarz","13":"pa_etancheite-100m-de","14":"pa_forme-runden","15":"pa_garantie-24monate","16":"pa_genre-mann","17":"pa_matiere-stahl","18":"pa_matierebraceletmontre-edelstahl","19":"pa_mouvement-automatik-de","20":"pa_swissmade-ja-de","21":"pa_typedemontre-sportuhren","22":"sales-flash-overlay","23":"woocommerce-text-align-center","24":"woocommerce-image-align-center","25":"do-quantity-buttons","27":"first","28":"instock","29":"taxable","30":"shipping-taxable","31":"purchasable","32":"product-type-simple"},"acf":[],"_links":{"self":[{"href":"https:\/\/lediamant.ch\/de\/wp-json\/wp\/v2\/product\/130009","targetHints":{"allow":["GET"]}}],"collection":[{"href":"https:\/\/lediamant.ch\/de\/wp-json\/wp\/v2\/product"}],"about":[{"href":"https:\/\/lediamant.ch\/de\/wp-json\/wp\/v2\/types\/product"}],"wp:featuredmedia":[{"embeddable":true,"href":"https:\/\/lediamant.ch\/de\/wp-json\/wp\/v2\/media\/129998"}],"wp:attachment":[{"href":"https:\/\/lediamant.ch\/de\/wp-json\/wp\/v2\/media?parent=130009"}],"wp:term":[{"taxonomy":"brand","embeddable":true,"href":"https:\/\/lediamant.ch\/de\/wp-json\/wp\/v2\/brand?post=130009"},{"taxonomy":"product_brand","embeddable":true,"href":"https:\/\/lediamant.ch\/de\/wp-json\/wp\/v2\/product_brand?post=130009"},{"taxonomy":"product_cat","embeddable":true,"href":"https:\/\/lediamant.ch\/de\/wp-json\/wp\/v2\/product_cat?post=130009"},{"taxonomy":"product_tag","embeddable":true,"href":"https:\/\/lediamant.ch\/de\/wp-json\/wp\/v2\/product_tag?post=130009"}],"curies":[{"name":"wp","href":"https:\/\/api.w.org\/{rel}","templated":true}]}}