{"id":130433,"date":"2020-03-16T16:36:05","date_gmt":"2020-03-16T15:36:05","guid":{"rendered":"https:\/\/lediamant.ch\/produit\/uhren-de\/tissot-de\/tissot-t-lady-de\/tissot-lovely-de\/tissot-schon\/"},"modified":"2025-10-03T08:19:12","modified_gmt":"2025-10-03T06:19:12","slug":"tissot-lovely-11","status":"publish","type":"product","link":"https:\/\/lediamant.ch\/de\/uhren\/130433-tissot-lovely-t0580091103100\/","title":{"rendered":"Tissot Lovely"},"content":{"rendered":"<p>Dieses umwerfende Modell mit einem sehr diskreten, runden Geh\u00e4use und absoluter Weiblichkeit verk\u00f6rpert die Essenz der Eleganz. Sie ist mit einem Lederarmband ausgestattet, kann aber auch mit einem Metallarmband mit oder ohne Diamanten f\u00fcr einen Hauch von Glanz geliefert werden, das locker am Handgelenk getragen wird, wie ein Schmuckst\u00fcck. Die Tissot Lovely ist absolut unwiderstehlich und tr\u00e4gt ihren Namen zu Recht.  <\/p>\n","protected":false},"excerpt":{"rendered":"<p>Dieses umwerfende Modell mit einem sehr diskreten, runden Geh\u00e4use und absoluter Weiblichkeit verk\u00f6rpert die Essenz der Eleganz. Sie ist mit einem Lederarmband ausgestattet, kann aber auch mit einem Metallarmband mit oder ohne Diamanten f\u00fcr einen Hauch von Glanz geliefert werden, das locker am Handgelenk getragen wird, wie ein Schmuckst\u00fcck. Die Tissot Lovely ist absolut unwiderstehlich &#8230; <a title=\"Tissot Lovely\" class=\"read-more\" href=\"https:\/\/lediamant.ch\/de\/uhren\/130433-tissot-lovely-t0580091103100\/\" aria-label=\"Mehr Informationen \u00fcber Tissot Lovely\">Weiterlesen &#8230;<\/a><\/p>\n","protected":false},"featured_media":130425,"template":"","meta":{"_acf_changed":false,"_seopress_robots_primary_cat":"27422","_seopress_titles_title":"","_seopress_titles_desc":"","_seopress_robots_index":""},"brand":[27087],"product_brand":[],"product_cat":[27137,27297,27159,27423,27123],"product_tag":[],"class_list":{"0":"post-130433","1":"product","2":"type-product","3":"status-publish","4":"has-post-thumbnail","6":"brand-tissot-de","7":"product_cat-bracelet-ajustable-de","8":"product_cat-exklusiv-fur-damen","9":"product_cat-tissot-de","10":"product_cat-tissot-lovely","11":"product_cat-uhren","12":"pa_couleurduboitier-grau-de","13":"pa_couleurducadran-silber","14":"pa_dimensions-o-19-5-mm","15":"pa_etancheite-30m-de","16":"pa_forme-runden","17":"pa_garantie-24monate","18":"pa_genre-frau","19":"pa_matiere-stahl","20":"pa_matierebraceletmontre-edelstahl","21":"pa_mouvement-quarzbatterie-de","22":"pa_swissmade-ja-de","23":"sales-flash-overlay","24":"woocommerce-text-align-center","25":"woocommerce-image-align-center","26":"do-quantity-buttons","28":"first","29":"instock","30":"taxable","31":"shipping-taxable","32":"purchasable","33":"product-type-simple"},"acf":[],"_links":{"self":[{"href":"https:\/\/lediamant.ch\/de\/wp-json\/wp\/v2\/product\/130433","targetHints":{"allow":["GET"]}}],"collection":[{"href":"https:\/\/lediamant.ch\/de\/wp-json\/wp\/v2\/product"}],"about":[{"href":"https:\/\/lediamant.ch\/de\/wp-json\/wp\/v2\/types\/product"}],"wp:featuredmedia":[{"embeddable":true,"href":"https:\/\/lediamant.ch\/de\/wp-json\/wp\/v2\/media\/130425"}],"wp:attachment":[{"href":"https:\/\/lediamant.ch\/de\/wp-json\/wp\/v2\/media?parent=130433"}],"wp:term":[{"taxonomy":"brand","embeddable":true,"href":"https:\/\/lediamant.ch\/de\/wp-json\/wp\/v2\/brand?post=130433"},{"taxonomy":"product_brand","embeddable":true,"href":"https:\/\/lediamant.ch\/de\/wp-json\/wp\/v2\/product_brand?post=130433"},{"taxonomy":"product_cat","embeddable":true,"href":"https:\/\/lediamant.ch\/de\/wp-json\/wp\/v2\/product_cat?post=130433"},{"taxonomy":"product_tag","embeddable":true,"href":"https:\/\/lediamant.ch\/de\/wp-json\/wp\/v2\/product_tag?post=130433"}],"curies":[{"name":"wp","href":"https:\/\/api.w.org\/{rel}","templated":true}]}}