{"id":130597,"date":"2020-03-16T16:41:05","date_gmt":"2020-03-16T15:41:05","guid":{"rendered":"https:\/\/lediamant.ch\/produit\/uhren-de\/tissot-de\/tissot-t-classic-de\/tissot-tradition-de\/tissot-tradition-55-lady-3100-2\/"},"modified":"2026-01-28T18:28:25","modified_gmt":"2026-01-28T17:28:25","slug":"tissot-tradition-55-lady-3100-2","status":"publish","type":"product","link":"https:\/\/lediamant.ch\/de\/uhren\/130597-tissot-tradition-55-lady-3100-2\/","title":{"rendered":"Tissot Tradition 5.5 Lady (31.00)"},"content":{"rendered":"<p>Die Tissot Tradition Familie verleiht der hochmodernen Uhrmacherkunst einen wohl begr\u00fcndeten Hauch Nostalgie, indem sie die heutige Technologie in ein stilvoll traditionelles Design kleidet. Hightech-Bedienung paart sich in perfekter Ausgewogenheit mit klassischen Details und subtilen, nostalgisch anmutenden Ausf\u00fchrungen. Abgerundet werden diese Kreationen mit Designelementen wie der Guilloche-Verzierung und sanft gebogenen Geh\u00e4usen. Die Tissot Tradition verspricht ihren Tr\u00e4gern endlose Stunden pr\u00e4ziser Zeitmessung in zeitlosem Design. Die neue Tissot Tradition 5.5 besitzt ein flaches Geh\u00e4use mit einer H\u00f6he von nur 5.5 mm und ist in verschiedenen Geh\u00e4usegr\u00f6\u00dfen verf\u00fcgbar. Dieses Model mit einem Geh\u00e4usedurchmesser von 31 mm besitzt ein Swiss Made Quartzwerk sowie kratzfestes Saphirglas. Diese Uhr aus der Tissot Tradition Serie hat ein 316L-Edelstahlgeh\u00e4use und ein 316L-Edelstahlarmband mit Butterfly-Faltschlie\u00dfe mit Dr\u00fcckern. Das blaue Zifferblatt mit<\/p>\n","protected":false},"excerpt":{"rendered":"<p>Die Tissot Tradition Familie verleiht der hochmodernen Uhrmacherkunst einen wohl begr\u00fcndeten Hauch Nostalgie, indem sie die heutige Technologie in ein stilvoll traditionelles Design kleidet. Hightech-Bedienung paart sich in perfekter Ausgewogenheit mit klassischen Details und subtilen, nostalgisch anmutenden Ausf\u00fchrungen. Abgerundet werden diese Kreationen mit Designelementen wie der Guilloche-Verzierung und sanft gebogenen Geh\u00e4usen. Die Tissot Tradition verspricht &#8230; <a title=\"Tissot Tradition 5.5 Lady (31.00)\" class=\"read-more\" href=\"https:\/\/lediamant.ch\/de\/uhren\/130597-tissot-tradition-55-lady-3100-2\/\" aria-label=\"Mehr Informationen \u00fcber Tissot Tradition 5.5 Lady (31.00)\">Weiterlesen &#8230;<\/a><\/p>\n","protected":false},"featured_media":130587,"template":"","meta":{"_acf_changed":false,"_seopress_robots_primary_cat":"27244","_seopress_titles_title":"","_seopress_titles_desc":"","_seopress_robots_index":""},"brand":[27087],"product_brand":[],"product_cat":[27137,27159,27245,27497,27123],"product_tag":[],"class_list":{"0":"post-130597","1":"product","2":"type-product","3":"status-publish","4":"has-post-thumbnail","6":"brand-tissot-de","7":"product_cat-bracelet-ajustable-de","8":"product_cat-tissot-de","9":"product_cat-tissot-classic","10":"product_cat-tissot-tradition","11":"product_cat-uhren","12":"pa_couleurduboitier-grau-de","13":"pa_couleurducadran-blau","14":"pa_dimensions-o-31-mm","15":"pa_etancheite-30m-de","16":"pa_forme-runden","17":"pa_garantie-24monate","18":"pa_genre-frau","19":"pa_matiere-stahl","20":"pa_matierebraceletmontre-edelstahl","21":"pa_mouvement-quarzbatterie-de","22":"pa_swissmade-ja-de","23":"sales-flash-overlay","24":"woocommerce-text-align-center","25":"woocommerce-image-align-center","26":"do-quantity-buttons","28":"first","29":"outofstock","30":"taxable","31":"shipping-taxable","32":"purchasable","33":"product-type-simple"},"acf":[],"_links":{"self":[{"href":"https:\/\/lediamant.ch\/de\/wp-json\/wp\/v2\/product\/130597","targetHints":{"allow":["GET"]}}],"collection":[{"href":"https:\/\/lediamant.ch\/de\/wp-json\/wp\/v2\/product"}],"about":[{"href":"https:\/\/lediamant.ch\/de\/wp-json\/wp\/v2\/types\/product"}],"wp:featuredmedia":[{"embeddable":true,"href":"https:\/\/lediamant.ch\/de\/wp-json\/wp\/v2\/media\/130587"}],"wp:attachment":[{"href":"https:\/\/lediamant.ch\/de\/wp-json\/wp\/v2\/media?parent=130597"}],"wp:term":[{"taxonomy":"brand","embeddable":true,"href":"https:\/\/lediamant.ch\/de\/wp-json\/wp\/v2\/brand?post=130597"},{"taxonomy":"product_brand","embeddable":true,"href":"https:\/\/lediamant.ch\/de\/wp-json\/wp\/v2\/product_brand?post=130597"},{"taxonomy":"product_cat","embeddable":true,"href":"https:\/\/lediamant.ch\/de\/wp-json\/wp\/v2\/product_cat?post=130597"},{"taxonomy":"product_tag","embeddable":true,"href":"https:\/\/lediamant.ch\/de\/wp-json\/wp\/v2\/product_tag?post=130597"}],"curies":[{"name":"wp","href":"https:\/\/api.w.org\/{rel}","templated":true}]}}