{"id":130625,"date":"2020-03-16T16:41:46","date_gmt":"2020-03-16T15:41:46","guid":{"rendered":"https:\/\/lediamant.ch\/produit\/uhren-de\/tissot-de\/tissot-t-classic-de\/tissot-tradition-de\/tissot-tradition-lady\/"},"modified":"2020-03-16T16:41:46","modified_gmt":"2020-03-16T15:41:46","slug":"tissot-tradition-lady","status":"publish","type":"product","link":"https:\/\/lediamant.ch\/de\/uhren\/130625-tissot-tradition-lady\/","title":{"rendered":"Tissot Tradition Lady (33 mm)"},"content":{"rendered":"<p>Die Tissot Tradition bleibt mit ihrem klassischen Vintage-Look ihrem Erbe treu und ist deshalb ein wahres Muss f\u00fcr Uhrenliebhaber. Ihr unwiderstehlicher und zeitloser Vintage-Stil mit dem Guilloche-Dekor und dem geschwungenen 316L - Edelstahlgeh\u00e4use im Stil der 1950er Jahre betonen ihre Attraktivit\u00e4t. Das Swiss Made Quartzwerk dieses Damenmodells der Tissot Tradition wird von einem gew\u00f6lbten, kratzfesten Saphirglas gesch\u00fctzt und verf\u00fcgt \u00fcber eine Datumsanzeige, welche der Uhr zus\u00e4tzlichen Reiz verleiht. Diese Uhr aus der Tissot Tradition Serie hat ein schwarzes Lederarmband mit Butterfly-Faltschlie\u00dfe. Das silberfarbene Zifferblatt mit arabischen Ziffern und Indizes rundet die klassische Optik ab.<\/p>\n","protected":false},"excerpt":{"rendered":"<p>Die Tissot Tradition bleibt mit ihrem klassischen Vintage-Look ihrem Erbe treu und ist deshalb ein wahres Muss f\u00fcr Uhrenliebhaber. Ihr unwiderstehlicher und zeitloser Vintage-Stil mit dem Guilloche-Dekor und dem geschwungenen 316L - Edelstahlgeh\u00e4use im Stil der 1950er Jahre betonen ihre Attraktivit\u00e4t. Das Swiss Made Quartzwerk dieses Damenmodells der Tissot Tradition wird von einem gew\u00f6lbten, kratzfesten &#8230; <a title=\"Tissot Tradition Lady (33 mm)\" class=\"read-more\" href=\"https:\/\/lediamant.ch\/de\/uhren\/130625-tissot-tradition-lady\/\" aria-label=\"Mehr Informationen \u00fcber Tissot Tradition Lady (33 mm)\">Weiterlesen &#8230;<\/a><\/p>\n","protected":false},"featured_media":130618,"template":"","meta":{"_acf_changed":false,"_seopress_robots_primary_cat":"","_seopress_titles_title":"","_seopress_titles_desc":"","_seopress_robots_index":""},"brand":[27087],"product_brand":[],"product_cat":[27159,27245,27497,27123],"product_tag":[],"class_list":{"0":"post-130625","1":"product","2":"type-product","3":"status-publish","4":"has-post-thumbnail","6":"brand-tissot-de","7":"product_cat-tissot-de","8":"product_cat-tissot-classic","9":"product_cat-tissot-tradition","10":"product_cat-uhren","11":"pa_couleurduboitier-grau-de","12":"pa_couleurdubracelet-schwarz-de","13":"pa_couleurducadran-silber","14":"pa_dimensions-o-33-mm","15":"pa_etancheite-30m-de","16":"pa_forme-runden","17":"pa_garantie-24monate","18":"pa_genre-frau","19":"pa_matiere-stahl","20":"pa_matierebraceletmontre-leder","21":"pa_mouvement-quarzbatterie-de","22":"pa_swissmade-ja-de","23":"sales-flash-overlay","24":"woocommerce-text-align-center","25":"woocommerce-image-align-center","26":"do-quantity-buttons","28":"first","29":"instock","30":"taxable","31":"shipping-taxable","32":"purchasable","33":"product-type-simple"},"acf":[],"_links":{"self":[{"href":"https:\/\/lediamant.ch\/de\/wp-json\/wp\/v2\/product\/130625","targetHints":{"allow":["GET"]}}],"collection":[{"href":"https:\/\/lediamant.ch\/de\/wp-json\/wp\/v2\/product"}],"about":[{"href":"https:\/\/lediamant.ch\/de\/wp-json\/wp\/v2\/types\/product"}],"wp:featuredmedia":[{"embeddable":true,"href":"https:\/\/lediamant.ch\/de\/wp-json\/wp\/v2\/media\/130618"}],"wp:attachment":[{"href":"https:\/\/lediamant.ch\/de\/wp-json\/wp\/v2\/media?parent=130625"}],"wp:term":[{"taxonomy":"brand","embeddable":true,"href":"https:\/\/lediamant.ch\/de\/wp-json\/wp\/v2\/brand?post=130625"},{"taxonomy":"product_brand","embeddable":true,"href":"https:\/\/lediamant.ch\/de\/wp-json\/wp\/v2\/product_brand?post=130625"},{"taxonomy":"product_cat","embeddable":true,"href":"https:\/\/lediamant.ch\/de\/wp-json\/wp\/v2\/product_cat?post=130625"},{"taxonomy":"product_tag","embeddable":true,"href":"https:\/\/lediamant.ch\/de\/wp-json\/wp\/v2\/product_tag?post=130625"}],"curies":[{"name":"wp","href":"https:\/\/api.w.org\/{rel}","templated":true}]}}