{"id":131015,"date":"2020-03-16T17:27:12","date_gmt":"2020-03-16T16:27:12","guid":{"rendered":"https:\/\/lediamant.ch\/produit\/uhren-de\/tissot-de\/tissot-t-lady-de\/tissot-flamingo-de\/tissot-flamingo-2\/"},"modified":"2020-03-16T17:27:12","modified_gmt":"2020-03-16T16:27:12","slug":"tissot-flamingo-2","status":"publish","type":"product","link":"https:\/\/lediamant.ch\/de\/uhren\/131015-tissot-flamingo-2\/","title":{"rendered":"Tissot Flamingo"},"content":{"rendered":"<p>Die Tissot Flamingo \u00fcberrascht mit ihrem beweglichen Gleichgewicht. Das runde 316L - Edelstahlgeh\u00e4use harmoniert mit dem massiven 316L - Edelstahlarmband mit Butterfly-Faltschlie\u00dfe und Dr\u00fcckern. Diese Uhr weckt die spielerische und \u00fcberraschende Seite der Frau. Dieses Modell aus der Tissot Flamingo Kollektion hat ein Zifferblatt aus wei\u00dfem Perlmutt mit Indizes und Datumsanzeige. Das kratzfeste Saphirglas sch\u00fctzt das Swiss Made Quartzwerk, damit die Faszination der Zeit anh\u00e4lt.<\/p>\n","protected":false},"excerpt":{"rendered":"<p>Die Tissot Flamingo \u00fcberrascht mit ihrem beweglichen Gleichgewicht. Das runde 316L - Edelstahlgeh\u00e4use harmoniert mit dem massiven 316L - Edelstahlarmband mit Butterfly-Faltschlie\u00dfe und Dr\u00fcckern. Diese Uhr weckt die spielerische und \u00fcberraschende Seite der Frau. Dieses Modell aus der Tissot Flamingo Kollektion hat ein Zifferblatt aus wei\u00dfem Perlmutt mit Indizes und Datumsanzeige. Das kratzfeste Saphirglas sch\u00fctzt &#8230; <a title=\"Tissot Flamingo\" class=\"read-more\" href=\"https:\/\/lediamant.ch\/de\/uhren\/131015-tissot-flamingo-2\/\" aria-label=\"Mehr Informationen \u00fcber Tissot Flamingo\">Weiterlesen &#8230;<\/a><\/p>\n","protected":false},"featured_media":131002,"template":"","meta":{"_acf_changed":false,"_seopress_robots_primary_cat":"","_seopress_titles_title":"","_seopress_titles_desc":"","_seopress_robots_index":""},"brand":[27087],"product_brand":[],"product_cat":[27123,27159,27297,27421,27137],"product_tag":[],"class_list":{"0":"post-131015","1":"product","2":"type-product","3":"status-publish","4":"has-post-thumbnail","6":"brand-tissot-de","7":"product_cat-uhren","8":"product_cat-tissot-de","9":"product_cat-exklusiv-fur-damen","10":"product_cat-tissot-flamingo","11":"product_cat-bracelet-ajustable-de","12":"pa_couleurduboitier-grau-de","13":"pa_couleurducadran-perlmutt","14":"pa_dimensions-o-30-mm","15":"pa_etancheite-50m-de","16":"pa_forme-runden","17":"pa_garantie-24monate","18":"pa_genre-frau","19":"pa_matiere-stahl","20":"pa_matierebraceletmontre-edelstahl","21":"pa_mouvement-quarzbatterie-de","22":"pa_swissmade-ja-de","23":"sales-flash-overlay","24":"woocommerce-text-align-center","25":"woocommerce-image-align-center","26":"do-quantity-buttons","28":"first","29":"instock","30":"taxable","31":"shipping-taxable","32":"purchasable","33":"product-type-simple"},"acf":[],"_links":{"self":[{"href":"https:\/\/lediamant.ch\/de\/wp-json\/wp\/v2\/product\/131015","targetHints":{"allow":["GET"]}}],"collection":[{"href":"https:\/\/lediamant.ch\/de\/wp-json\/wp\/v2\/product"}],"about":[{"href":"https:\/\/lediamant.ch\/de\/wp-json\/wp\/v2\/types\/product"}],"wp:featuredmedia":[{"embeddable":true,"href":"https:\/\/lediamant.ch\/de\/wp-json\/wp\/v2\/media\/131002"}],"wp:attachment":[{"href":"https:\/\/lediamant.ch\/de\/wp-json\/wp\/v2\/media?parent=131015"}],"wp:term":[{"taxonomy":"brand","embeddable":true,"href":"https:\/\/lediamant.ch\/de\/wp-json\/wp\/v2\/brand?post=131015"},{"taxonomy":"product_brand","embeddable":true,"href":"https:\/\/lediamant.ch\/de\/wp-json\/wp\/v2\/product_brand?post=131015"},{"taxonomy":"product_cat","embeddable":true,"href":"https:\/\/lediamant.ch\/de\/wp-json\/wp\/v2\/product_cat?post=131015"},{"taxonomy":"product_tag","embeddable":true,"href":"https:\/\/lediamant.ch\/de\/wp-json\/wp\/v2\/product_tag?post=131015"}],"curies":[{"name":"wp","href":"https:\/\/api.w.org\/{rel}","templated":true}]}}