{"id":131067,"date":"2020-03-16T17:28:37","date_gmt":"2020-03-16T16:28:37","guid":{"rendered":"https:\/\/lediamant.ch\/produit\/uhren-de\/tissot-de\/tissot-t-lady-de\/tissot-flamingo-de\/tissot-flamingo-6\/"},"modified":"2020-03-16T17:28:37","modified_gmt":"2020-03-16T16:28:37","slug":"tissot-flamingo-6","status":"publish","type":"product","link":"https:\/\/lediamant.ch\/de\/uhren\/131067-tissot-flamingo-6\/","title":{"rendered":"Tissot Flamingo"},"content":{"rendered":"<p>Die Tissot Flamingo \u00fcberrascht mit ihrem beweglichen Gleichgewicht. Das runde 316L - Edelstahlgeh\u00e4use mit rosegoldfarbener PVD-Beschichtung harmoniert mit dem wei\u00dfen Lederarmband mit Butterfly-Faltschlie\u00dfe. Diese Uhr weckt die spielerische und \u00fcberraschende Seite der Frau. Dieses Modell aus der Tissot Flamingo Kollektion hat ein wei\u00dfes Perlmutt Zifferblatt mit Indizes und Datumsanzeige. Das kratzfeste Saphirglas sch\u00fctzt das Swiss Made Quartzwerk, damit die Faszination der Zeit anh\u00e4lt.<\/p>\n","protected":false},"excerpt":{"rendered":"<p>Die Tissot Flamingo \u00fcberrascht mit ihrem beweglichen Gleichgewicht. Das runde 316L - Edelstahlgeh\u00e4use mit rosegoldfarbener PVD-Beschichtung harmoniert mit dem wei\u00dfen Lederarmband mit Butterfly-Faltschlie\u00dfe. Diese Uhr weckt die spielerische und \u00fcberraschende Seite der Frau. Dieses Modell aus der Tissot Flamingo Kollektion hat ein wei\u00dfes Perlmutt Zifferblatt mit Indizes und Datumsanzeige. Das kratzfeste Saphirglas sch\u00fctzt das Swiss &#8230; <a title=\"Tissot Flamingo\" class=\"read-more\" href=\"https:\/\/lediamant.ch\/de\/uhren\/131067-tissot-flamingo-6\/\" aria-label=\"Mehr Informationen \u00fcber Tissot Flamingo\">Weiterlesen &#8230;<\/a><\/p>\n","protected":false},"featured_media":131060,"template":"","meta":{"_acf_changed":false,"_seopress_robots_primary_cat":"","_seopress_titles_title":"","_seopress_titles_desc":"","_seopress_robots_index":""},"brand":[27087],"product_brand":[],"product_cat":[27297,27159,27421,27123],"product_tag":[],"class_list":{"0":"post-131067","1":"product","2":"type-product","3":"status-publish","4":"has-post-thumbnail","6":"brand-tissot-de","7":"product_cat-exklusiv-fur-damen","8":"product_cat-tissot-de","9":"product_cat-tissot-flamingo","10":"product_cat-uhren","11":"pa_couleurduboitier-pinkrosa-de","12":"pa_couleurdubracelet-weiss-de","13":"pa_couleurducadran-perlmutt","14":"pa_dimensions-o-30-mm","15":"pa_etancheite-50m-de","16":"pa_forme-runden","17":"pa_garantie-24monate","18":"pa_genre-frau","19":"pa_matiere-rosegoldpvd","20":"pa_matierebraceletmontre-leder","21":"pa_mouvement-quarzbatterie-de","22":"pa_swissmade-ja-de","23":"sales-flash-overlay","24":"woocommerce-text-align-center","25":"woocommerce-image-align-center","26":"do-quantity-buttons","28":"first","29":"instock","30":"taxable","31":"shipping-taxable","32":"purchasable","33":"product-type-simple"},"acf":[],"_links":{"self":[{"href":"https:\/\/lediamant.ch\/de\/wp-json\/wp\/v2\/product\/131067","targetHints":{"allow":["GET"]}}],"collection":[{"href":"https:\/\/lediamant.ch\/de\/wp-json\/wp\/v2\/product"}],"about":[{"href":"https:\/\/lediamant.ch\/de\/wp-json\/wp\/v2\/types\/product"}],"wp:featuredmedia":[{"embeddable":true,"href":"https:\/\/lediamant.ch\/de\/wp-json\/wp\/v2\/media\/131060"}],"wp:attachment":[{"href":"https:\/\/lediamant.ch\/de\/wp-json\/wp\/v2\/media?parent=131067"}],"wp:term":[{"taxonomy":"brand","embeddable":true,"href":"https:\/\/lediamant.ch\/de\/wp-json\/wp\/v2\/brand?post=131067"},{"taxonomy":"product_brand","embeddable":true,"href":"https:\/\/lediamant.ch\/de\/wp-json\/wp\/v2\/product_brand?post=131067"},{"taxonomy":"product_cat","embeddable":true,"href":"https:\/\/lediamant.ch\/de\/wp-json\/wp\/v2\/product_cat?post=131067"},{"taxonomy":"product_tag","embeddable":true,"href":"https:\/\/lediamant.ch\/de\/wp-json\/wp\/v2\/product_tag?post=131067"}],"curies":[{"name":"wp","href":"https:\/\/api.w.org\/{rel}","templated":true}]}}