{"id":131661,"date":"2020-03-16T18:10:30","date_gmt":"2020-03-16T17:10:30","guid":{"rendered":"https:\/\/lediamant.ch\/produit\/uhren-de\/tissot-de\/tissot-t-classic-de\/tissot-pr-100-de\/tissot-pr-100-sport-chic-chronograph-3\/"},"modified":"2025-05-15T14:50:51","modified_gmt":"2025-05-15T12:50:51","slug":"tissot-pr-100-sport-chic-chronograph-3","status":"publish","type":"product","link":"https:\/\/lediamant.ch\/de\/uhren\/131661-tissot-pr-100-sport-chic-chronograph-t1019171111600\/","title":{"rendered":"Tissot Pr 100 Sport Chic Chronograph"},"content":{"rendered":"<p>Angesichts des Erfolgs der PR 100 Sport-Chic Kollektion wird die Serie mit einem sportlichen Chronographen erweitert. Direkt nach dem Business-Meeting ins Sportstudio oder vom B\u00fcro ohne Umweg auf die Joggingstrecke? Mit den neuen Tissot PR 100 Sport Chic Chronograph Lady Uhren kein Problem! Sportlich und elegant, robust und feminin zugleich pr\u00e4sentieren sich diese in sechs Ausf\u00fchrungen erh\u00e4ltlichen Zeitmesser f\u00fcr sie. Ob ganz schlicht in Edelstahl, in Bicolor-Optik, mit Perlmuttzifferblatt oder Diamanten \u2013 immer garantieren hochwertige Komponenten wie das kratzfeste Saphirglas oder das Edelstahlarmband mit Faltschlie\u00dfe und Dr\u00fcckern sowie die Wasserdichtigkeit bis zu einem Druck von 10 bar (100 m) beste Alltagstauglichkeit. Mit ihrer gro\u00dfz\u00fcgigen Geh\u00e4usegr\u00f6\u00dfe von 38 mm geh\u00f6rt sie zu den gr\u00f6\u00dferen Uhrenmodellen und sorgt f\u00fcr ein markantes Statement. Das Design ist robust und wundersch\u00f6n stromlinienf\u00f6rmig zugleich und zeichnet sich durch die st\u00e4rke<\/p>\n","protected":false},"excerpt":{"rendered":"<p>Angesichts des Erfolgs der PR 100 Sport-Chic Kollektion wird die Serie mit einem sportlichen Chronographen erweitert. Direkt nach dem Business-Meeting ins Sportstudio oder vom B\u00fcro ohne Umweg auf die Joggingstrecke? Mit den neuen Tissot PR 100 Sport Chic Chronograph Lady Uhren kein Problem! Sportlich und elegant, robust und feminin zugleich pr\u00e4sentieren sich diese in sechs &#8230; <a title=\"Tissot Pr 100 Sport Chic Chronograph\" class=\"read-more\" href=\"https:\/\/lediamant.ch\/de\/uhren\/131661-tissot-pr-100-sport-chic-chronograph-t1019171111600\/\" aria-label=\"Mehr Informationen \u00fcber Tissot Pr 100 Sport Chic Chronograph\">Weiterlesen &#8230;<\/a><\/p>\n","protected":false},"featured_media":131655,"template":"","meta":{"_acf_changed":false,"_seopress_robots_primary_cat":"27159","_seopress_titles_title":"","_seopress_titles_desc":"","_seopress_robots_index":""},"brand":[27087],"product_brand":[],"product_cat":[27137,27159,27245,27513,27123],"product_tag":[],"class_list":{"0":"post-131661","1":"product","2":"type-product","3":"status-publish","4":"has-post-thumbnail","6":"brand-tissot-de","7":"product_cat-bracelet-ajustable-de","8":"product_cat-tissot-de","9":"product_cat-tissot-classic","10":"product_cat-tissot-pr100","11":"product_cat-uhren","12":"pa_couleurduboitier-grau-de","13":"pa_couleurducadran-perlmutt","14":"pa_dimensions-o-38-mm","15":"pa_etancheite-100m-de","16":"pa_forme-runden","17":"pa_garantie-24monate","18":"pa_genre-frau","19":"pa_matiere-stahl","20":"pa_matierebraceletmontre-edelstahl","21":"pa_mouvement-quarzbatterie-de","22":"pa_swissmade-ja-de","23":"pa_typedemontre-chronograph-de","24":"pa_typedemontre-uhrenmitdiamanten","25":"sales-flash-overlay","26":"woocommerce-text-align-center","27":"woocommerce-image-align-center","28":"do-quantity-buttons","30":"first","31":"outofstock","32":"taxable","33":"shipping-taxable","34":"purchasable","35":"product-type-simple"},"acf":[],"_links":{"self":[{"href":"https:\/\/lediamant.ch\/de\/wp-json\/wp\/v2\/product\/131661","targetHints":{"allow":["GET"]}}],"collection":[{"href":"https:\/\/lediamant.ch\/de\/wp-json\/wp\/v2\/product"}],"about":[{"href":"https:\/\/lediamant.ch\/de\/wp-json\/wp\/v2\/types\/product"}],"wp:featuredmedia":[{"embeddable":true,"href":"https:\/\/lediamant.ch\/de\/wp-json\/wp\/v2\/media\/131655"}],"wp:attachment":[{"href":"https:\/\/lediamant.ch\/de\/wp-json\/wp\/v2\/media?parent=131661"}],"wp:term":[{"taxonomy":"brand","embeddable":true,"href":"https:\/\/lediamant.ch\/de\/wp-json\/wp\/v2\/brand?post=131661"},{"taxonomy":"product_brand","embeddable":true,"href":"https:\/\/lediamant.ch\/de\/wp-json\/wp\/v2\/product_brand?post=131661"},{"taxonomy":"product_cat","embeddable":true,"href":"https:\/\/lediamant.ch\/de\/wp-json\/wp\/v2\/product_cat?post=131661"},{"taxonomy":"product_tag","embeddable":true,"href":"https:\/\/lediamant.ch\/de\/wp-json\/wp\/v2\/product_tag?post=131661"}],"curies":[{"name":"wp","href":"https:\/\/api.w.org\/{rel}","templated":true}]}}