{"id":131749,"date":"2020-03-16T18:12:14","date_gmt":"2020-03-16T17:12:14","guid":{"rendered":"https:\/\/lediamant.ch\/produit\/uhren-de\/tissot-de\/tissot-t-lady-de\/tissot-bella-ora-de\/tissot-bella-ora-runde-2\/"},"modified":"2020-03-16T18:12:14","modified_gmt":"2020-03-16T17:12:14","slug":"tissot-bella-ora-runde-2","status":"publish","type":"product","link":"https:\/\/lediamant.ch\/de\/uhren\/131749-tissot-bella-ora-runde-2\/","title":{"rendered":"Tissot Bella Ora Runde"},"content":{"rendered":"<p>Die Tissot Bella Ora Round ist vom geschmackvollen mediterranen Stil der Bella Ora inspiriert. Sie bleibt in ihrem Design dem Original treu, gewinnt aber durch aufregende Details an Frische. Ein runderes und gr\u00f6\u00dferes Geh\u00e4use als bei den Vorg\u00e4ngermodellen optimiert die Lesbarkeit des minimalistischen Zifferblatts mit r\u00f6mischen oder arabischen Ziffern und Indizes, die f\u00fcr ein anspruchsvolles Flair sorgen. Dank der pr\u00e4gnanten Bandanst\u00f6\u00dfe hat sie sich die Einzigartigkeit der Bella Ora bewahrt und sorgt gleichzeitig f\u00fcr eine coole und zeitgem\u00e4\u00dfe Wirkung. Fashionistas werden begeistert sein, denn jedes Modell dieser modischen Kollektion umfasst zwei Armb\u00e4nder, die perfekt zu jedem Outfit passen werden. Diese herrliche Uhr ist von der italienischen Modewelt inspiriert, ob bei Tage oder am Abend, das schn\u00f6rkellose Zifferblatt und der unaufgeregte, klassische Gesamteindruck machen diese Uhr zu einem makellosen Accessoire. Dieses Modell mit Swiss Made Quartzwe<\/p>\n","protected":false},"excerpt":{"rendered":"<p>Die Tissot Bella Ora Round ist vom geschmackvollen mediterranen Stil der Bella Ora inspiriert. Sie bleibt in ihrem Design dem Original treu, gewinnt aber durch aufregende Details an Frische. Ein runderes und gr\u00f6\u00dferes Geh\u00e4use als bei den Vorg\u00e4ngermodellen optimiert die Lesbarkeit des minimalistischen Zifferblatts mit r\u00f6mischen oder arabischen Ziffern und Indizes, die f\u00fcr ein anspruchsvolles &#8230; <a title=\"Tissot Bella Ora Runde\" class=\"read-more\" href=\"https:\/\/lediamant.ch\/de\/uhren\/131749-tissot-bella-ora-runde-2\/\" aria-label=\"Mehr Informationen \u00fcber Tissot Bella Ora Runde\">Weiterlesen &#8230;<\/a><\/p>\n","protected":false},"featured_media":131738,"template":"","meta":{"_acf_changed":false,"_seopress_robots_primary_cat":"","_seopress_titles_title":"","_seopress_titles_desc":"","_seopress_robots_index":""},"brand":[27087],"product_brand":[],"product_cat":[27123,27159,27297],"product_tag":[],"class_list":{"0":"post-131749","1":"product","2":"type-product","3":"status-publish","4":"has-post-thumbnail","6":"brand-tissot-de","7":"product_cat-uhren","8":"product_cat-tissot-de","9":"product_cat-exklusiv-fur-damen","10":"pa_couleurduboitier-grau-de","11":"pa_couleurdubracelet-rot-de","12":"pa_couleurdubracelet-schwarz-de","13":"pa_couleurducadran-weiss","14":"pa_dimensions-o-38-mm","15":"pa_etancheite-30m-de","16":"pa_forme-runden","17":"pa_garantie-24monate","18":"pa_genre-frau","19":"pa_matiere-stahl","20":"pa_matierebraceletmontre-leder","21":"pa_mouvement-quarzbatterie-de","22":"pa_swissmade-ja-de","23":"sales-flash-overlay","24":"woocommerce-text-align-center","25":"woocommerce-image-align-center","26":"do-quantity-buttons","28":"first","29":"instock","30":"taxable","31":"shipping-taxable","32":"purchasable","33":"product-type-simple"},"acf":[],"_links":{"self":[{"href":"https:\/\/lediamant.ch\/de\/wp-json\/wp\/v2\/product\/131749","targetHints":{"allow":["GET"]}}],"collection":[{"href":"https:\/\/lediamant.ch\/de\/wp-json\/wp\/v2\/product"}],"about":[{"href":"https:\/\/lediamant.ch\/de\/wp-json\/wp\/v2\/types\/product"}],"wp:featuredmedia":[{"embeddable":true,"href":"https:\/\/lediamant.ch\/de\/wp-json\/wp\/v2\/media\/131738"}],"wp:attachment":[{"href":"https:\/\/lediamant.ch\/de\/wp-json\/wp\/v2\/media?parent=131749"}],"wp:term":[{"taxonomy":"brand","embeddable":true,"href":"https:\/\/lediamant.ch\/de\/wp-json\/wp\/v2\/brand?post=131749"},{"taxonomy":"product_brand","embeddable":true,"href":"https:\/\/lediamant.ch\/de\/wp-json\/wp\/v2\/product_brand?post=131749"},{"taxonomy":"product_cat","embeddable":true,"href":"https:\/\/lediamant.ch\/de\/wp-json\/wp\/v2\/product_cat?post=131749"},{"taxonomy":"product_tag","embeddable":true,"href":"https:\/\/lediamant.ch\/de\/wp-json\/wp\/v2\/product_tag?post=131749"}],"curies":[{"name":"wp","href":"https:\/\/api.w.org\/{rel}","templated":true}]}}