{"id":131885,"date":"2020-03-16T18:24:17","date_gmt":"2020-03-16T17:24:17","guid":{"rendered":"https:\/\/lediamant.ch\/produit\/uhren-de\/tissot-de\/tissot-t-classic-de\/tissot-everytime-de\/tissot-everytime-swissmatic-4\/"},"modified":"2020-03-16T18:24:17","modified_gmt":"2020-03-16T17:24:17","slug":"tissot-everytime-swissmatic-4","status":"publish","type":"product","link":"https:\/\/lediamant.ch\/de\/uhren\/131885-tissot-everytime-swissmatic-4\/","title":{"rendered":"Tissot Everytime Swissmatic"},"content":{"rendered":"<p>Der Name der Everytime ist Programm: Wie der Name bereits andeutet, wird diese Uhr immer und bei jedem Anlass gewinnen. Mit der neuen Tissot Everytime stellt die Schweizer Traditionsmarke eine Uhr vor, die dank ihres minimalistischen, klaren Zifferblattdesigns und der gro\u00dfen Zahl verf\u00fcgbarer Armbandvarianten jedem Lebensstil, jedem Outfit und jedem Anlass gerecht wird. Trendbewusst, minimalistisch, unisex und \u2013 automatisch! So l\u00e4sst sich die neue Tissot Everytime Swissmatic einfach und treffend charakterisieren. F\u00fcnf zeitlose Varianten stehen zur Auswahl und passen zur Jeans ebenso wie zum Anzug oder zum \u201eKleinen Schwarzen\u201c. Bis zu drei Tage Gangreserve stellt das Swiss Made Automatikwerk bereit, dessen Details der gl\u00e4serne Sichtboden freigibt. Der hochwertige Edelstahl des 40 Millimeter-Geh\u00e4uses sowie das \u00e4u\u00dferst kratzfeste Saphirglas sind weitere, in diesem Preissegment nicht selbstverst\u00e4ndliche Bestandteile. Das 316L-Edelstahlgeh\u00e4use mit rosegol<\/p>\n","protected":false},"excerpt":{"rendered":"<p>Der Name der Everytime ist Programm: Wie der Name bereits andeutet, wird diese Uhr immer und bei jedem Anlass gewinnen. Mit der neuen Tissot Everytime stellt die Schweizer Traditionsmarke eine Uhr vor, die dank ihres minimalistischen, klaren Zifferblattdesigns und der gro\u00dfen Zahl verf\u00fcgbarer Armbandvarianten jedem Lebensstil, jedem Outfit und jedem Anlass gerecht wird. Trendbewusst, minimalistisch, &#8230; <a title=\"Tissot Everytime Swissmatic\" class=\"read-more\" href=\"https:\/\/lediamant.ch\/de\/uhren\/131885-tissot-everytime-swissmatic-4\/\" aria-label=\"Mehr Informationen \u00fcber Tissot Everytime Swissmatic\">Weiterlesen &#8230;<\/a><\/p>\n","protected":false},"featured_media":131876,"template":"","meta":{"_acf_changed":false,"_seopress_robots_primary_cat":"","_seopress_titles_title":"","_seopress_titles_desc":"","_seopress_robots_index":""},"brand":[27087],"product_brand":[],"product_cat":[27159,27245,27505,27123],"product_tag":[],"class_list":{"0":"post-131885","1":"product","2":"type-product","3":"status-publish","4":"has-post-thumbnail","6":"brand-tissot-de","7":"product_cat-tissot-de","8":"product_cat-tissot-classic","9":"product_cat-tissot-everytime","10":"product_cat-uhren","11":"pa_couleurduboitier-pinkrosa-de","12":"pa_couleurdubracelet-braun-de","13":"pa_couleurducadran-silber","14":"pa_dimensions-o-40-mm","15":"pa_etancheite-30m-de","16":"pa_forme-runden","17":"pa_garantie-24monate","18":"pa_genre-frau","19":"pa_genre-mann","20":"pa_matiere-rosegoldpvd","21":"pa_matierebraceletmontre-leder","22":"pa_mouvement-automatik-de","23":"pa_swissmade-ja-de","24":"sales-flash-overlay","25":"woocommerce-text-align-center","26":"woocommerce-image-align-center","27":"do-quantity-buttons","29":"first","30":"instock","31":"taxable","32":"shipping-taxable","33":"purchasable","34":"product-type-simple"},"acf":[],"_links":{"self":[{"href":"https:\/\/lediamant.ch\/de\/wp-json\/wp\/v2\/product\/131885","targetHints":{"allow":["GET"]}}],"collection":[{"href":"https:\/\/lediamant.ch\/de\/wp-json\/wp\/v2\/product"}],"about":[{"href":"https:\/\/lediamant.ch\/de\/wp-json\/wp\/v2\/types\/product"}],"wp:featuredmedia":[{"embeddable":true,"href":"https:\/\/lediamant.ch\/de\/wp-json\/wp\/v2\/media\/131876"}],"wp:attachment":[{"href":"https:\/\/lediamant.ch\/de\/wp-json\/wp\/v2\/media?parent=131885"}],"wp:term":[{"taxonomy":"brand","embeddable":true,"href":"https:\/\/lediamant.ch\/de\/wp-json\/wp\/v2\/brand?post=131885"},{"taxonomy":"product_brand","embeddable":true,"href":"https:\/\/lediamant.ch\/de\/wp-json\/wp\/v2\/product_brand?post=131885"},{"taxonomy":"product_cat","embeddable":true,"href":"https:\/\/lediamant.ch\/de\/wp-json\/wp\/v2\/product_cat?post=131885"},{"taxonomy":"product_tag","embeddable":true,"href":"https:\/\/lediamant.ch\/de\/wp-json\/wp\/v2\/product_tag?post=131885"}],"curies":[{"name":"wp","href":"https:\/\/api.w.org\/{rel}","templated":true}]}}