{"id":131905,"date":"2020-03-16T18:24:55","date_gmt":"2020-03-16T17:24:55","guid":{"rendered":"https:\/\/lediamant.ch\/produit\/uhren-de\/tissot-de\/tissot-t-classic-de\/tissot-everytime-de\/tissot-everytime-medium\/"},"modified":"2020-03-16T18:24:55","modified_gmt":"2020-03-16T17:24:55","slug":"tissot-everytime-medium","status":"publish","type":"product","link":"https:\/\/lediamant.ch\/de\/uhren\/131905-tissot-everytime-medium\/","title":{"rendered":"Tissot Everytime Medium"},"content":{"rendered":"<p>Der Name der Everytime ist Programm: Wie der Name bereits andeutet, wird diese Uhr immer und bei jedem Anlass gewinnen. Mit der neuen Tissot Everytime stellt die Schweizer Traditionsmarke eine Uhr vor, die dank ihres minimalistischen, klaren Zifferblattdesigns und der gro\u00dfen Zahl verf\u00fcgbarer Armbandvarianten jedem Lebensstil, jedem Outfit und jedem Anlass gerecht wird. Sie ist in drei verschiedenen Gr\u00f6\u00dfen zu sehr attraktiven Preisen erh\u00e4ltlich und spricht Frauen und M\u00e4nner gleicherma\u00dfen an. Alle Ausf\u00fchrungen dieser zeitlosen, pr\u00e4zisen Quarzuhr verf\u00fcgen \u00fcber hochwertiges, kratzfestes Saphirglas, das sicher sch\u00fctzend auf dem Edelstahlgeh\u00e4use liegt. Letzteres zeigt sich klassisch silberfarben oder mit ros\u00e9- oder gelbgoldfarbener PVD-Beschichtung. Armb\u00e4nder aus Edelstahl, Leder, Textil oder Synthetik bilden die perfekte Erg\u00e4nzung und verleihen jeder Tissot Everytime einen ganz eigenen Look. Dieses Modell der Everytime Medium Kollektion hat ein 316L-Ede<\/p>\n","protected":false},"excerpt":{"rendered":"<p>Der Name der Everytime ist Programm: Wie der Name bereits andeutet, wird diese Uhr immer und bei jedem Anlass gewinnen. Mit der neuen Tissot Everytime stellt die Schweizer Traditionsmarke eine Uhr vor, die dank ihres minimalistischen, klaren Zifferblattdesigns und der gro\u00dfen Zahl verf\u00fcgbarer Armbandvarianten jedem Lebensstil, jedem Outfit und jedem Anlass gerecht wird. Sie ist &#8230; <a title=\"Tissot Everytime Medium\" class=\"read-more\" href=\"https:\/\/lediamant.ch\/de\/uhren\/131905-tissot-everytime-medium\/\" aria-label=\"Mehr Informationen \u00fcber Tissot Everytime Medium\">Weiterlesen &#8230;<\/a><\/p>\n","protected":false},"featured_media":131898,"template":"","meta":{"_acf_changed":false,"_seopress_robots_primary_cat":"","_seopress_titles_title":"","_seopress_titles_desc":"","_seopress_robots_index":""},"brand":[27087],"product_brand":[],"product_cat":[27137,27159,27245,27505,27123],"product_tag":[],"class_list":{"0":"post-131905","1":"product","2":"type-product","3":"status-publish","4":"has-post-thumbnail","6":"brand-tissot-de","7":"product_cat-bracelet-ajustable-de","8":"product_cat-tissot-de","9":"product_cat-tissot-classic","10":"product_cat-tissot-everytime","11":"product_cat-uhren","12":"pa_couleurduboitier-grau-de","13":"pa_couleurducadran-schwarz","14":"pa_dimensions-o-38-mm","15":"pa_etancheite-30m-de","16":"pa_forme-runden","17":"pa_garantie-24monate","18":"pa_genre-frau","19":"pa_genre-mann","20":"pa_matiere-stahl","21":"pa_matierebraceletmontre-edelstahl","22":"pa_mouvement-quarzbatterie-de","23":"pa_swissmade-ja-de","24":"sales-flash-overlay","25":"woocommerce-text-align-center","26":"woocommerce-image-align-center","27":"do-quantity-buttons","29":"first","30":"instock","31":"taxable","32":"shipping-taxable","33":"purchasable","34":"product-type-simple"},"acf":[],"_links":{"self":[{"href":"https:\/\/lediamant.ch\/de\/wp-json\/wp\/v2\/product\/131905","targetHints":{"allow":["GET"]}}],"collection":[{"href":"https:\/\/lediamant.ch\/de\/wp-json\/wp\/v2\/product"}],"about":[{"href":"https:\/\/lediamant.ch\/de\/wp-json\/wp\/v2\/types\/product"}],"wp:featuredmedia":[{"embeddable":true,"href":"https:\/\/lediamant.ch\/de\/wp-json\/wp\/v2\/media\/131898"}],"wp:attachment":[{"href":"https:\/\/lediamant.ch\/de\/wp-json\/wp\/v2\/media?parent=131905"}],"wp:term":[{"taxonomy":"brand","embeddable":true,"href":"https:\/\/lediamant.ch\/de\/wp-json\/wp\/v2\/brand?post=131905"},{"taxonomy":"product_brand","embeddable":true,"href":"https:\/\/lediamant.ch\/de\/wp-json\/wp\/v2\/product_brand?post=131905"},{"taxonomy":"product_cat","embeddable":true,"href":"https:\/\/lediamant.ch\/de\/wp-json\/wp\/v2\/product_cat?post=131905"},{"taxonomy":"product_tag","embeddable":true,"href":"https:\/\/lediamant.ch\/de\/wp-json\/wp\/v2\/product_tag?post=131905"}],"curies":[{"name":"wp","href":"https:\/\/api.w.org\/{rel}","templated":true}]}}