{"id":132175,"date":"2020-03-16T18:38:08","date_gmt":"2020-03-16T17:38:08","guid":{"rendered":"https:\/\/lediamant.ch\/produit\/uhren-de\/tissot-de\/tissot-t-sport-de\/tissot-xl-quartz-de\/tissot-gent-xl-classic-2\/"},"modified":"2020-03-16T18:38:08","modified_gmt":"2020-03-16T17:38:08","slug":"tissot-gent-xl-classic-2","status":"publish","type":"product","link":"https:\/\/lediamant.ch\/de\/uhren\/132175-tissot-gent-xl-classic-2\/","title":{"rendered":"Tissot Gent XL Classic"},"content":{"rendered":"<p>Der Tissot Gent XL ist eine neue Produktline innerhalb der Tissot Sport Kollektion. Dieses Modell mit Swiss-Made Quartzwerk besitzt ein 316-Edelstahl Geh\u00e4use. Das kratzfeste Saphirglas sch\u00fctzt das schwarze Zifferblatt mit Indizes und arabischen Ziffern, welche eine Superluminova Beschichtung besitzen. Das massive 316L-Edelstahlarmband besitzt eine Faltschlie\u00dfe mit Dr\u00fcckern. Der Geh\u00e4use-Durchmesser von 42 mm unterstreicht das sportliche Aussehen der Tissot Gent XL.<\/p>\n","protected":false},"excerpt":{"rendered":"<p>Der Tissot Gent XL ist eine neue Produktline innerhalb der Tissot Sport Kollektion. Dieses Modell mit Swiss-Made Quartzwerk besitzt ein 316-Edelstahl Geh\u00e4use. Das kratzfeste Saphirglas sch\u00fctzt das schwarze Zifferblatt mit Indizes und arabischen Ziffern, welche eine Superluminova Beschichtung besitzen. Das massive 316L-Edelstahlarmband besitzt eine Faltschlie\u00dfe mit Dr\u00fcckern. Der Geh\u00e4use-Durchmesser von 42 mm unterstreicht das sportliche &#8230; <a title=\"Tissot Gent XL Classic\" class=\"read-more\" href=\"https:\/\/lediamant.ch\/de\/uhren\/132175-tissot-gent-xl-classic-2\/\" aria-label=\"Mehr Informationen \u00fcber Tissot Gent XL Classic\">Weiterlesen &#8230;<\/a><\/p>\n","protected":false},"featured_media":132169,"template":"","meta":{"_acf_changed":false,"_seopress_robots_primary_cat":"","_seopress_titles_title":"","_seopress_titles_desc":"","_seopress_robots_index":""},"brand":[27087],"product_brand":[],"product_cat":[27137,27159,27493,27123],"product_tag":[],"class_list":{"0":"post-132175","1":"product","2":"type-product","3":"status-publish","4":"has-post-thumbnail","6":"brand-tissot-de","7":"product_cat-bracelet-ajustable-de","8":"product_cat-tissot-de","9":"product_cat-tissot-xl","10":"product_cat-uhren","11":"pa_couleurduboitier-grau-de","12":"pa_couleurducadran-schwarz","13":"pa_dimensions-o-42-mm","14":"pa_etancheite-100m-de","15":"pa_forme-runden","16":"pa_garantie-24monate","17":"pa_genre-mann","18":"pa_matiere-stahl","19":"pa_matierebraceletmontre-edelstahl","20":"pa_mouvement-quarzbatterie-de","21":"pa_swissmade-ja-de","22":"sales-flash-overlay","23":"woocommerce-text-align-center","24":"woocommerce-image-align-center","25":"do-quantity-buttons","27":"first","28":"instock","29":"taxable","30":"shipping-taxable","31":"purchasable","32":"product-type-simple"},"acf":[],"_links":{"self":[{"href":"https:\/\/lediamant.ch\/de\/wp-json\/wp\/v2\/product\/132175","targetHints":{"allow":["GET"]}}],"collection":[{"href":"https:\/\/lediamant.ch\/de\/wp-json\/wp\/v2\/product"}],"about":[{"href":"https:\/\/lediamant.ch\/de\/wp-json\/wp\/v2\/types\/product"}],"wp:featuredmedia":[{"embeddable":true,"href":"https:\/\/lediamant.ch\/de\/wp-json\/wp\/v2\/media\/132169"}],"wp:attachment":[{"href":"https:\/\/lediamant.ch\/de\/wp-json\/wp\/v2\/media?parent=132175"}],"wp:term":[{"taxonomy":"brand","embeddable":true,"href":"https:\/\/lediamant.ch\/de\/wp-json\/wp\/v2\/brand?post=132175"},{"taxonomy":"product_brand","embeddable":true,"href":"https:\/\/lediamant.ch\/de\/wp-json\/wp\/v2\/product_brand?post=132175"},{"taxonomy":"product_cat","embeddable":true,"href":"https:\/\/lediamant.ch\/de\/wp-json\/wp\/v2\/product_cat?post=132175"},{"taxonomy":"product_tag","embeddable":true,"href":"https:\/\/lediamant.ch\/de\/wp-json\/wp\/v2\/product_tag?post=132175"}],"curies":[{"name":"wp","href":"https:\/\/api.w.org\/{rel}","templated":true}]}}