{"id":132491,"date":"2020-03-16T18:47:12","date_gmt":"2020-03-16T17:47:12","guid":{"rendered":"https:\/\/lediamant.ch\/produit\/uhren-de\/tissot-de\/tissot-t-sport-de\/tissot-seastar-1000-automatik-de\/tissot-seastar-1000-powermatic-80-silicon\/"},"modified":"2020-03-16T18:47:12","modified_gmt":"2020-03-16T17:47:12","slug":"tissot-seastar-1000-powermatic-80-silicon","status":"publish","type":"product","link":"https:\/\/lediamant.ch\/de\/uhren\/132491-tissot-seastar-1000-powermatic-80-silicon\/","title":{"rendered":"Tissot Seastar 1000 Powermatic 80 Silicium"},"content":{"rendered":"<p>Die Tissot Seastar 1000 ist die ultimative \u00e4sthetische und technische Raffinesse in der Tauchausr\u00fcstung. Sie verk\u00f6rpert Stil und Leistung ohne Kompromisse. Sie ist dem Tauchen gewidmet und bietet einen sportlichen Look und Funktionen, die unter Wasser unverzichtbar sind. Sie ist bis zu einem Druck von 30 bar (300 m) absolut zuverl\u00e4ssig und der Beweis daf\u00fcr, dass eine Unterwassersportuhr und ein anspruchsvoller automatischer Zeitmesser in einem einzigen Objekt vereint werden k\u00f6nnen. Das Thema Tauchen ist allgegenw\u00e4rtig mit Elementen wie einer einseitig drehbaren Keramikl\u00fcnette, Leuchtzeigern und -indizes, einer verschraubten Krone und einem verschraubten Geh\u00e4useboden. Und schlie\u00dflich bietet die Kollektion Tissot Seastar 1000 eine Vielzahl von Wahlm\u00f6glichkeiten f\u00fcr das Armband: Kautschuk, Milanaise-Geflecht, Bi-Material oder Stahl mit Taucherschlie\u00dfe.<\/p>\n","protected":false},"excerpt":{"rendered":"<p>Die Tissot Seastar 1000 ist die ultimative \u00e4sthetische und technische Raffinesse in der Tauchausr\u00fcstung. Sie verk\u00f6rpert Stil und Leistung ohne Kompromisse. Sie ist dem Tauchen gewidmet und bietet einen sportlichen Look und Funktionen, die unter Wasser unverzichtbar sind. Sie ist bis zu einem Druck von 30 bar (300 m) absolut zuverl\u00e4ssig und der Beweis daf\u00fcr, &#8230; <a title=\"Tissot Seastar 1000 Powermatic 80 Silicium\" class=\"read-more\" href=\"https:\/\/lediamant.ch\/de\/uhren\/132491-tissot-seastar-1000-powermatic-80-silicon\/\" aria-label=\"Mehr Informationen \u00fcber Tissot Seastar 1000 Powermatic 80 Silicium\">Weiterlesen &#8230;<\/a><\/p>\n","protected":false},"featured_media":132485,"template":"","meta":{"_acf_changed":false,"_seopress_robots_primary_cat":"","_seopress_titles_title":"","_seopress_titles_desc":"","_seopress_robots_index":""},"brand":[27087],"product_brand":[],"product_cat":[27159,27441,27123],"product_tag":[],"class_list":{"0":"post-132491","1":"product","2":"type-product","3":"status-publish","4":"has-post-thumbnail","6":"brand-tissot-de","7":"product_cat-tissot-de","8":"product_cat-tissot-seastar","9":"product_cat-uhren","10":"pa_couleurduboitier-grau-de","11":"pa_couleurdubracelet-blau-de","12":"pa_couleurducadran-blau","13":"pa_dimensions-o-43-mm","14":"pa_etancheite-300m-de","15":"pa_forme-runden","16":"pa_garantie-24monate","17":"pa_genre-mann","18":"pa_matiere-stahl","19":"pa_matierebraceletmontre-textil-de","20":"pa_mouvement-automatik-de","21":"pa_swissmade-ja-de","22":"pa_typedemontre-sportuhren","23":"sales-flash-overlay","24":"woocommerce-text-align-center","25":"woocommerce-image-align-center","26":"do-quantity-buttons","28":"first","29":"instock","30":"taxable","31":"shipping-taxable","32":"purchasable","33":"product-type-simple"},"acf":[],"_links":{"self":[{"href":"https:\/\/lediamant.ch\/de\/wp-json\/wp\/v2\/product\/132491","targetHints":{"allow":["GET"]}}],"collection":[{"href":"https:\/\/lediamant.ch\/de\/wp-json\/wp\/v2\/product"}],"about":[{"href":"https:\/\/lediamant.ch\/de\/wp-json\/wp\/v2\/types\/product"}],"wp:featuredmedia":[{"embeddable":true,"href":"https:\/\/lediamant.ch\/de\/wp-json\/wp\/v2\/media\/132485"}],"wp:attachment":[{"href":"https:\/\/lediamant.ch\/de\/wp-json\/wp\/v2\/media?parent=132491"}],"wp:term":[{"taxonomy":"brand","embeddable":true,"href":"https:\/\/lediamant.ch\/de\/wp-json\/wp\/v2\/brand?post=132491"},{"taxonomy":"product_brand","embeddable":true,"href":"https:\/\/lediamant.ch\/de\/wp-json\/wp\/v2\/product_brand?post=132491"},{"taxonomy":"product_cat","embeddable":true,"href":"https:\/\/lediamant.ch\/de\/wp-json\/wp\/v2\/product_cat?post=132491"},{"taxonomy":"product_tag","embeddable":true,"href":"https:\/\/lediamant.ch\/de\/wp-json\/wp\/v2\/product_tag?post=132491"}],"curies":[{"name":"wp","href":"https:\/\/api.w.org\/{rel}","templated":true}]}}