{"id":132673,"date":"2020-03-16T18:49:51","date_gmt":"2020-03-16T17:49:51","guid":{"rendered":"https:\/\/lediamant.ch\/produit\/uhren-de\/tissot-de\/tissot-t-classic-de\/tissot-carson-de\/tissot-carson-premium-lady-2\/"},"modified":"2020-03-16T18:49:51","modified_gmt":"2020-03-16T17:49:51","slug":"tissot-carson-premium-lady-2","status":"publish","type":"product","link":"https:\/\/lediamant.ch\/de\/uhren\/132673-tissot-carson-premium-lady-2\/","title":{"rendered":"Tissot Carson Premium Lady"},"content":{"rendered":"<p>Die Tissot Carson, ein universelles Modell, das sich an jedes Wetter und jeden Ort anpasst, wird der ideale Partner sein, um Sie bei allen wichtigen Gelegenheiten Ihres Lebens zu begleiten, damit jeder Moment, den Sie erleben, p\u00fcnktlich ist. Ihr klassischer Stil sorgt daf\u00fcr, dass sie nie aus der Mode kommt, und verleiht ihr ein pr\u00e4chtiges Aussehen, das durch das anmutig gestaltete Zifferblatt und die schlanken, l\u00e4nglichen Zeiger, die sich je nach Zeit \u00fcber das Zifferblatt bewegen, noch unterstrichen wird.<\/p>\n","protected":false},"excerpt":{"rendered":"<p>Die Tissot Carson, ein universelles Modell, das sich an jedes Wetter und jeden Ort anpasst, wird der ideale Partner sein, um Sie bei allen wichtigen Gelegenheiten Ihres Lebens zu begleiten, damit jeder Moment, den Sie erleben, p\u00fcnktlich ist. Ihr klassischer Stil sorgt daf\u00fcr, dass sie nie aus der Mode kommt, und verleiht ihr ein pr\u00e4chtiges &#8230; <a title=\"Tissot Carson Premium Lady\" class=\"read-more\" href=\"https:\/\/lediamant.ch\/de\/uhren\/132673-tissot-carson-premium-lady-2\/\" aria-label=\"Mehr Informationen \u00fcber Tissot Carson Premium Lady\">Weiterlesen &#8230;<\/a><\/p>\n","protected":false},"featured_media":132666,"template":"","meta":{"_acf_changed":false,"_seopress_robots_primary_cat":"","_seopress_titles_title":"","_seopress_titles_desc":"","_seopress_robots_index":""},"brand":[27087],"product_brand":[],"product_cat":[27159,27501,27245,27123],"product_tag":[],"class_list":{"0":"post-132673","1":"product","2":"type-product","3":"status-publish","4":"has-post-thumbnail","6":"brand-tissot-de","7":"product_cat-tissot-de","8":"product_cat-tissot-carson","9":"product_cat-tissot-classic","10":"product_cat-uhren","11":"pa_couleurduboitier-grau-de","12":"pa_couleurdubracelet-schwarz-de","13":"pa_couleurducadran-silber","14":"pa_dimensions-o-30-mm","15":"pa_etancheite-50m-de","16":"pa_forme-runden","17":"pa_garantie-24monate","18":"pa_genre-frau","19":"pa_matiere-stahl","20":"pa_matierebraceletmontre-leder","21":"pa_mouvement-quarzbatterie-de","22":"pa_swissmade-ja-de","23":"sales-flash-overlay","24":"woocommerce-text-align-center","25":"woocommerce-image-align-center","26":"do-quantity-buttons","28":"first","29":"instock","30":"taxable","31":"shipping-taxable","32":"purchasable","33":"product-type-simple"},"acf":[],"_links":{"self":[{"href":"https:\/\/lediamant.ch\/de\/wp-json\/wp\/v2\/product\/132673","targetHints":{"allow":["GET"]}}],"collection":[{"href":"https:\/\/lediamant.ch\/de\/wp-json\/wp\/v2\/product"}],"about":[{"href":"https:\/\/lediamant.ch\/de\/wp-json\/wp\/v2\/types\/product"}],"wp:featuredmedia":[{"embeddable":true,"href":"https:\/\/lediamant.ch\/de\/wp-json\/wp\/v2\/media\/132666"}],"wp:attachment":[{"href":"https:\/\/lediamant.ch\/de\/wp-json\/wp\/v2\/media?parent=132673"}],"wp:term":[{"taxonomy":"brand","embeddable":true,"href":"https:\/\/lediamant.ch\/de\/wp-json\/wp\/v2\/brand?post=132673"},{"taxonomy":"product_brand","embeddable":true,"href":"https:\/\/lediamant.ch\/de\/wp-json\/wp\/v2\/product_brand?post=132673"},{"taxonomy":"product_cat","embeddable":true,"href":"https:\/\/lediamant.ch\/de\/wp-json\/wp\/v2\/product_cat?post=132673"},{"taxonomy":"product_tag","embeddable":true,"href":"https:\/\/lediamant.ch\/de\/wp-json\/wp\/v2\/product_tag?post=132673"}],"curies":[{"name":"wp","href":"https:\/\/api.w.org\/{rel}","templated":true}]}}