{"id":132723,"date":"2020-03-16T18:50:19","date_gmt":"2020-03-16T17:50:19","guid":{"rendered":"https:\/\/lediamant.ch\/produit\/uhren-de\/tissot-de\/tissot-t-classic-de\/tissot-carson-de\/tissot-carson-premium-powermatic-80-2\/"},"modified":"2025-05-15T18:30:27","modified_gmt":"2025-05-15T16:30:27","slug":"tissot-carson-premium-powermatic-80-2","status":"publish","type":"product","link":"https:\/\/lediamant.ch\/de\/uhren\/132723-tissot-carson-premium-powermatic-80-t1224071105100\/","title":{"rendered":"Tissot Carson Premium Powermatic 80"},"content":{"rendered":"<p>Die Tissot Carson, eine zeitlose Uhr, die sich jedem Moment und jeder Gelegenheit anpasst, wird der ideale Partner sein, um Sie bei jedem gro\u00dfen Ereignis in Ihrem Leben zu begleiten, damit jeder Moment p\u00fcnktlich ist. Ihr klassischer Stil verleiht ihr ein pr\u00e4chtiges Aussehen, das durch das elegante Zifferblatt und die feinen, l\u00e4nglichen Zeiger, die sich im Rhythmus der Zeit bewegen, unterstrichen wird.<\/p>\n","protected":false},"excerpt":{"rendered":"<p>Die Tissot Carson, eine zeitlose Uhr, die sich jedem Moment und jeder Gelegenheit anpasst, wird der ideale Partner sein, um Sie bei jedem gro\u00dfen Ereignis in Ihrem Leben zu begleiten, damit jeder Moment p\u00fcnktlich ist. Ihr klassischer Stil verleiht ihr ein pr\u00e4chtiges Aussehen, das durch das elegante Zifferblatt und die feinen, l\u00e4nglichen Zeiger, die sich &#8230; <a title=\"Tissot Carson Premium Powermatic 80\" class=\"read-more\" href=\"https:\/\/lediamant.ch\/de\/uhren\/132723-tissot-carson-premium-powermatic-80-t1224071105100\/\" aria-label=\"Mehr Informationen \u00fcber Tissot Carson Premium Powermatic 80\">Weiterlesen &#8230;<\/a><\/p>\n","protected":false},"featured_media":132715,"template":"","meta":{"_acf_changed":false,"_seopress_robots_primary_cat":"27159","_seopress_titles_title":"","_seopress_titles_desc":"Entdecken Sie die Tissot Carson, die ideale Uhr f\u00fcr jeden Anlass. Klassischer Stil, Eleganz und Pr\u00e4zision, um jeden wichtigen Moment zu markieren.","_seopress_robots_index":""},"brand":[27087],"product_brand":[],"product_cat":[27137,27159,27501,27245,27123],"product_tag":[],"class_list":{"0":"post-132723","1":"product","2":"type-product","3":"status-publish","4":"has-post-thumbnail","6":"brand-tissot-de","7":"product_cat-bracelet-ajustable-de","8":"product_cat-tissot-de","9":"product_cat-tissot-carson","10":"product_cat-tissot-classic","11":"product_cat-uhren","12":"pa_couleurduboitier-grau-de","13":"pa_couleurdubracelet-grau-de","14":"pa_couleurducadran-schwarz","15":"pa_dimensions-o-40-mm","16":"pa_etancheite-50m-de","17":"pa_forme-runden","18":"pa_garantie-24monate","19":"pa_genre-mann","20":"pa_matiere-stahl","21":"pa_matierebraceletmontre-edelstahl","22":"pa_mouvement-automatik-de","23":"pa_swissmade-ja-de","24":"pa_verre-saphir-de","25":"sales-flash-overlay","26":"woocommerce-text-align-center","27":"woocommerce-image-align-center","28":"do-quantity-buttons","30":"first","31":"outofstock","32":"taxable","33":"shipping-taxable","34":"purchasable","35":"product-type-simple"},"acf":[],"_links":{"self":[{"href":"https:\/\/lediamant.ch\/de\/wp-json\/wp\/v2\/product\/132723","targetHints":{"allow":["GET"]}}],"collection":[{"href":"https:\/\/lediamant.ch\/de\/wp-json\/wp\/v2\/product"}],"about":[{"href":"https:\/\/lediamant.ch\/de\/wp-json\/wp\/v2\/types\/product"}],"wp:featuredmedia":[{"embeddable":true,"href":"https:\/\/lediamant.ch\/de\/wp-json\/wp\/v2\/media\/132715"}],"wp:attachment":[{"href":"https:\/\/lediamant.ch\/de\/wp-json\/wp\/v2\/media?parent=132723"}],"wp:term":[{"taxonomy":"brand","embeddable":true,"href":"https:\/\/lediamant.ch\/de\/wp-json\/wp\/v2\/brand?post=132723"},{"taxonomy":"product_brand","embeddable":true,"href":"https:\/\/lediamant.ch\/de\/wp-json\/wp\/v2\/product_brand?post=132723"},{"taxonomy":"product_cat","embeddable":true,"href":"https:\/\/lediamant.ch\/de\/wp-json\/wp\/v2\/product_cat?post=132723"},{"taxonomy":"product_tag","embeddable":true,"href":"https:\/\/lediamant.ch\/de\/wp-json\/wp\/v2\/product_tag?post=132723"}],"curies":[{"name":"wp","href":"https:\/\/api.w.org\/{rel}","templated":true}]}}