{"id":132871,"date":"2020-03-16T18:52:07","date_gmt":"2020-03-16T17:52:07","guid":{"rendered":"https:\/\/lediamant.ch\/produit\/uhren-de\/tissot-de\/tissot-t-classic-de\/tissot-carson-de\/tissot-carson-premium-chronograph-4\/"},"modified":"2020-03-16T18:52:07","modified_gmt":"2020-03-16T17:52:07","slug":"tissot-carson-premium-chronograph-4","status":"publish","type":"product","link":"https:\/\/lediamant.ch\/de\/uhren\/132871-tissot-carson-premium-chronograph-4\/","title":{"rendered":"Tissot Carson Premium Chronograph"},"content":{"rendered":"<p>Die Tissot Carson, ein Zeitmesser, der sich jeder Zeit und jedem Ort anpasst, wird der ideale Partner sein, um Sie bei allen wichtigen Gelegenheiten Ihres Lebens zu begleiten, damit jeder Moment, den Sie erleben, p\u00fcnktlich ist. Ihr klassischer Stil sorgt daf\u00fcr, dass sie nie aus der Mode kommt, und verleiht ihr ein pr\u00e4chtiges Aussehen, das durch das anmutig gestaltete Zifferblatt und die schlanken, l\u00e4nglichen Zeiger, die sich mit der Zeit \u00fcber das Zifferblatt bewegen, noch unterstrichen wird.<\/p>\n","protected":false},"excerpt":{"rendered":"<p>Die Tissot Carson, ein Zeitmesser, der sich jeder Zeit und jedem Ort anpasst, wird der ideale Partner sein, um Sie bei allen wichtigen Gelegenheiten Ihres Lebens zu begleiten, damit jeder Moment, den Sie erleben, p\u00fcnktlich ist. Ihr klassischer Stil sorgt daf\u00fcr, dass sie nie aus der Mode kommt, und verleiht ihr ein pr\u00e4chtiges Aussehen, das &#8230; <a title=\"Tissot Carson Premium Chronograph\" class=\"read-more\" href=\"https:\/\/lediamant.ch\/de\/uhren\/132871-tissot-carson-premium-chronograph-4\/\" aria-label=\"Mehr Informationen \u00fcber Tissot Carson Premium Chronograph\">Weiterlesen &#8230;<\/a><\/p>\n","protected":false},"featured_media":132867,"template":"","meta":{"_acf_changed":false,"_seopress_robots_primary_cat":"","_seopress_titles_title":"","_seopress_titles_desc":"","_seopress_robots_index":""},"brand":[27087],"product_brand":[],"product_cat":[27133,27159,27501,27245,27123,27141],"product_tag":[],"class_list":{"0":"post-132871","1":"product","2":"type-product","3":"status-publish","4":"has-post-thumbnail","6":"brand-tissot-de","7":"product_cat-sale","8":"product_cat-tissot-de","9":"product_cat-tissot-carson","10":"product_cat-tissot-classic","11":"product_cat-uhren","12":"product_cat-uhren-sale","13":"pa_couleurduboitier-zweifarbig-de","14":"pa_couleurducadran-weiss","15":"pa_etancheite-50m-de","16":"pa_forme-runden","17":"pa_garantie-24monate","18":"pa_genre-mann","19":"pa_matiere-zweifarbigstahlrosegoldpvd","20":"pa_matierebraceletmontre-edelstahl","21":"pa_mouvement-quarzbatterie-de","22":"pa_swissmade-ja-de","23":"pa_typedemontre-chronograph-de","24":"sales-flash-overlay","25":"woocommerce-text-align-center","26":"woocommerce-image-align-center","27":"do-quantity-buttons","29":"first","30":"instock","31":"sale","32":"taxable","33":"shipping-taxable","34":"purchasable","35":"product-type-simple"},"acf":[],"_links":{"self":[{"href":"https:\/\/lediamant.ch\/de\/wp-json\/wp\/v2\/product\/132871","targetHints":{"allow":["GET"]}}],"collection":[{"href":"https:\/\/lediamant.ch\/de\/wp-json\/wp\/v2\/product"}],"about":[{"href":"https:\/\/lediamant.ch\/de\/wp-json\/wp\/v2\/types\/product"}],"wp:featuredmedia":[{"embeddable":true,"href":"https:\/\/lediamant.ch\/de\/wp-json\/wp\/v2\/media\/132867"}],"wp:attachment":[{"href":"https:\/\/lediamant.ch\/de\/wp-json\/wp\/v2\/media?parent=132871"}],"wp:term":[{"taxonomy":"brand","embeddable":true,"href":"https:\/\/lediamant.ch\/de\/wp-json\/wp\/v2\/brand?post=132871"},{"taxonomy":"product_brand","embeddable":true,"href":"https:\/\/lediamant.ch\/de\/wp-json\/wp\/v2\/product_brand?post=132871"},{"taxonomy":"product_cat","embeddable":true,"href":"https:\/\/lediamant.ch\/de\/wp-json\/wp\/v2\/product_cat?post=132871"},{"taxonomy":"product_tag","embeddable":true,"href":"https:\/\/lediamant.ch\/de\/wp-json\/wp\/v2\/product_tag?post=132871"}],"curies":[{"name":"wp","href":"https:\/\/api.w.org\/{rel}","templated":true}]}}