{"id":132963,"date":"2020-03-16T18:54:25","date_gmt":"2020-03-16T17:54:25","guid":{"rendered":"https:\/\/lediamant.ch\/produit\/uhren-de\/tissot-de\/tissot-t-classic-de\/tissot-gentleman-quartz-de\/tissot-gentleman-2\/"},"modified":"2020-03-16T18:54:25","modified_gmt":"2020-03-16T17:54:25","slug":"tissot-gentleman-2","status":"publish","type":"product","link":"https:\/\/lediamant.ch\/de\/uhren\/132963-tissot-gentleman-2\/","title":{"rendered":"Tissot Gentleman"},"content":{"rendered":"<p>Die Tissot Gentleman ist das perfekte Accessoire f\u00fcr den Alltag und setzt gleichzeitig ein stilvolles Statement. Die klassisch elegante Uhr kommt mit einem Geh\u00e4usedurchmesser von 40 mm und passt perfekt zu jeder Art von Stil. Die satinierten und polierten Zeiger sowie Indizes runden das elegante Aussehen der Tissot Gentleman mit Swiss Made Quartzwerk und kratzfestem Saphirglas ab. Dieses Modell hat ein 316L - Edelstahlgeh\u00e4use sowie ein massives 316l-Edelstahlarmband mit Butterflyfaltschlie\u00dfe mit Dr\u00fcckern sowie ein blaues Zifferblatt mit Datumsanzeige.<\/p>\n","protected":false},"excerpt":{"rendered":"<p>Die Tissot Gentleman ist das perfekte Accessoire f\u00fcr den Alltag und setzt gleichzeitig ein stilvolles Statement. Die klassisch elegante Uhr kommt mit einem Geh\u00e4usedurchmesser von 40 mm und passt perfekt zu jeder Art von Stil. Die satinierten und polierten Zeiger sowie Indizes runden das elegante Aussehen der Tissot Gentleman mit Swiss Made Quartzwerk und kratzfestem &#8230; <a title=\"Tissot Gentleman\" class=\"read-more\" href=\"https:\/\/lediamant.ch\/de\/uhren\/132963-tissot-gentleman-2\/\" aria-label=\"Mehr Informationen \u00fcber Tissot Gentleman\">Weiterlesen &#8230;<\/a><\/p>\n","protected":false},"featured_media":132947,"template":"","meta":{"_acf_changed":false,"_seopress_robots_primary_cat":"","_seopress_titles_title":"","_seopress_titles_desc":"","_seopress_robots_index":""},"brand":[27087],"product_brand":[],"product_cat":[27123,27159,27445,27137],"product_tag":[],"class_list":{"0":"post-132963","1":"product","2":"type-product","3":"status-publish","4":"has-post-thumbnail","6":"brand-tissot-de","7":"product_cat-uhren","8":"product_cat-tissot-de","9":"product_cat-tissot-gentleman","10":"product_cat-bracelet-ajustable-de","11":"pa_couleurduboitier-grau-de","12":"pa_couleurducadran-blau","13":"pa_dimensions-o-40-mm","14":"pa_etancheite-100m-de","15":"pa_forme-runden","16":"pa_garantie-24monate","17":"pa_genre-mann","18":"pa_matiere-stahl","19":"pa_matierebraceletmontre-edelstahl","20":"pa_mouvement-quarzbatterie-de","21":"pa_swissmade-ja-de","22":"sales-flash-overlay","23":"woocommerce-text-align-center","24":"woocommerce-image-align-center","25":"do-quantity-buttons","27":"first","28":"instock","29":"taxable","30":"shipping-taxable","31":"purchasable","32":"product-type-simple"},"acf":[],"_links":{"self":[{"href":"https:\/\/lediamant.ch\/de\/wp-json\/wp\/v2\/product\/132963","targetHints":{"allow":["GET"]}}],"collection":[{"href":"https:\/\/lediamant.ch\/de\/wp-json\/wp\/v2\/product"}],"about":[{"href":"https:\/\/lediamant.ch\/de\/wp-json\/wp\/v2\/types\/product"}],"wp:featuredmedia":[{"embeddable":true,"href":"https:\/\/lediamant.ch\/de\/wp-json\/wp\/v2\/media\/132947"}],"wp:attachment":[{"href":"https:\/\/lediamant.ch\/de\/wp-json\/wp\/v2\/media?parent=132963"}],"wp:term":[{"taxonomy":"brand","embeddable":true,"href":"https:\/\/lediamant.ch\/de\/wp-json\/wp\/v2\/brand?post=132963"},{"taxonomy":"product_brand","embeddable":true,"href":"https:\/\/lediamant.ch\/de\/wp-json\/wp\/v2\/product_brand?post=132963"},{"taxonomy":"product_cat","embeddable":true,"href":"https:\/\/lediamant.ch\/de\/wp-json\/wp\/v2\/product_cat?post=132963"},{"taxonomy":"product_tag","embeddable":true,"href":"https:\/\/lediamant.ch\/de\/wp-json\/wp\/v2\/product_tag?post=132963"}],"curies":[{"name":"wp","href":"https:\/\/api.w.org\/{rel}","templated":true}]}}