{"id":133089,"date":"2020-03-16T18:57:14","date_gmt":"2020-03-16T17:57:14","guid":{"rendered":"https:\/\/lediamant.ch\/produit\/uhren-de\/tissot-de\/tissot-t-classic-de\/tissot-le-locle-automatik-de\/tissot-le-locle-automatische-dame-2\/"},"modified":"2020-03-16T18:57:14","modified_gmt":"2020-03-16T17:57:14","slug":"tissot-le-locle-automatische-dame-2","status":"publish","type":"product","link":"https:\/\/lediamant.ch\/de\/uhren\/133089-tissot-le-locle-automatische-dame-2\/","title":{"rendered":"Tissot Le Locle Automatic Lady"},"content":{"rendered":"<p>Die Tissot Le Locle Automatic verk\u00f6rpert die Handwerkstradition von Tissot. Benannt nach der Heimatstadt der Marke im Schweizer Juragebirge, passt diese Uhr perfekt zu Damen, die zeitlose Eleganz und Schweizer Uhrmachertradition suchen. Zu den Merkmalen dieser Uhr geh\u00f6ren ein Swiss Made Automatikwerk, ein kratzfestes Saphirglas, ein 316L - Edelstahlgeh\u00e4use sowie eine Datums-Anzeige. Dieses klassische Modell aus der Le Locle Automatik Kollektion hat ein silberfarbenes Zifferblatt mit r\u00f6mischen Ziffern sowie ein massives 316L - Edelstahlarmband mit Butterfly-Faltschlie\u00dfe und Dr\u00fcckern.<\/p>\n","protected":false},"excerpt":{"rendered":"<p>Die Tissot Le Locle Automatic verk\u00f6rpert die Handwerkstradition von Tissot. Benannt nach der Heimatstadt der Marke im Schweizer Juragebirge, passt diese Uhr perfekt zu Damen, die zeitlose Eleganz und Schweizer Uhrmachertradition suchen. Zu den Merkmalen dieser Uhr geh\u00f6ren ein Swiss Made Automatikwerk, ein kratzfestes Saphirglas, ein 316L - Edelstahlgeh\u00e4use sowie eine Datums-Anzeige. Dieses klassische Modell &#8230; <a title=\"Tissot Le Locle Automatic Lady\" class=\"read-more\" href=\"https:\/\/lediamant.ch\/de\/uhren\/133089-tissot-le-locle-automatische-dame-2\/\" aria-label=\"Mehr Informationen \u00fcber Tissot Le Locle Automatic Lady\">Weiterlesen &#8230;<\/a><\/p>\n","protected":false},"featured_media":133078,"template":"","meta":{"_acf_changed":false,"_seopress_robots_primary_cat":"","_seopress_titles_title":"","_seopress_titles_desc":"","_seopress_robots_index":""},"brand":[27087],"product_brand":[],"product_cat":[27137,27159,27245,27473,27123],"product_tag":[],"class_list":{"0":"post-133089","1":"product","2":"type-product","3":"status-publish","4":"has-post-thumbnail","6":"brand-tissot-de","7":"product_cat-bracelet-ajustable-de","8":"product_cat-tissot-de","9":"product_cat-tissot-classic","10":"product_cat-tissot-le-locle","11":"product_cat-uhren","12":"pa_couleurduboitier-grau-de","13":"pa_couleurducadran-silber","14":"pa_dimensions-o-25-3-mm","15":"pa_etancheite-30m-de","16":"pa_forme-runden","17":"pa_garantie-24monate","18":"pa_genre-frau","19":"pa_matiere-stahl","20":"pa_matierebraceletmontre-edelstahl","21":"pa_mouvement-automatik-de","22":"pa_swissmade-ja-de","23":"sales-flash-overlay","24":"woocommerce-text-align-center","25":"woocommerce-image-align-center","26":"do-quantity-buttons","28":"first","29":"instock","30":"taxable","31":"shipping-taxable","32":"purchasable","33":"product-type-simple"},"acf":[],"_links":{"self":[{"href":"https:\/\/lediamant.ch\/de\/wp-json\/wp\/v2\/product\/133089","targetHints":{"allow":["GET"]}}],"collection":[{"href":"https:\/\/lediamant.ch\/de\/wp-json\/wp\/v2\/product"}],"about":[{"href":"https:\/\/lediamant.ch\/de\/wp-json\/wp\/v2\/types\/product"}],"wp:featuredmedia":[{"embeddable":true,"href":"https:\/\/lediamant.ch\/de\/wp-json\/wp\/v2\/media\/133078"}],"wp:attachment":[{"href":"https:\/\/lediamant.ch\/de\/wp-json\/wp\/v2\/media?parent=133089"}],"wp:term":[{"taxonomy":"brand","embeddable":true,"href":"https:\/\/lediamant.ch\/de\/wp-json\/wp\/v2\/brand?post=133089"},{"taxonomy":"product_brand","embeddable":true,"href":"https:\/\/lediamant.ch\/de\/wp-json\/wp\/v2\/product_brand?post=133089"},{"taxonomy":"product_cat","embeddable":true,"href":"https:\/\/lediamant.ch\/de\/wp-json\/wp\/v2\/product_cat?post=133089"},{"taxonomy":"product_tag","embeddable":true,"href":"https:\/\/lediamant.ch\/de\/wp-json\/wp\/v2\/product_tag?post=133089"}],"curies":[{"name":"wp","href":"https:\/\/api.w.org\/{rel}","templated":true}]}}