{"id":133195,"date":"2020-03-16T19:09:28","date_gmt":"2020-03-16T18:09:28","guid":{"rendered":"https:\/\/lediamant.ch\/produit\/uhren-de\/tissot-de\/tissot-t-pocket-de\/tissot-infirmieres-de\/tissot-anhanger-krankenschwester\/"},"modified":"2020-03-16T19:09:28","modified_gmt":"2020-03-16T18:09:28","slug":"tissot-anhanger-krankenschwester","status":"publish","type":"product","link":"https:\/\/lediamant.ch\/de\/uhren\/133195-tissot-anhanger-krankenschwester\/","title":{"rendered":"Tissot Pendants, Krankenschwester Uhr"},"content":{"rendered":"<p>Die Tissot Pendants Infirmiere kombiniert Uhrenfachwissen mit innovativer Gestaltung. Diese modernen Uhren sind die perfekten Schmuck-Accessoires f\u00fcr die modische Frau. Sie sind einer Vielzahl von Designs erh\u00e4ltlich, die zu Ihrem ganz pers\u00f6nlichen Stil passen. Dieses Modell hat ein Swiss Made Quartzwerk mit Batterie-Endanzeige sowie Hesalitglas (Plexiglas) und wird mit einer passenden, kurzen Kette verschickt. Diese Uhr hat ein 316L-Edelgeh\u00e4use mit rosegoldfarbener PVD-Beschichtung und ein gr\u00fcnes Zifferblatt mit arabischen Ziffern und Datumsanzeige.<\/p>\n","protected":false},"excerpt":{"rendered":"<p>Die Tissot Pendants Infirmiere kombiniert Uhrenfachwissen mit innovativer Gestaltung. Diese modernen Uhren sind die perfekten Schmuck-Accessoires f\u00fcr die modische Frau. Sie sind einer Vielzahl von Designs erh\u00e4ltlich, die zu Ihrem ganz pers\u00f6nlichen Stil passen. Dieses Modell hat ein Swiss Made Quartzwerk mit Batterie-Endanzeige sowie Hesalitglas (Plexiglas) und wird mit einer passenden, kurzen Kette verschickt. Diese &#8230; <a title=\"Tissot Pendants, Krankenschwester Uhr\" class=\"read-more\" href=\"https:\/\/lediamant.ch\/de\/uhren\/133195-tissot-anhanger-krankenschwester\/\" aria-label=\"Mehr Informationen \u00fcber Tissot Pendants, Krankenschwester Uhr\">Weiterlesen &#8230;<\/a><\/p>\n","protected":false},"featured_media":133192,"template":"","meta":{"_acf_changed":false,"_seopress_robots_primary_cat":"","_seopress_titles_title":"","_seopress_titles_desc":"","_seopress_robots_index":""},"brand":[27087],"product_brand":[],"product_cat":[27397,27159,27335,27123],"product_tag":[],"class_list":{"0":"post-133195","1":"product","2":"type-product","3":"status-publish","4":"has-post-thumbnail","6":"brand-tissot-de","7":"product_cat-tissot-schwesternuhren","8":"product_cat-tissot-de","9":"product_cat-tissot-taschenuhren","10":"product_cat-uhren","11":"pa_couleurduboitier-pinkrosa-de","12":"pa_couleurducadran-beige-de","13":"pa_dimensions-o-30-1-mm","14":"pa_forme-runden","15":"pa_garantie-24monate","16":"pa_genre-frau","17":"pa_matiere-rosegoldpvd","18":"pa_mouvement-quarzbatterie-de","19":"pa_swissmade-ja-de","20":"sales-flash-overlay","21":"woocommerce-text-align-center","22":"woocommerce-image-align-center","23":"do-quantity-buttons","25":"first","26":"instock","27":"taxable","28":"shipping-taxable","29":"purchasable","30":"product-type-simple"},"acf":[],"_links":{"self":[{"href":"https:\/\/lediamant.ch\/de\/wp-json\/wp\/v2\/product\/133195","targetHints":{"allow":["GET"]}}],"collection":[{"href":"https:\/\/lediamant.ch\/de\/wp-json\/wp\/v2\/product"}],"about":[{"href":"https:\/\/lediamant.ch\/de\/wp-json\/wp\/v2\/types\/product"}],"wp:featuredmedia":[{"embeddable":true,"href":"https:\/\/lediamant.ch\/de\/wp-json\/wp\/v2\/media\/133192"}],"wp:attachment":[{"href":"https:\/\/lediamant.ch\/de\/wp-json\/wp\/v2\/media?parent=133195"}],"wp:term":[{"taxonomy":"brand","embeddable":true,"href":"https:\/\/lediamant.ch\/de\/wp-json\/wp\/v2\/brand?post=133195"},{"taxonomy":"product_brand","embeddable":true,"href":"https:\/\/lediamant.ch\/de\/wp-json\/wp\/v2\/product_brand?post=133195"},{"taxonomy":"product_cat","embeddable":true,"href":"https:\/\/lediamant.ch\/de\/wp-json\/wp\/v2\/product_cat?post=133195"},{"taxonomy":"product_tag","embeddable":true,"href":"https:\/\/lediamant.ch\/de\/wp-json\/wp\/v2\/product_tag?post=133195"}],"curies":[{"name":"wp","href":"https:\/\/api.w.org\/{rel}","templated":true}]}}