{"id":133205,"date":"2020-03-16T19:10:49","date_gmt":"2020-03-16T18:10:49","guid":{"rendered":"https:\/\/lediamant.ch\/produit\/uhren-de\/tissot-de\/tissot-t-pocket-de\/tissot-lepine-de\/tissot-lepine\/"},"modified":"2023-10-12T14:40:58","modified_gmt":"2023-10-12T12:40:58","slug":"tissot-lepine","status":"publish","type":"product","link":"https:\/\/lediamant.ch\/de\/uhren\/133205-tissot-lepine\/","title":{"rendered":"Tissot Lepine"},"content":{"rendered":"<p>Die Tissot Lepine Quartz Taschenuhren kombinieren Geschichte und Tradition mit modernem Fachwissen. Diese Kollektion bietet den Look einer klassischen runden Taschenuhr mit wundersch\u00f6nem Zifferblatt-Design f\u00fcr Ihren pers\u00f6nlichen Geschmack. Diese Uhren haben ein Swiss Made Quartzwerk mit Batterie-Endanzeige sowie Mineralglas und werden mit passender Kette geliefert. Dieses Modell hat ein verchromtes Messinggeh\u00e4use sowie eine Datumsanzeige und ein wei\u00dfes Zifferblatt mit arabischen Ziffern.<\/p>\n","protected":false},"excerpt":{"rendered":"<p>Die Tissot Lepine Quartz Taschenuhren kombinieren Geschichte und Tradition mit modernem Fachwissen. Diese Kollektion bietet den Look einer klassischen runden Taschenuhr mit wundersch\u00f6nem Zifferblatt-Design f\u00fcr Ihren pers\u00f6nlichen Geschmack. Diese Uhren haben ein Swiss Made Quartzwerk mit Batterie-Endanzeige sowie Mineralglas und werden mit passender Kette geliefert. Dieses Modell hat ein verchromtes Messinggeh\u00e4use sowie eine Datumsanzeige und &#8230; <a title=\"Tissot Lepine\" class=\"read-more\" href=\"https:\/\/lediamant.ch\/de\/uhren\/133205-tissot-lepine\/\" aria-label=\"Mehr Informationen \u00fcber Tissot Lepine\">Weiterlesen &#8230;<\/a><\/p>\n","protected":false},"featured_media":133201,"template":"","meta":{"_acf_changed":false,"_seopress_robots_primary_cat":"","_seopress_titles_title":"","_seopress_titles_desc":"","_seopress_robots_index":""},"brand":[27087],"product_brand":[],"product_cat":[27159,27457,27335,27123],"product_tag":[],"class_list":{"0":"post-133205","1":"product","2":"type-product","3":"status-publish","4":"has-post-thumbnail","6":"brand-tissot-de","7":"product_cat-tissot-de","8":"product_cat-tissot-lepine","9":"product_cat-tissot-taschenuhren","10":"product_cat-uhren","11":"pa_couleurduboitier-grau-de","12":"pa_couleurducadran-weiss","13":"pa_dimensions-o-49-mm","14":"pa_forme-runden","15":"pa_garantie-24monate","16":"pa_genre-mann","17":"pa_matiere-stahl","18":"pa_mouvement-quarzbatterie-de","19":"pa_swissmade-ja-de","20":"pa_typedemontre-taschenuhren","21":"sales-flash-overlay","22":"woocommerce-text-align-center","23":"woocommerce-image-align-center","24":"do-quantity-buttons","26":"first","27":"instock","28":"taxable","29":"shipping-taxable","30":"purchasable","31":"product-type-simple"},"acf":[],"_links":{"self":[{"href":"https:\/\/lediamant.ch\/de\/wp-json\/wp\/v2\/product\/133205","targetHints":{"allow":["GET"]}}],"collection":[{"href":"https:\/\/lediamant.ch\/de\/wp-json\/wp\/v2\/product"}],"about":[{"href":"https:\/\/lediamant.ch\/de\/wp-json\/wp\/v2\/types\/product"}],"wp:featuredmedia":[{"embeddable":true,"href":"https:\/\/lediamant.ch\/de\/wp-json\/wp\/v2\/media\/133201"}],"wp:attachment":[{"href":"https:\/\/lediamant.ch\/de\/wp-json\/wp\/v2\/media?parent=133205"}],"wp:term":[{"taxonomy":"brand","embeddable":true,"href":"https:\/\/lediamant.ch\/de\/wp-json\/wp\/v2\/brand?post=133205"},{"taxonomy":"product_brand","embeddable":true,"href":"https:\/\/lediamant.ch\/de\/wp-json\/wp\/v2\/product_brand?post=133205"},{"taxonomy":"product_cat","embeddable":true,"href":"https:\/\/lediamant.ch\/de\/wp-json\/wp\/v2\/product_cat?post=133205"},{"taxonomy":"product_tag","embeddable":true,"href":"https:\/\/lediamant.ch\/de\/wp-json\/wp\/v2\/product_tag?post=133205"}],"curies":[{"name":"wp","href":"https:\/\/api.w.org\/{rel}","templated":true}]}}