{"id":133235,"date":"2020-03-16T19:12:24","date_gmt":"2020-03-16T18:12:24","guid":{"rendered":"https:\/\/lediamant.ch\/produit\/uhren-de\/tissot-de\/tissot-t-pocket-de\/tissot-savonnette-de\/tissot-mechanische-seife-2\/"},"modified":"2020-03-16T19:12:24","modified_gmt":"2020-03-16T18:12:24","slug":"tissot-mechanische-seife-2","status":"publish","type":"product","link":"https:\/\/lediamant.ch\/de\/uhren\/133235-tissot-mechanische-seife-2\/","title":{"rendered":"Tissot Savonnette Mechanical"},"content":{"rendered":"<p>Die Tissot Savonette Mechanical Kollektion besteht aus glanzvollen Taschenuhren, die das handwerkliche K\u00f6nnen vergangener Tage mit einem Hauch Nostalgie widerspiegeln. Diese Uhren mit Swiss Made Mechanikwerk tragen das historische Logo der Marke und erinnern an die eindr\u00fcckliche Geschichte und Tradition der Uhrmacherkunst, zu der auch Tissot beigetragen hat. Dieses Modell mit Messinggeh\u00e4use mit Palladiumbeschichtung und Mineralglas wird mit passender Kette geliefert und hat ein wei\u00dfes Zifferblatt mit r\u00f6mischen Ziffern.<\/p>\n","protected":false},"excerpt":{"rendered":"<p>Die Tissot Savonette Mechanical Kollektion besteht aus glanzvollen Taschenuhren, die das handwerkliche K\u00f6nnen vergangener Tage mit einem Hauch Nostalgie widerspiegeln. Diese Uhren mit Swiss Made Mechanikwerk tragen das historische Logo der Marke und erinnern an die eindr\u00fcckliche Geschichte und Tradition der Uhrmacherkunst, zu der auch Tissot beigetragen hat. Dieses Modell mit Messinggeh\u00e4use mit Palladiumbeschichtung und &#8230; <a title=\"Tissot Savonnette Mechanical\" class=\"read-more\" href=\"https:\/\/lediamant.ch\/de\/uhren\/133235-tissot-mechanische-seife-2\/\" aria-label=\"Mehr Informationen \u00fcber Tissot Savonnette Mechanical\">Weiterlesen &#8230;<\/a><\/p>\n","protected":false},"featured_media":133230,"template":"","meta":{"_acf_changed":false,"_seopress_robots_primary_cat":"","_seopress_titles_title":"","_seopress_titles_desc":"","_seopress_robots_index":""},"brand":[27087],"product_brand":[],"product_cat":[27159,27439,27335,27123],"product_tag":[],"class_list":{"0":"post-133235","1":"product","2":"type-product","3":"status-publish","4":"has-post-thumbnail","6":"brand-tissot-de","7":"product_cat-tissot-de","8":"product_cat-tissot-savonnette","9":"product_cat-tissot-taschenuhren","10":"product_cat-uhren","11":"pa_couleurducadran-weiss","12":"pa_dimensions-o-49-55-mm","13":"pa_forme-runden","14":"pa_garantie-24monate","15":"pa_genre-mann","16":"pa_swissmade-ja-de","17":"pa_typedemontre-taschenuhren","18":"sales-flash-overlay","19":"woocommerce-text-align-center","20":"woocommerce-image-align-center","21":"do-quantity-buttons","23":"first","24":"instock","25":"taxable","26":"shipping-taxable","27":"purchasable","28":"product-type-simple"},"acf":[],"_links":{"self":[{"href":"https:\/\/lediamant.ch\/de\/wp-json\/wp\/v2\/product\/133235","targetHints":{"allow":["GET"]}}],"collection":[{"href":"https:\/\/lediamant.ch\/de\/wp-json\/wp\/v2\/product"}],"about":[{"href":"https:\/\/lediamant.ch\/de\/wp-json\/wp\/v2\/types\/product"}],"wp:featuredmedia":[{"embeddable":true,"href":"https:\/\/lediamant.ch\/de\/wp-json\/wp\/v2\/media\/133230"}],"wp:attachment":[{"href":"https:\/\/lediamant.ch\/de\/wp-json\/wp\/v2\/media?parent=133235"}],"wp:term":[{"taxonomy":"brand","embeddable":true,"href":"https:\/\/lediamant.ch\/de\/wp-json\/wp\/v2\/brand?post=133235"},{"taxonomy":"product_brand","embeddable":true,"href":"https:\/\/lediamant.ch\/de\/wp-json\/wp\/v2\/product_brand?post=133235"},{"taxonomy":"product_cat","embeddable":true,"href":"https:\/\/lediamant.ch\/de\/wp-json\/wp\/v2\/product_cat?post=133235"},{"taxonomy":"product_tag","embeddable":true,"href":"https:\/\/lediamant.ch\/de\/wp-json\/wp\/v2\/product_tag?post=133235"}],"curies":[{"name":"wp","href":"https:\/\/api.w.org\/{rel}","templated":true}]}}